{"id":25343,"date":"2023-01-18T22:30:52","date_gmt":"2023-01-18T21:30:52","guid":{"rendered":"https:\/\/wiktorklyk.com\/home\/"},"modified":"2026-03-29T20:54:50","modified_gmt":"2026-03-29T18:54:50","slug":"projects","status":"publish","type":"page","link":"https:\/\/wiktorklyk.com\/en\/","title":{"rendered":"Home"},"content":{"rendered":"\t\t<div data-elementor-type=\"wp-page\" data-elementor-id=\"25343\" class=\"elementor elementor-25343 elementor-4110\" data-elementor-settings=\"{&quot;ha_cmc_init_switcher&quot;:&quot;no&quot;}\" data-elementor-post-type=\"page\">\n\t\t\t\t<div class=\"elementor-element elementor-element-9588865 e-con-full  u-px--page  u-py-4-4 e-flex e-con e-parent\" data-id=\"9588865\" data-element_type=\"container\" data-e-type=\"container\" id=\"scroll-top-target\" data-settings=\"{&quot;background_background&quot;:&quot;classic&quot;,&quot;_ha_eqh_enable&quot;:false}\">\n\t\t<div class=\"elementor-element elementor-element-8fd7903 e-con-full e-flex e-con e-child\" data-id=\"8fd7903\" data-element_type=\"container\" data-e-type=\"container\" data-settings=\"{&quot;animation&quot;:&quot;none&quot;,&quot;animation_delay&quot;:350,&quot;_ha_eqh_enable&quot;:false}\">\n\t\t\t\t<div class=\"elementor-element elementor-element-3915254 elementor-widget elementor-widget-image\" data-id=\"3915254\" data-element_type=\"widget\" data-e-type=\"widget\" data-settings=\"{&quot;_animation_widescreen&quot;:&quot;fadeIn&quot;,&quot;_animation&quot;:&quot;none&quot;}\" data-widget_type=\"image.default\">\n\t\t\t\t<div class=\"elementor-widget-container\">\n\t\t\t\t\t\t\t\t\t\t\t\t\t\t\t<img decoding=\"async\" src=\"https:\/\/wiktorklyk.com\/wp-content\/uploads\/2024\/08\/klyk-logo-1.svg\" class=\"attachment-full size-full wp-image-23917\" alt=\"\" loading=\"eager\" \/>\t\t\t\t\t\t\t\t\t\t\t\t\t\t\t<\/div>\n\t\t\t\t<\/div>\n\t\t\t\t<\/div>\n\t\t\t\t<\/div>\n\t\t<div class=\"elementor-element elementor-element-1c4445a e-con-full   u-px--page u-pb-2-2 animated-slow e-flex e-con e-parent\" data-id=\"1c4445a\" data-element_type=\"container\" data-e-type=\"container\" data-settings=\"{&quot;background_background&quot;:&quot;classic&quot;,&quot;animation&quot;:&quot;none&quot;,&quot;_ha_eqh_enable&quot;:false}\">\n\t\t<div class=\"elementor-element elementor-element-648ef53 e-con-full elementor-hidden-mobile_extra elementor-hidden-mobile e-flex e-con e-child\" data-id=\"648ef53\" data-element_type=\"container\" data-e-type=\"container\" data-settings=\"{&quot;_ha_eqh_enable&quot;:false}\">\n\t\t\t\t<\/div>\n\t\t<div class=\"elementor-element elementor-element-1c70d55 e-con-full elementor-hidden-mobile_extra elementor-hidden-mobile e-flex e-con e-child\" data-id=\"1c70d55\" data-element_type=\"container\" data-e-type=\"container\" data-settings=\"{&quot;_ha_eqh_enable&quot;:false}\">\n\t\t\t\t<\/div>\n\t\t<div class=\"elementor-element elementor-element-a1f141e e-con-full u-pl-0-1 e-flex e-con e-child\" data-id=\"a1f141e\" data-element_type=\"container\" data-e-type=\"container\" data-settings=\"{&quot;_ha_eqh_enable&quot;:false}\">\n\t\t\t\t<div class=\"elementor-element elementor-element-91a9980 u-pb-2-2 u-pt-0--heading   fx-splittext-line elementor-widget elementor-widget-heading\" data-id=\"91a9980\" data-element_type=\"widget\" data-e-type=\"widget\" data-widget_type=\"heading.default\">\n\t\t\t\t<div class=\"elementor-widget-container\">\n\t\t\t\t\t<p class=\"elementor-heading-title elementor-size-medium\">A new standard<br>of modern gardens<\/p>\t\t\t\t<\/div>\n\t\t\t\t<\/div>\n\t\t\t\t<div class=\"elementor-element elementor-element-fb56dfa fx-splittext-line elementor-widget elementor-widget-shortcode\" data-id=\"fb56dfa\" data-element_type=\"widget\" data-e-type=\"widget\" data-widget_type=\"shortcode.default\">\n\t\t\t\t<div class=\"elementor-widget-container\">\n\t\t\t\t\t\t\t<div class=\"elementor-shortcode\">\n<div role=\"navigation\" aria-label=\"Language Switcher\" class=\"wpml-ls-statics-shortcode_actions wpml-ls wpml-ls-legacy-list-horizontal\">\n\t<ul><li class=\"wpml-ls-slot-shortcode_actions wpml-ls-item wpml-ls-item-pl wpml-ls-first-item wpml-ls-item-legacy-list-horizontal\">\n\t\t\t\t<a href=\"https:\/\/wiktorklyk.com\/pl\/\" hreflang=\"pl\" lang=\"pl\" class=\"wpml-ls-link\" aria-label=\"Switch to Polski\" title=\"Switch to Polski\">\n\t\t\t\t\t<span class=\"wpml-ls-native\">Polski<\/span><\/a>\n\t\t\t<\/li><li class=\"wpml-ls-slot-shortcode_actions wpml-ls-item wpml-ls-item-en wpml-ls-current-language wpml-ls-last-item wpml-ls-item-legacy-list-horizontal\">\n\t\t\t\t<a href=\"https:\/\/wiktorklyk.com\/en\/\" hreflang=\"en\" lang=\"en\" class=\"wpml-ls-link\" aria-current=\"page\" aria-label=\"Switch to English\" title=\"Switch to English\">\n\t\t\t\t\t<span class=\"wpml-ls-native\">English<\/span><\/a>\n\t\t\t<\/li><\/ul>\n<\/div>\n<\/div>\n\t\t\t\t\t\t<\/div>\n\t\t\t\t<\/div>\n\t\t\t\t<div class=\"elementor-element elementor-element-277850c  u-pt-0--heading   fx-splittext-line elementor-widget elementor-widget-heading\" data-id=\"277850c\" data-element_type=\"widget\" data-e-type=\"widget\" data-widget_type=\"heading.default\">\n\t\t\t\t<div class=\"elementor-widget-container\">\n\t\t\t\t\t<p class=\"elementor-heading-title elementor-size-medium\"><a href=\"#duzeogrody\">Large Gardens<\/a><\/p>\t\t\t\t<\/div>\n\t\t\t\t<\/div>\n\t\t\t\t<div class=\"elementor-element elementor-element-01820d5  u-pt-0--heading   fx-splittext-line elementor-widget elementor-widget-heading\" data-id=\"01820d5\" data-element_type=\"widget\" data-e-type=\"widget\" data-widget_type=\"heading.default\">\n\t\t\t\t<div class=\"elementor-widget-container\">\n\t\t\t\t\t<p class=\"elementor-heading-title elementor-size-medium\"><a href=\"#maleogrody\">Small Gardens<\/a><\/p>\t\t\t\t<\/div>\n\t\t\t\t<\/div>\n\t\t\t\t<div class=\"elementor-element elementor-element-45e3e80  u-pt-0--heading   fx-splittext-line elementor-widget elementor-widget-heading\" data-id=\"45e3e80\" data-element_type=\"widget\" data-e-type=\"widget\" data-widget_type=\"heading.default\">\n\t\t\t\t<div class=\"elementor-widget-container\">\n\t\t\t\t\t<p class=\"elementor-heading-title elementor-size-medium\"><a href=\"https:\/\/wiktorklyk.com\/pl\/biuro\/\">Office<\/a><\/p>\t\t\t\t<\/div>\n\t\t\t\t<\/div>\n\t\t\t\t<div class=\"elementor-element elementor-element-71639f9  u-pt-0--heading   fx-splittext-line elementor-widget elementor-widget-heading\" data-id=\"71639f9\" data-element_type=\"widget\" data-e-type=\"widget\" data-widget_type=\"heading.default\">\n\t\t\t\t<div class=\"elementor-widget-container\">\n\t\t\t\t\t<p class=\"elementor-heading-title elementor-size-medium\"><a href=\"#elementor-action%3Aaction%3Dpopup%3Aopen%26settings%3DeyJpZCI6MjU0OTUsInRvZ2dsZSI6ZmFsc2V9\">Contact<\/a><\/p>\t\t\t\t<\/div>\n\t\t\t\t<\/div>\n\t\t\t\t<div class=\"elementor-element elementor-element-e71cd10  u-pt-0--heading   fx-splittext-line elementor-widget elementor-widget-heading\" data-id=\"e71cd10\" data-element_type=\"widget\" data-e-type=\"widget\" data-widget_type=\"heading.default\">\n\t\t\t\t<div class=\"elementor-widget-container\">\n\t\t\t\t\t<p class=\"elementor-heading-title elementor-size-medium\"><a href=\"https:\/\/wiktorklyk.com\/pl\/zapytanie-projektowe\/\">Zapytanie<\/a><\/p>\t\t\t\t<\/div>\n\t\t\t\t<\/div>\n\t\t\t\t<\/div>\n\t\t<div class=\"elementor-element elementor-element-6956790 e-con-full e-flex e-con e-child\" data-id=\"6956790\" data-element_type=\"container\" data-e-type=\"container\" data-settings=\"{&quot;_ha_eqh_enable&quot;:false}\">\n\t\t\t\t<\/div>\n\t\t\t\t<\/div>\n\t\t<div class=\"elementor-element elementor-element-b276961 e-con-full u-px--page u-pt-5-5  u-pb-2-2 e-flex e-con e-parent\" data-id=\"b276961\" data-element_type=\"container\" data-e-type=\"container\" data-settings=\"{&quot;_ha_eqh_enable&quot;:false}\">\n\t\t<div class=\"elementor-element elementor-element-99d94e1 e-con-full e-flex e-con e-child\" data-id=\"99d94e1\" data-element_type=\"container\" data-e-type=\"container\" data-settings=\"{&quot;_ha_eqh_enable&quot;:false}\">\n\t\t\t\t<div class=\"elementor-element elementor-element-577a2ec  u-pt-0-1 u-pb-3-3  fx-splittext-line   elementor-widget elementor-widget-heading\" data-id=\"577a2ec\" data-element_type=\"widget\" data-e-type=\"widget\" data-widget_type=\"heading.default\">\n\t\t\t\t<div class=\"elementor-widget-container\">\n\t\t\t\t\t<p class=\"elementor-heading-title elementor-size-xxl\">We design emotions<\/p>\t\t\t\t<\/div>\n\t\t\t\t<\/div>\n\t\t\t\t<\/div>\n\t\t\t\t<\/div>\n\t\t<div class=\"elementor-element elementor-element-e9ea326 e-con-full  u-px--page c-project-section e-flex e-con e-parent\" data-id=\"e9ea326\" data-element_type=\"container\" data-e-type=\"container\" data-settings=\"{&quot;_ha_eqh_enable&quot;:false}\">\n\t\t\t\t<div class=\"elementor-element elementor-element-45e5b58 elementor-hidden-tablet elementor-hidden-mobile_extra elementor-hidden-mobile elementor-widget elementor-widget-video\" data-id=\"45e5b58\" data-element_type=\"widget\" data-e-type=\"widget\" data-settings=\"{&quot;video_type&quot;:&quot;hosted&quot;,&quot;autoplay&quot;:&quot;yes&quot;,&quot;play_on_mobile&quot;:&quot;yes&quot;,&quot;mute&quot;:&quot;yes&quot;,&quot;loop&quot;:&quot;yes&quot;}\" data-widget_type=\"video.default\">\n\t\t\t\t<div class=\"elementor-widget-container\">\n\t\t\t\t\t\t\t<div class=\"e-hosted-video elementor-wrapper elementor-open-inline\">\n\t\t\t\t\t<video class=\"elementor-video\" src=\"https:\/\/wiktorklyk.com\/wp-content\/uploads\/2026\/03\/processed_na-strone-www-16-9.mp4\" autoplay=\"\" loop=\"\" muted=\"muted\" playsinline=\"\" controlsList=\"nodownload\"><\/video>\n\t\t\t\t<\/div>\n\t\t\t\t\t\t<\/div>\n\t\t\t\t<\/div>\n\t\t\t\t<div class=\"elementor-element elementor-element-a38aa98 elementor-hidden-widescreen elementor-hidden-desktop elementor-hidden-laptop elementor-hidden-tablet_extra elementor-widget elementor-widget-video\" data-id=\"a38aa98\" data-element_type=\"widget\" data-e-type=\"widget\" data-settings=\"{&quot;video_type&quot;:&quot;hosted&quot;,&quot;autoplay&quot;:&quot;yes&quot;,&quot;play_on_mobile&quot;:&quot;yes&quot;,&quot;mute&quot;:&quot;yes&quot;,&quot;loop&quot;:&quot;yes&quot;}\" data-widget_type=\"video.default\">\n\t\t\t\t<div class=\"elementor-widget-container\">\n\t\t\t\t\t\t\t<div class=\"e-hosted-video elementor-wrapper elementor-open-inline\">\n\t\t\t\t\t<video class=\"elementor-video\" src=\"https:\/\/wiktorklyk.com\/wp-content\/uploads\/2026\/03\/processed_na-strone-www-9-16.mp4\" autoplay=\"\" loop=\"\" muted=\"muted\" playsinline=\"\" controlsList=\"nodownload\"><\/video>\n\t\t\t\t<\/div>\n\t\t\t\t\t\t<\/div>\n\t\t\t\t<\/div>\n\t\t\t\t<\/div>\n\t\t<div class=\"elementor-element elementor-element-6459ae0 e-con-full  u-pt-3-2  u-pb-6-6 u-px--page u-pb-0-1 animated-slow e-flex e-con e-parent\" data-id=\"6459ae0\" data-element_type=\"container\" data-e-type=\"container\" data-settings=\"{&quot;background_background&quot;:&quot;classic&quot;,&quot;animation&quot;:&quot;none&quot;,&quot;_ha_eqh_enable&quot;:false}\">\n\t\t<div class=\"elementor-element elementor-element-81f28b5 e-con-full u-pl-0-1 e-flex e-con e-child\" data-id=\"81f28b5\" data-element_type=\"container\" data-e-type=\"container\" data-settings=\"{&quot;_ha_eqh_enable&quot;:false}\">\n\t\t\t\t<div class=\"elementor-element elementor-element-96663d1 elementor-widget elementor-widget-menu-anchor\" data-id=\"96663d1\" data-element_type=\"widget\" data-e-type=\"widget\" data-widget_type=\"menu-anchor.default\">\n\t\t\t\t<div class=\"elementor-widget-container\">\n\t\t\t\t\t\t\t<div class=\"elementor-menu-anchor\" id=\"ueberuns\"><\/div>\n\t\t\t\t\t\t<\/div>\n\t\t\t\t<\/div>\n\t\t\t\t<div class=\"elementor-element elementor-element-e2da10e fx-menu-sticky u-pt-2-2 u-pb-3-3 elementor-widget elementor-widget-heading\" data-id=\"e2da10e\" data-element_type=\"widget\" data-e-type=\"widget\" data-widget_type=\"heading.default\">\n\t\t\t\t<div class=\"elementor-widget-container\">\n\t\t\t\t\t<p class=\"elementor-heading-title elementor-size-small\"><a href=\"#elementor-action%3Aaction%3Dpopup%3Aopen%26settings%3DeyJpZCI6MjcyODEsInRvZ2dsZSI6ZmFsc2V9\">MENU<\/a><\/p>\t\t\t\t<\/div>\n\t\t\t\t<\/div>\n\t\t\t\t<\/div>\n\t\t\t\t<\/div>\n\t\t<div class=\"elementor-element elementor-element-f16384e e-con-full  u-px--page u-pb-3-4 c-project-section e-flex e-con e-parent\" data-id=\"f16384e\" data-element_type=\"container\" data-e-type=\"container\" data-settings=\"{&quot;_ha_eqh_enable&quot;:false}\">\n\t\t<div class=\"elementor-element elementor-element-361d1a4 e-con-full e-flex e-con e-child\" data-id=\"361d1a4\" data-element_type=\"container\" data-e-type=\"container\" data-settings=\"{&quot;_ha_eqh_enable&quot;:false}\">\n\t\t\t\t<div class=\"elementor-element elementor-element-f2085f3 elementor-widget elementor-widget-image\" data-id=\"f2085f3\" data-element_type=\"widget\" data-e-type=\"widget\" data-widget_type=\"image.default\">\n\t\t\t\t<div class=\"elementor-widget-container\">\n\t\t\t\t\t\t\t\t\t\t\t\t\t\t\t\t<a href=\"https:\/\/wiktorklyk.com\/pl\/projekty\/jezioro-como\/\">\n\t\t\t\t\t\t\t<img fetchpriority=\"high\" decoding=\"async\" width=\"1638\" height=\"2048\" src=\"https:\/\/wiktorklyk.com\/wp-content\/uploads\/2026\/03\/bez-nazwy-1-z-1-40.jpg\" class=\"attachment-full size-full wp-image-27867\" alt=\"\" loading=\"eager\" \/>\t\t\t\t\t\t\t\t<\/a>\n\t\t\t\t\t\t\t\t\t\t\t\t\t\t\t<\/div>\n\t\t\t\t<\/div>\n\t\t\t\t<div class=\"elementor-element elementor-element-708bb71 description u-pt-2-1 u-pb-3-3 u-pt-0--heading   elementor-widget elementor-widget-heading\" data-id=\"708bb71\" data-element_type=\"widget\" data-e-type=\"widget\" data-widget_type=\"heading.default\">\n\t\t\t\t<div class=\"elementor-widget-container\">\n\t\t\t\t\t<p class=\"elementor-heading-title elementor-size-medium\">Como lake<\/p>\t\t\t\t<\/div>\n\t\t\t\t<\/div>\n\t\t\t\t<\/div>\n\t\t<div class=\"elementor-element elementor-element-ce7a1e4 e-con-full u-pt-0-9    e-flex e-con e-child\" data-id=\"ce7a1e4\" data-element_type=\"container\" data-e-type=\"container\" data-settings=\"{&quot;_ha_eqh_enable&quot;:false}\">\n\t\t\t\t<div class=\"elementor-element elementor-element-80ea50c u-pb-2-3 u-pt-0--heading fx-splittext-line elementor-widget elementor-widget-heading\" data-id=\"80ea50c\" data-element_type=\"widget\" data-e-type=\"widget\" data-widget_type=\"heading.default\">\n\t\t\t\t<div class=\"elementor-widget-container\">\n\t\t\t\t\t<p class=\"elementor-heading-title elementor-size-large\">Our mission<\/p>\t\t\t\t<\/div>\n\t\t\t\t<\/div>\n\t\t<div class=\"elementor-element elementor-element-223eee8 e-con-full fx-splittext-line e-flex e-con e-child\" data-id=\"223eee8\" data-element_type=\"container\" data-e-type=\"container\" data-settings=\"{&quot;_ha_eqh_enable&quot;:false}\">\n\t\t\t\t<div class=\"elementor-element elementor-element-e21c1b7   u-pb-3-6 u-pt-0--heading    elementor-widget elementor-widget-heading\" data-id=\"e21c1b7\" data-element_type=\"widget\" data-e-type=\"widget\" data-widget_type=\"heading.default\">\n\t\t\t\t<div class=\"elementor-widget-container\">\n\t\t\t\t\t<p class=\"elementor-heading-title elementor-size-default\">Responding to your needs, we create gardens tailored to your way of life.\n Personal oases of peace and comfort that bring you and your loved ones closer to nature.<\/p>\t\t\t\t<\/div>\n\t\t\t\t<\/div>\n\t\t\t\t<\/div>\n\t\t\t\t<div class=\"elementor-element elementor-element-4f1c5e5 elementor-widget elementor-widget-image\" data-id=\"4f1c5e5\" data-element_type=\"widget\" data-e-type=\"widget\" data-widget_type=\"image.default\">\n\t\t\t\t<div class=\"elementor-widget-container\">\n\t\t\t\t\t\t\t\t\t\t\t\t\t\t\t\t<a href=\"https:\/\/wiktorklyk.com\/pl\/projekty\/gorskie-spa\/\">\n\t\t\t\t\t\t\t<img decoding=\"async\" width=\"1650\" height=\"2048\" src=\"https:\/\/wiktorklyk.com\/wp-content\/uploads\/2026\/03\/gorskie-spa.jpg\" class=\"attachment-full size-full wp-image-27868\" alt=\"\" loading=\"eager\" \/>\t\t\t\t\t\t\t\t<\/a>\n\t\t\t\t\t\t\t\t\t\t\t\t\t\t\t<\/div>\n\t\t\t\t<\/div>\n\t\t\t\t<div class=\"elementor-element elementor-element-40dae74 description u-pt-2-1 u-pb-3-3 u-pt-0--heading   elementor-widget elementor-widget-heading\" data-id=\"40dae74\" data-element_type=\"widget\" data-e-type=\"widget\" data-widget_type=\"heading.default\">\n\t\t\t\t<div class=\"elementor-widget-container\">\n\t\t\t\t\t<p class=\"elementor-heading-title elementor-size-medium\">G\u00f3rskie spa<\/p>\t\t\t\t<\/div>\n\t\t\t\t<\/div>\n\t\t\t\t<\/div>\n\t\t\t\t<\/div>\n\t\t<div class=\"elementor-element elementor-element-f381c5e e-con-full  u-px--page  u-pb-3-4 c-project-section e-flex e-con e-parent\" data-id=\"f381c5e\" data-element_type=\"container\" data-e-type=\"container\" data-settings=\"{&quot;_ha_eqh_enable&quot;:false}\">\n\t\t<div class=\"elementor-element elementor-element-422fc6d e-con-full u-pt-0-7 e-flex e-con e-child\" data-id=\"422fc6d\" data-element_type=\"container\" data-e-type=\"container\" data-settings=\"{&quot;_ha_eqh_enable&quot;:false}\">\n\t\t<div class=\"elementor-element elementor-element-86f0d9f e-con-full  fx-splittext-line e-flex e-con e-child\" data-id=\"86f0d9f\" data-element_type=\"container\" data-e-type=\"container\" data-settings=\"{&quot;_ha_eqh_enable&quot;:false}\">\n\t\t\t\t<div class=\"elementor-element elementor-element-06a62eb u-pt-0-8 u-pb-2-3 u-pt-0--heading    elementor-widget elementor-widget-heading\" data-id=\"06a62eb\" data-element_type=\"widget\" data-e-type=\"widget\" data-widget_type=\"heading.default\">\n\t\t\t\t<div class=\"elementor-widget-container\">\n\t\t\t\t\t<p class=\"elementor-heading-title elementor-size-large\">Understanding your needs<\/p>\t\t\t\t<\/div>\n\t\t\t\t<\/div>\n\t\t\t\t<div class=\"elementor-element elementor-element-fd86dc9 u-pb-3-6 u-pt-0--heading   fx-splittext-line elementor-widget elementor-widget-heading\" data-id=\"fd86dc9\" data-element_type=\"widget\" data-e-type=\"widget\" data-widget_type=\"heading.default\">\n\t\t\t\t<div class=\"elementor-widget-container\">\n\t\t\t\t\t<p class=\"elementor-heading-title elementor-size-default\">We begin with you. Poznajemy Tw\u00f3j styl \u017cycia i marzenia. Tworzymy wyj\u0105tkowe miejsce, b\u0119d\u0105ce przed\u0142u\u017ceniem Twojego domu.\n<\/p>\t\t\t\t<\/div>\n\t\t\t\t<\/div>\n\t\t\t\t<\/div>\n\t\t\t\t<div class=\"elementor-element elementor-element-547f44e elementor-widget elementor-widget-image\" data-id=\"547f44e\" data-element_type=\"widget\" data-e-type=\"widget\" data-widget_type=\"image.default\">\n\t\t\t\t<div class=\"elementor-widget-container\">\n\t\t\t\t\t\t\t\t\t\t\t\t\t\t\t\t<a href=\"https:\/\/wiktorklyk.com\/pl\/projekty\/rodzinny-ogrod\/\">\n\t\t\t\t\t\t\t<img decoding=\"async\" width=\"1638\" height=\"2048\" src=\"https:\/\/wiktorklyk.com\/wp-content\/uploads\/2026\/03\/bez-nazwy-1-z-1-39.jpg\" class=\"attachment-full size-full wp-image-27869\" alt=\"\" loading=\"eager\" \/>\t\t\t\t\t\t\t\t<\/a>\n\t\t\t\t\t\t\t\t\t\t\t\t\t\t\t<\/div>\n\t\t\t\t<\/div>\n\t\t<div class=\"elementor-element elementor-element-7951807 e-con-full e-flex e-con e-child\" data-id=\"7951807\" data-element_type=\"container\" data-e-type=\"container\" data-settings=\"{&quot;_ha_eqh_enable&quot;:false}\">\n\t\t\t\t<div class=\"elementor-element elementor-element-88d580f description u-pt-2-1 u-pb-3-3 u-pt-0--heading   elementor-widget elementor-widget-heading\" data-id=\"88d580f\" data-element_type=\"widget\" data-e-type=\"widget\" data-widget_type=\"heading.default\">\n\t\t\t\t<div class=\"elementor-widget-container\">\n\t\t\t\t\t<p class=\"elementor-heading-title elementor-size-medium\">Forest home<\/p>\t\t\t\t<\/div>\n\t\t\t\t<\/div>\n\t\t\t\t<\/div>\n\t\t\t\t<\/div>\n\t\t<div class=\"elementor-element elementor-element-78a977f e-con-full u-pt-0-9 e-flex e-con e-child\" data-id=\"78a977f\" data-element_type=\"container\" data-e-type=\"container\" data-settings=\"{&quot;_ha_eqh_enable&quot;:false}\">\n\t\t\t\t<div class=\"elementor-element elementor-element-4111a6e elementor-widget elementor-widget-image\" data-id=\"4111a6e\" data-element_type=\"widget\" data-e-type=\"widget\" data-widget_type=\"image.default\">\n\t\t\t\t<div class=\"elementor-widget-container\">\n\t\t\t\t\t\t\t\t\t\t\t\t\t\t\t\t<a href=\"https:\/\/wiktorklyk.com\/pl\/projekty\/lesna-wyspa\/\">\n\t\t\t\t\t\t\t<img decoding=\"async\" width=\"1638\" height=\"2048\" src=\"https:\/\/wiktorklyk.com\/wp-content\/uploads\/2026\/03\/bez-nazwy-1-z-1-41.jpg\" class=\"attachment-full size-full wp-image-27870\" alt=\"\" loading=\"eager\" \/>\t\t\t\t\t\t\t\t<\/a>\n\t\t\t\t\t\t\t\t\t\t\t\t\t\t\t<\/div>\n\t\t\t\t<\/div>\n\t\t\t\t<div data-ha-element-link=\"{&quot;url&quot;:&quot;#elementor-action%3Aaction%3Dpopup%3Aopen%26settings%3DeyJpZCI6IjIzNzM2IiwidG9nZ2xlIjpmYWxzZX0%3D&quot;,&quot;is_external&quot;:&quot;&quot;,&quot;nofollow&quot;:&quot;&quot;}\" style=\"cursor: pointer\" class=\"elementor-element elementor-element-edc0a5c description u-pt-2-1 u-pb-3-3 u-pt-0--heading   elementor-widget elementor-widget-heading\" data-id=\"edc0a5c\" data-element_type=\"widget\" data-e-type=\"widget\" data-widget_type=\"heading.default\">\n\t\t\t\t<div class=\"elementor-widget-container\">\n\t\t\t\t\t<p class=\"elementor-heading-title elementor-size-medium\">forest island<\/p>\t\t\t\t<\/div>\n\t\t\t\t<\/div>\n\t\t\t\t<\/div>\n\t\t\t\t<\/div>\n\t\t<div class=\"elementor-element elementor-element-413716c e-con-full  u-px--page  u-pb-3-8 c-project-section e-flex e-con e-parent\" data-id=\"413716c\" data-element_type=\"container\" data-e-type=\"container\" data-settings=\"{&quot;_ha_eqh_enable&quot;:false}\">\n\t\t<div class=\"elementor-element elementor-element-b168ae6 e-con-full e-flex e-con e-child\" data-id=\"b168ae6\" data-element_type=\"container\" data-e-type=\"container\" data-settings=\"{&quot;_ha_eqh_enable&quot;:false}\">\n\t\t\t\t<div class=\"elementor-element elementor-element-4390cb6 u-pt-0-9 elementor-widget elementor-widget-image\" data-id=\"4390cb6\" data-element_type=\"widget\" data-e-type=\"widget\" data-widget_type=\"image.default\">\n\t\t\t\t<div class=\"elementor-widget-container\">\n\t\t\t\t\t\t\t\t\t\t\t\t\t\t\t\t<a href=\"https:\/\/wiktorklyk.com\/pl\/projekty\/cascais\/\">\n\t\t\t\t\t\t\t<img decoding=\"async\" width=\"1638\" height=\"2048\" src=\"https:\/\/wiktorklyk.com\/wp-content\/uploads\/2026\/03\/cascais-garden.jpg\" class=\"attachment-full size-full wp-image-27871\" alt=\"\" loading=\"eager\" \/>\t\t\t\t\t\t\t\t<\/a>\n\t\t\t\t\t\t\t\t\t\t\t\t\t\t\t<\/div>\n\t\t\t\t<\/div>\n\t\t\t\t<div class=\"elementor-element elementor-element-dd567e8 description u-pt-2-1 u-pb-3-3 u-pt-0--heading   elementor-widget elementor-widget-heading\" data-id=\"dd567e8\" data-element_type=\"widget\" data-e-type=\"widget\" data-widget_type=\"heading.default\">\n\t\t\t\t<div class=\"elementor-widget-container\">\n\t\t\t\t\t<p class=\"elementor-heading-title elementor-size-medium\">Cascais<\/p>\t\t\t\t<\/div>\n\t\t\t\t<\/div>\n\t\t\t\t<\/div>\n\t\t<div class=\"elementor-element elementor-element-0c880d8 e-con-full u-pt-0-9 e-flex e-con e-child\" data-id=\"0c880d8\" data-element_type=\"container\" data-e-type=\"container\" data-settings=\"{&quot;_ha_eqh_enable&quot;:false}\">\n\t\t\t\t<div class=\"elementor-element elementor-element-b4b8e46 u-pt-0-8 u-pb-2-3 u-pt-0--heading fx-splittext-line   elementor-widget elementor-widget-heading\" data-id=\"b4b8e46\" data-element_type=\"widget\" data-e-type=\"widget\" data-widget_type=\"heading.default\">\n\t\t\t\t<div class=\"elementor-widget-container\">\n\t\t\t\t\t<p class=\"elementor-heading-title elementor-size-large\">Your luxury<\/p>\t\t\t\t<\/div>\n\t\t\t\t<\/div>\n\t\t<div class=\"elementor-element elementor-element-22bf173 e-con-full e-flex e-con e-child\" data-id=\"22bf173\" data-element_type=\"container\" data-e-type=\"container\" data-settings=\"{&quot;_ha_eqh_enable&quot;:false}\">\n\t\t\t\t<div class=\"elementor-element elementor-element-d2a0848 u-pb-3-6 u-pt-0--heading   fx-splittext-line elementor-widget elementor-widget-heading\" data-id=\"d2a0848\" data-element_type=\"widget\" data-e-type=\"widget\" data-widget_type=\"heading.default\">\n\t\t\t\t<div class=\"elementor-widget-container\">\n\t\t\t\t\t<p class=\"elementor-heading-title elementor-size-default\">Luksus definiujemy jako idealne po\u0142\u0105czenie designu i natury. \u0141\u0105czymy architektur\u0119 z otoczeniem, stosuj\u0105c najlepsze materia\u0142y i dbaj\u0105c o ka\u017cdy detal.<\/p>\t\t\t\t<\/div>\n\t\t\t\t<\/div>\n\t\t\t\t<\/div>\n\t\t\t\t<div class=\"elementor-element elementor-element-86ff04e elementor-widget elementor-widget-image\" data-id=\"86ff04e\" data-element_type=\"widget\" data-e-type=\"widget\" data-widget_type=\"image.default\">\n\t\t\t\t<div class=\"elementor-widget-container\">\n\t\t\t\t\t\t\t\t\t\t\t\t\t\t\t\t<a href=\"https:\/\/wiktorklyk.com\/pl\/projekty\/ogrod-szescianow\/\">\n\t\t\t\t\t\t\t<img decoding=\"async\" width=\"1707\" height=\"2048\" src=\"https:\/\/wiktorklyk.com\/wp-content\/uploads\/2026\/03\/nowoczesny-ogrod.jpg\" class=\"attachment-full size-full wp-image-27872\" alt=\"\" loading=\"eager\" \/>\t\t\t\t\t\t\t\t<\/a>\n\t\t\t\t\t\t\t\t\t\t\t\t\t\t\t<\/div>\n\t\t\t\t<\/div>\n\t\t\t\t<div class=\"elementor-element elementor-element-ad4983f description u-pt-2-1 u-pb-3-3 u-pt-0--heading   elementor-widget elementor-widget-heading\" data-id=\"ad4983f\" data-element_type=\"widget\" data-e-type=\"widget\" data-widget_type=\"heading.default\">\n\t\t\t\t<div class=\"elementor-widget-container\">\n\t\t\t\t\t<p class=\"elementor-heading-title elementor-size-medium\">Garden of cubes<\/p>\t\t\t\t<\/div>\n\t\t\t\t<\/div>\n\t\t\t\t<\/div>\n\t\t\t\t<\/div>\n\t\t\t\t<\/div>\n\t\t","protected":false},"excerpt":{"rendered":"<p>A new standardof modern gardens Large Gardens Small Gardens Office Contact Zapytanie We design emotions https:\/\/wiktorklyk.com\/wp-content\/uploads\/2026\/03\/processed_na-strone-www-16-9.mp4https:\/\/wiktorklyk.com\/wp-content\/uploads\/2026\/03\/processed_na-strone-www-9-16.mp4 MENU Como lake Our mission Responding to your needs, we create gardens tailored to your way of life. Personal oases of peace and comfort that bring you and your loved ones closer to nature. G\u00f3rskie spa Understanding your needs [&hellip;]<\/p>\n","protected":false},"author":2,"featured_media":0,"parent":0,"menu_order":0,"comment_status":"closed","ping_status":"closed","template":"","meta":{"footnotes":""},"class_list":["post-25343","page","type-page","status-publish","hentry"],"_links":{"self":[{"href":"https:\/\/wiktorklyk.com\/en\/wp-json\/wp\/v2\/pages\/25343","targetHints":{"allow":["GET"]}}],"collection":[{"href":"https:\/\/wiktorklyk.com\/en\/wp-json\/wp\/v2\/pages"}],"about":[{"href":"https:\/\/wiktorklyk.com\/en\/wp-json\/wp\/v2\/types\/page"}],"author":[{"embeddable":true,"href":"https:\/\/wiktorklyk.com\/en\/wp-json\/wp\/v2\/users\/2"}],"replies":[{"embeddable":true,"href":"https:\/\/wiktorklyk.com\/en\/wp-json\/wp\/v2\/comments?post=25343"}],"version-history":[{"count":10,"href":"https:\/\/wiktorklyk.com\/en\/wp-json\/wp\/v2\/pages\/25343\/revisions"}],"predecessor-version":[{"id":27873,"href":"https:\/\/wiktorklyk.com\/en\/wp-json\/wp\/v2\/pages\/25343\/revisions\/27873"}],"wp:attachment":[{"href":"https:\/\/wiktorklyk.com\/en\/wp-json\/wp\/v2\/media?parent=25343"}],"curies":[{"name":"wp","href":"https:\/\/api.w.org\/{rel}","templated":true}]}}