{"id":27033,"date":"2026-02-01T15:06:07","date_gmt":"2026-02-01T14:06:07","guid":{"rendered":"https:\/\/wiktorklyk.com\/home\/black-cascades\/"},"modified":"2026-02-19T15:30:52","modified_gmt":"2026-02-19T14:30:52","slug":"black-cascades","status":"publish","type":"page","link":"https:\/\/wiktorklyk.com\/en\/projects\/black-cascades\/","title":{"rendered":"Black Cascades"},"content":{"rendered":"\t\t<div data-elementor-type=\"wp-page\" data-elementor-id=\"27033\" class=\"elementor elementor-27033 elementor-26839\" data-elementor-settings=\"{&quot;ha_cmc_init_switcher&quot;:&quot;no&quot;}\" data-elementor-post-type=\"page\">\n\t\t\t\t<div class=\"elementor-element elementor-element-cd947f2 e-con-full u-px--page c-project e-flex e-con e-parent\" data-id=\"cd947f2\" data-element_type=\"container\" data-e-type=\"container\" data-settings=\"{&quot;_ha_eqh_enable&quot;:false}\">\n\t\t<div class=\"elementor-element elementor-element-a48da7d c-project__title e-flex e-con-boxed e-con e-child\" data-id=\"a48da7d\" data-element_type=\"container\" data-e-type=\"container\" data-settings=\"{&quot;_ha_eqh_enable&quot;:false}\">\n\t\t\t\t\t<div class=\"e-con-inner\">\n\t\t\t\t<div class=\"elementor-element elementor-element-7e28ff4  u-pb-2-2 u-pt-5-2 elementor-widget elementor-widget-heading\" data-id=\"7e28ff4\" data-element_type=\"widget\" data-e-type=\"widget\" data-widget_type=\"heading.default\">\n\t\t\t\t<div class=\"elementor-widget-container\">\n\t\t\t\t\t<h1 class=\"elementor-heading-title elementor-size-xxl\">Black Cascades<\/h1>\t\t\t\t<\/div>\n\t\t\t\t<\/div>\n\t\t\t\t\t<\/div>\n\t\t\t\t<\/div>\n\t\t<div class=\"elementor-element elementor-element-46c1b2d e-con-full c-project__data e-flex e-con e-child\" data-id=\"46c1b2d\" data-element_type=\"container\" data-e-type=\"container\" data-settings=\"{&quot;_ha_eqh_enable&quot;:false}\">\n\t\t<div class=\"elementor-element elementor-element-3220423 e-con-full c-project__data-lne-1 e-flex e-con e-child\" data-id=\"3220423\" data-element_type=\"container\" data-e-type=\"container\" data-settings=\"{&quot;_ha_eqh_enable&quot;:false}\">\n\t\t\t\t<div class=\"elementor-element elementor-element-09e8ba0 elementor-widget elementor-widget-heading\" data-id=\"09e8ba0\" data-element_type=\"widget\" data-e-type=\"widget\" data-widget_type=\"heading.default\">\n\t\t\t\t<div class=\"elementor-widget-container\">\n\t\t\t\t\t<p class=\"elementor-heading-title elementor-size-default\">4000m\u00b2<\/p>\t\t\t\t<\/div>\n\t\t\t\t<\/div>\n\t\t\t\t<div class=\"elementor-element elementor-element-1dab0b7 elementor-widget elementor-widget-heading\" data-id=\"1dab0b7\" data-element_type=\"widget\" data-e-type=\"widget\" data-widget_type=\"heading.default\">\n\t\t\t\t<div class=\"elementor-widget-container\">\n\t\t\t\t\t<p class=\"elementor-heading-title elementor-size-default\">2022<\/p>\t\t\t\t<\/div>\n\t\t\t\t<\/div>\n\t\t\t\t<div class=\"elementor-element elementor-element-6d858f3 elementor-widget elementor-widget-heading\" data-id=\"6d858f3\" data-element_type=\"widget\" data-e-type=\"widget\" data-widget_type=\"heading.default\">\n\t\t\t\t<div class=\"elementor-widget-container\">\n\t\t\t\t\t<p class=\"elementor-heading-title elementor-size-default\">\u0141\u00f3d\u017a<\/p>\t\t\t\t<\/div>\n\t\t\t\t<\/div>\n\t\t\t\t<\/div>\n\t\t<div class=\"elementor-element elementor-element-296a117 e-con-full c-project__data-lne-2 e-flex e-con e-child\" data-id=\"296a117\" data-element_type=\"container\" data-e-type=\"container\" data-settings=\"{&quot;_ha_eqh_enable&quot;:false}\">\n\t\t\t\t<div class=\"elementor-element elementor-element-feea637 elementor-widget elementor-widget-heading\" data-id=\"feea637\" data-element_type=\"widget\" data-e-type=\"widget\" data-widget_type=\"heading.default\">\n\t\t\t\t<div class=\"elementor-widget-container\">\n\t\t\t\t\t<p class=\"elementor-heading-title elementor-size-default\">Garden design:<\/p>\t\t\t\t<\/div>\n\t\t\t\t<\/div>\n\t\t\t\t<div class=\"elementor-element elementor-element-634a64e elementor-widget elementor-widget-heading\" data-id=\"634a64e\" data-element_type=\"widget\" data-e-type=\"widget\" data-widget_type=\"heading.default\">\n\t\t\t\t<div class=\"elementor-widget-container\">\n\t\t\t\t\t<p class=\"elementor-heading-title elementor-size-default\">K\u0142yk landscaping<\/p>\t\t\t\t<\/div>\n\t\t\t\t<\/div>\n\t\t\t\t<\/div>\n\t\t<div class=\"elementor-element elementor-element-12e2511 e-con-full c-project__data-lne-2 e-flex e-con e-child\" data-id=\"12e2511\" data-element_type=\"container\" data-e-type=\"container\" data-settings=\"{&quot;_ha_eqh_enable&quot;:false}\">\n\t\t\t\t<div class=\"elementor-element elementor-element-97199df elementor-widget elementor-widget-heading\" data-id=\"97199df\" data-element_type=\"widget\" data-e-type=\"widget\" data-widget_type=\"heading.default\">\n\t\t\t\t<div class=\"elementor-widget-container\">\n\t\t\t\t\t<p class=\"elementor-heading-title elementor-size-default\">Architecture:<\/p>\t\t\t\t<\/div>\n\t\t\t\t<\/div>\n\t\t\t\t<div class=\"elementor-element elementor-element-0d32230 elementor-widget elementor-widget-heading\" data-id=\"0d32230\" data-element_type=\"widget\" data-e-type=\"widget\" data-widget_type=\"heading.default\">\n\t\t\t\t<div class=\"elementor-widget-container\">\n\t\t\t\t\t<p class=\"elementor-heading-title elementor-size-default\">Mateusz Kuo Stolarski \u2013 TAMIZO<\/p>\t\t\t\t<\/div>\n\t\t\t\t<\/div>\n\t\t\t\t<\/div>\n\t\t<div class=\"elementor-element elementor-element-70d0301 e-con-full c-project__data-lne-2 e-flex e-con e-child\" data-id=\"70d0301\" data-element_type=\"container\" data-e-type=\"container\" data-settings=\"{&quot;_ha_eqh_enable&quot;:false}\">\n\t\t\t\t<div class=\"elementor-element elementor-element-422c844 elementor-widget elementor-widget-heading\" data-id=\"422c844\" data-element_type=\"widget\" data-e-type=\"widget\" data-widget_type=\"heading.default\">\n\t\t\t\t<div class=\"elementor-widget-container\">\n\t\t\t\t\t<p class=\"elementor-heading-title elementor-size-default\">Usda hardiness zone 6B<\/p>\t\t\t\t<\/div>\n\t\t\t\t<\/div>\n\t\t\t\t<\/div>\n\t\t\t\t<\/div>\n\t\t<div class=\"elementor-element elementor-element-2e7ef24 e-con-full c-project__images e-flex e-con e-child\" data-id=\"2e7ef24\" data-element_type=\"container\" data-e-type=\"container\" data-settings=\"{&quot;_ha_eqh_enable&quot;:false}\">\n\t\t\t\t<div class=\"elementor-element elementor-element-2f561d8 elementor-widget elementor-widget-image\" data-id=\"2f561d8\" data-element_type=\"widget\" data-e-type=\"widget\" data-widget_type=\"image.default\">\n\t\t\t\t<div class=\"elementor-widget-container\">\n\t\t\t\t\t\t\t\t\t\t\t\t\t\t\t<img fetchpriority=\"high\" decoding=\"async\" width=\"800\" height=\"531\" src=\"https:\/\/wiktorklyk.com\/wp-content\/uploads\/2025\/05\/a-15-1400x930.jpg\" class=\"attachment-large size-large wp-image-25036\" alt=\"\" srcset=\"https:\/\/wiktorklyk.com\/wp-content\/uploads\/2025\/05\/a-15-1400x930.jpg 1400w, https:\/\/wiktorklyk.com\/wp-content\/uploads\/2025\/05\/a-15-600x398.jpg 600w, https:\/\/wiktorklyk.com\/wp-content\/uploads\/2025\/05\/a-15-768x510.jpg 768w, https:\/\/wiktorklyk.com\/wp-content\/uploads\/2025\/05\/a-15-1536x1020.jpg 1536w, https:\/\/wiktorklyk.com\/wp-content\/uploads\/2025\/05\/a-15-2048x1360.jpg 2048w\" sizes=\"(max-width: 800px) 100vw, 800px\" loading=\"eager\" \/>\t\t\t\t\t\t\t\t\t\t\t\t\t\t\t<\/div>\n\t\t\t\t<\/div>\n\t\t\t\t<div class=\"elementor-element elementor-element-c8018c7 elementor-widget elementor-widget-image\" data-id=\"c8018c7\" data-element_type=\"widget\" data-e-type=\"widget\" data-widget_type=\"image.default\">\n\t\t\t\t<div class=\"elementor-widget-container\">\n\t\t\t\t\t\t\t\t\t\t\t\t\t\t\t<img decoding=\"async\" width=\"800\" height=\"531\" src=\"https:\/\/wiktorklyk.com\/wp-content\/uploads\/2025\/05\/g-5-1400x930.jpg\" class=\"attachment-large size-large wp-image-25006\" alt=\"\" srcset=\"https:\/\/wiktorklyk.com\/wp-content\/uploads\/2025\/05\/g-5-1400x930.jpg 1400w, https:\/\/wiktorklyk.com\/wp-content\/uploads\/2025\/05\/g-5-600x398.jpg 600w, https:\/\/wiktorklyk.com\/wp-content\/uploads\/2025\/05\/g-5-768x510.jpg 768w, https:\/\/wiktorklyk.com\/wp-content\/uploads\/2025\/05\/g-5-1536x1020.jpg 1536w, https:\/\/wiktorklyk.com\/wp-content\/uploads\/2025\/05\/g-5-2048x1360.jpg 2048w\" sizes=\"(max-width: 800px) 100vw, 800px\" loading=\"eager\" \/>\t\t\t\t\t\t\t\t\t\t\t\t\t\t\t<\/div>\n\t\t\t\t<\/div>\n\t\t\t\t<div class=\"elementor-element elementor-element-fb08262 elementor-widget elementor-widget-image\" data-id=\"fb08262\" data-element_type=\"widget\" data-e-type=\"widget\" data-widget_type=\"image.default\">\n\t\t\t\t<div class=\"elementor-widget-container\">\n\t\t\t\t\t\t\t\t\t\t\t\t\t\t\t<img decoding=\"async\" width=\"800\" height=\"530\" src=\"https:\/\/wiktorklyk.com\/wp-content\/uploads\/2025\/09\/geometric-garden-scaled.jpg\" class=\"attachment-large size-large wp-image-26185\" alt=\"\" loading=\"eager\" \/>\t\t\t\t\t\t\t\t\t\t\t\t\t\t\t<\/div>\n\t\t\t\t<\/div>\n\t\t\t\t<div class=\"elementor-element elementor-element-99a1e34 elementor-widget elementor-widget-image\" data-id=\"99a1e34\" data-element_type=\"widget\" data-e-type=\"widget\" data-widget_type=\"image.default\">\n\t\t\t\t<div class=\"elementor-widget-container\">\n\t\t\t\t\t\t\t\t\t\t\t\t\t\t\t<img decoding=\"async\" width=\"800\" height=\"531\" src=\"https:\/\/wiktorklyk.com\/wp-content\/uploads\/2025\/05\/i-1-1400x930.jpg\" class=\"attachment-large size-large wp-image-25010\" alt=\"\" srcset=\"https:\/\/wiktorklyk.com\/wp-content\/uploads\/2025\/05\/i-1-1400x930.jpg 1400w, https:\/\/wiktorklyk.com\/wp-content\/uploads\/2025\/05\/i-1-600x398.jpg 600w, https:\/\/wiktorklyk.com\/wp-content\/uploads\/2025\/05\/i-1-768x510.jpg 768w, https:\/\/wiktorklyk.com\/wp-content\/uploads\/2025\/05\/i-1-1536x1020.jpg 1536w, https:\/\/wiktorklyk.com\/wp-content\/uploads\/2025\/05\/i-1-2048x1360.jpg 2048w\" sizes=\"(max-width: 800px) 100vw, 800px\" loading=\"eager\" \/>\t\t\t\t\t\t\t\t\t\t\t\t\t\t\t<\/div>\n\t\t\t\t<\/div>\n\t\t\t\t<div class=\"elementor-element elementor-element-79973db elementor-widget elementor-widget-image\" data-id=\"79973db\" data-element_type=\"widget\" data-e-type=\"widget\" data-widget_type=\"image.default\">\n\t\t\t\t<div class=\"elementor-widget-container\">\n\t\t\t\t\t\t\t\t\t\t\t\t\t\t\t<img decoding=\"async\" width=\"800\" height=\"960\" src=\"https:\/\/wiktorklyk.com\/wp-content\/uploads\/2025\/05\/i-1-2-1167x1400.jpg\" class=\"attachment-large size-large wp-image-25012\" alt=\"\" srcset=\"https:\/\/wiktorklyk.com\/wp-content\/uploads\/2025\/05\/i-1-2-1167x1400.jpg 1167w, https:\/\/wiktorklyk.com\/wp-content\/uploads\/2025\/05\/i-1-2-500x600.jpg 500w, https:\/\/wiktorklyk.com\/wp-content\/uploads\/2025\/05\/i-1-2-768x922.jpg 768w, https:\/\/wiktorklyk.com\/wp-content\/uploads\/2025\/05\/i-1-2-1280x1536.jpg 1280w, https:\/\/wiktorklyk.com\/wp-content\/uploads\/2025\/05\/i-1-2-1707x2048.jpg 1707w, https:\/\/wiktorklyk.com\/wp-content\/uploads\/2025\/05\/i-1-2.jpg 1800w\" sizes=\"(max-width: 800px) 100vw, 800px\" loading=\"eager\" \/>\t\t\t\t\t\t\t\t\t\t\t\t\t\t\t<\/div>\n\t\t\t\t<\/div>\n\t\t\t\t<div class=\"elementor-element elementor-element-0e9f419 elementor-widget elementor-widget-image\" data-id=\"0e9f419\" data-element_type=\"widget\" data-e-type=\"widget\" data-widget_type=\"image.default\">\n\t\t\t\t<div class=\"elementor-widget-container\">\n\t\t\t\t\t\t\t\t\t\t\t\t\t\t\t<img decoding=\"async\" width=\"800\" height=\"530\" src=\"https:\/\/wiktorklyk.com\/wp-content\/uploads\/2025\/09\/amelanchier-larmacki-scaled.jpg\" class=\"attachment-large size-large wp-image-26193\" alt=\"\" loading=\"eager\" \/>\t\t\t\t\t\t\t\t\t\t\t\t\t\t\t<\/div>\n\t\t\t\t<\/div>\n\t\t\t\t<div class=\"elementor-element elementor-element-929477f elementor-widget elementor-widget-image\" data-id=\"929477f\" data-element_type=\"widget\" data-e-type=\"widget\" data-widget_type=\"image.default\">\n\t\t\t\t<div class=\"elementor-widget-container\">\n\t\t\t\t\t\t\t\t\t\t\t\t\t\t\t<img decoding=\"async\" width=\"800\" height=\"531\" src=\"https:\/\/wiktorklyk.com\/wp-content\/uploads\/2025\/05\/l-1400x930.jpg\" class=\"attachment-large size-large wp-image-25016\" alt=\"\" srcset=\"https:\/\/wiktorklyk.com\/wp-content\/uploads\/2025\/05\/l-1400x930.jpg 1400w, https:\/\/wiktorklyk.com\/wp-content\/uploads\/2025\/05\/l-600x398.jpg 600w, https:\/\/wiktorklyk.com\/wp-content\/uploads\/2025\/05\/l-768x510.jpg 768w, https:\/\/wiktorklyk.com\/wp-content\/uploads\/2025\/05\/l-1536x1020.jpg 1536w, https:\/\/wiktorklyk.com\/wp-content\/uploads\/2025\/05\/l-2048x1360.jpg 2048w\" sizes=\"(max-width: 800px) 100vw, 800px\" loading=\"eager\" \/>\t\t\t\t\t\t\t\t\t\t\t\t\t\t\t<\/div>\n\t\t\t\t<\/div>\n\t\t\t\t<div class=\"elementor-element elementor-element-965c762 elementor-widget elementor-widget-image\" data-id=\"965c762\" data-element_type=\"widget\" data-e-type=\"widget\" data-widget_type=\"image.default\">\n\t\t\t\t<div class=\"elementor-widget-container\">\n\t\t\t\t\t\t\t\t\t\t\t\t\t\t\t<img decoding=\"async\" width=\"800\" height=\"531\" src=\"https:\/\/wiktorklyk.com\/wp-content\/uploads\/2025\/05\/r-1400x930.jpg\" class=\"attachment-large size-large wp-image-25018\" alt=\"\" srcset=\"https:\/\/wiktorklyk.com\/wp-content\/uploads\/2025\/05\/r-1400x930.jpg 1400w, https:\/\/wiktorklyk.com\/wp-content\/uploads\/2025\/05\/r-600x398.jpg 600w, https:\/\/wiktorklyk.com\/wp-content\/uploads\/2025\/05\/r-768x510.jpg 768w, https:\/\/wiktorklyk.com\/wp-content\/uploads\/2025\/05\/r-1536x1020.jpg 1536w, https:\/\/wiktorklyk.com\/wp-content\/uploads\/2025\/05\/r-2048x1360.jpg 2048w\" sizes=\"(max-width: 800px) 100vw, 800px\" loading=\"eager\" \/>\t\t\t\t\t\t\t\t\t\t\t\t\t\t\t<\/div>\n\t\t\t\t<\/div>\n\t\t\t\t<div class=\"elementor-element elementor-element-3b919de elementor-widget elementor-widget-image\" data-id=\"3b919de\" data-element_type=\"widget\" data-e-type=\"widget\" data-widget_type=\"image.default\">\n\t\t\t\t<div class=\"elementor-widget-container\">\n\t\t\t\t\t\t\t\t\t\t\t\t\t\t\t<img decoding=\"async\" width=\"800\" height=\"530\" src=\"https:\/\/wiktorklyk.com\/wp-content\/uploads\/2025\/05\/modern-garden-1-scaled.jpg\" class=\"attachment-large size-large wp-image-26181\" alt=\"\" loading=\"eager\" \/>\t\t\t\t\t\t\t\t\t\t\t\t\t\t\t<\/div>\n\t\t\t\t<\/div>\n\t\t\t\t<div class=\"elementor-element elementor-element-413e6d3 elementor-widget elementor-widget-image\" data-id=\"413e6d3\" data-element_type=\"widget\" data-e-type=\"widget\" data-widget_type=\"image.default\">\n\t\t\t\t<div class=\"elementor-widget-container\">\n\t\t\t\t\t\t\t\t\t\t\t\t\t\t\t<img decoding=\"async\" width=\"800\" height=\"936\" src=\"https:\/\/wiktorklyk.com\/wp-content\/uploads\/2025\/09\/modern-cascades.jpg\" class=\"attachment-large size-large wp-image-26189\" alt=\"\" loading=\"eager\" \/>\t\t\t\t\t\t\t\t\t\t\t\t\t\t\t<\/div>\n\t\t\t\t<\/div>\n\t\t\t\t<div class=\"elementor-element elementor-element-400cb28 elementor-widget elementor-widget-image\" data-id=\"400cb28\" data-element_type=\"widget\" data-e-type=\"widget\" data-widget_type=\"image.default\">\n\t\t\t\t<div class=\"elementor-widget-container\">\n\t\t\t\t\t\t\t\t\t\t\t\t\t\t\t<img decoding=\"async\" width=\"800\" height=\"960\" src=\"https:\/\/wiktorklyk.com\/wp-content\/uploads\/2025\/05\/d-9-1167x1400.jpg\" class=\"attachment-large size-large wp-image-25024\" alt=\"\" srcset=\"https:\/\/wiktorklyk.com\/wp-content\/uploads\/2025\/05\/d-9-1167x1400.jpg 1167w, https:\/\/wiktorklyk.com\/wp-content\/uploads\/2025\/05\/d-9-500x600.jpg 500w, https:\/\/wiktorklyk.com\/wp-content\/uploads\/2025\/05\/d-9-768x922.jpg 768w, https:\/\/wiktorklyk.com\/wp-content\/uploads\/2025\/05\/d-9-1280x1536.jpg 1280w, https:\/\/wiktorklyk.com\/wp-content\/uploads\/2025\/05\/d-9-1707x2048.jpg 1707w, https:\/\/wiktorklyk.com\/wp-content\/uploads\/2025\/05\/d-9.jpg 1800w\" sizes=\"(max-width: 800px) 100vw, 800px\" loading=\"eager\" \/>\t\t\t\t\t\t\t\t\t\t\t\t\t\t\t<\/div>\n\t\t\t\t<\/div>\n\t\t\t\t<div class=\"elementor-element elementor-element-f422121 elementor-widget elementor-widget-image\" data-id=\"f422121\" data-element_type=\"widget\" data-e-type=\"widget\" data-widget_type=\"image.default\">\n\t\t\t\t<div class=\"elementor-widget-container\">\n\t\t\t\t\t\t\t\t\t\t\t\t\t\t\t<img decoding=\"async\" width=\"800\" height=\"667\" src=\"https:\/\/wiktorklyk.com\/wp-content\/uploads\/2025\/05\/e-7-1400x1167.jpg\" class=\"attachment-large size-large wp-image-25026\" alt=\"\" srcset=\"https:\/\/wiktorklyk.com\/wp-content\/uploads\/2025\/05\/e-7-1400x1167.jpg 1400w, https:\/\/wiktorklyk.com\/wp-content\/uploads\/2025\/05\/e-7-600x500.jpg 600w, https:\/\/wiktorklyk.com\/wp-content\/uploads\/2025\/05\/e-7-768x640.jpg 768w, https:\/\/wiktorklyk.com\/wp-content\/uploads\/2025\/05\/e-7-1536x1280.jpg 1536w, https:\/\/wiktorklyk.com\/wp-content\/uploads\/2025\/05\/e-7-2048x1707.jpg 2048w\" sizes=\"(max-width: 800px) 100vw, 800px\" loading=\"eager\" \/>\t\t\t\t\t\t\t\t\t\t\t\t\t\t\t<\/div>\n\t\t\t\t<\/div>\n\t\t\t\t<div class=\"elementor-element elementor-element-ea93db8 elementor-widget elementor-widget-image\" data-id=\"ea93db8\" data-element_type=\"widget\" data-e-type=\"widget\" data-widget_type=\"image.default\">\n\t\t\t\t<div class=\"elementor-widget-container\">\n\t\t\t\t\t\t\t\t\t\t\t\t\t\t\t<img decoding=\"async\" width=\"800\" height=\"667\" src=\"https:\/\/wiktorklyk.com\/wp-content\/uploads\/2025\/05\/j-3-1400x1167.jpg\" class=\"attachment-large size-large wp-image-25028\" alt=\"\" srcset=\"https:\/\/wiktorklyk.com\/wp-content\/uploads\/2025\/05\/j-3-1400x1167.jpg 1400w, https:\/\/wiktorklyk.com\/wp-content\/uploads\/2025\/05\/j-3-600x500.jpg 600w, https:\/\/wiktorklyk.com\/wp-content\/uploads\/2025\/05\/j-3-768x640.jpg 768w, https:\/\/wiktorklyk.com\/wp-content\/uploads\/2025\/05\/j-3-1536x1280.jpg 1536w, https:\/\/wiktorklyk.com\/wp-content\/uploads\/2025\/05\/j-3-2048x1707.jpg 2048w\" sizes=\"(max-width: 800px) 100vw, 800px\" loading=\"eager\" \/>\t\t\t\t\t\t\t\t\t\t\t\t\t\t\t<\/div>\n\t\t\t\t<\/div>\n\t\t\t\t<div class=\"elementor-element elementor-element-dd8d97c elementor-widget elementor-widget-image\" data-id=\"dd8d97c\" data-element_type=\"widget\" data-e-type=\"widget\" data-widget_type=\"image.default\">\n\t\t\t\t<div class=\"elementor-widget-container\">\n\t\t\t\t\t\t\t\t\t\t\t\t\t\t\t<img decoding=\"async\" width=\"800\" height=\"531\" src=\"https:\/\/wiktorklyk.com\/wp-content\/uploads\/2025\/05\/l-1-1400x930.jpg\" class=\"attachment-large size-large wp-image-25030\" alt=\"\" srcset=\"https:\/\/wiktorklyk.com\/wp-content\/uploads\/2025\/05\/l-1-1400x930.jpg 1400w, https:\/\/wiktorklyk.com\/wp-content\/uploads\/2025\/05\/l-1-600x398.jpg 600w, https:\/\/wiktorklyk.com\/wp-content\/uploads\/2025\/05\/l-1-768x510.jpg 768w, https:\/\/wiktorklyk.com\/wp-content\/uploads\/2025\/05\/l-1-1536x1020.jpg 1536w, https:\/\/wiktorklyk.com\/wp-content\/uploads\/2025\/05\/l-1-2048x1360.jpg 2048w\" sizes=\"(max-width: 800px) 100vw, 800px\" loading=\"eager\" \/>\t\t\t\t\t\t\t\t\t\t\t\t\t\t\t<\/div>\n\t\t\t\t<\/div>\n\t\t\t\t<div class=\"elementor-element elementor-element-bbfbae6 elementor-widget elementor-widget-image\" data-id=\"bbfbae6\" data-element_type=\"widget\" data-e-type=\"widget\" data-widget_type=\"image.default\">\n\t\t\t\t<div class=\"elementor-widget-container\">\n\t\t\t\t\t\t\t\t\t\t\t\t\t\t\t<img decoding=\"async\" width=\"800\" height=\"962\" src=\"https:\/\/wiktorklyk.com\/wp-content\/uploads\/2025\/05\/enhanced_black-cascades-2-scaled.jpg\" class=\"attachment-large size-large wp-image-26178\" alt=\"\" loading=\"eager\" \/>\t\t\t\t\t\t\t\t\t\t\t\t\t\t\t<\/div>\n\t\t\t\t<\/div>\n\t\t\t\t<div class=\"elementor-element elementor-element-06afdaa elementor-widget elementor-widget-image\" data-id=\"06afdaa\" data-element_type=\"widget\" data-e-type=\"widget\" data-widget_type=\"image.default\">\n\t\t\t\t<div class=\"elementor-widget-container\">\n\t\t\t\t\t\t\t\t\t\t\t\t\t\t\t<img decoding=\"async\" width=\"800\" height=\"666\" src=\"https:\/\/wiktorklyk.com\/wp-content\/uploads\/2025\/09\/contemporary-garden-scaled.jpg\" class=\"attachment-large size-large wp-image-26183\" alt=\"\" loading=\"eager\" \/>\t\t\t\t\t\t\t\t\t\t\t\t\t\t\t<\/div>\n\t\t\t\t<\/div>\n\t\t\t\t<\/div>\n\t\t\t\t<\/div>\n\t\t\t\t<\/div>\n\t\t","protected":false},"excerpt":{"rendered":"<p>Black Cascades 4000m\u00b2 2022 \u0141\u00f3d\u017a Garden design: K\u0142yk landscaping Architecture: Mateusz Kuo Stolarski \u2013 TAMIZO Usda hardiness zone 6B<\/p>\n","protected":false},"author":2,"featured_media":0,"parent":25343,"menu_order":3,"comment_status":"closed","ping_status":"closed","template":"","meta":{"footnotes":""},"class_list":["post-27033","page","type-page","status-publish","hentry"],"_links":{"self":[{"href":"https:\/\/wiktorklyk.com\/en\/wp-json\/wp\/v2\/pages\/27033","targetHints":{"allow":["GET"]}}],"collection":[{"href":"https:\/\/wiktorklyk.com\/en\/wp-json\/wp\/v2\/pages"}],"about":[{"href":"https:\/\/wiktorklyk.com\/en\/wp-json\/wp\/v2\/types\/page"}],"author":[{"embeddable":true,"href":"https:\/\/wiktorklyk.com\/en\/wp-json\/wp\/v2\/users\/2"}],"replies":[{"embeddable":true,"href":"https:\/\/wiktorklyk.com\/en\/wp-json\/wp\/v2\/comments?post=27033"}],"version-history":[{"count":3,"href":"https:\/\/wiktorklyk.com\/en\/wp-json\/wp\/v2\/pages\/27033\/revisions"}],"predecessor-version":[{"id":27290,"href":"https:\/\/wiktorklyk.com\/en\/wp-json\/wp\/v2\/pages\/27033\/revisions\/27290"}],"up":[{"embeddable":true,"href":"https:\/\/wiktorklyk.com\/en\/wp-json\/wp\/v2\/pages\/25343"}],"wp:attachment":[{"href":"https:\/\/wiktorklyk.com\/en\/wp-json\/wp\/v2\/media?parent=27033"}],"curies":[{"name":"wp","href":"https:\/\/api.w.org\/{rel}","templated":true}]}}