{"id":27045,"date":"2026-02-01T15:07:21","date_gmt":"2026-02-01T14:07:21","guid":{"rendered":"https:\/\/wiktorklyk.com\/home\/forest-retreat\/"},"modified":"2026-03-12T10:18:16","modified_gmt":"2026-03-12T09:18:16","slug":"forest-retreat","status":"publish","type":"page","link":"https:\/\/wiktorklyk.com\/en\/projects\/forest-retreat\/","title":{"rendered":"Forest meadow"},"content":{"rendered":"\t\t<div data-elementor-type=\"wp-page\" data-elementor-id=\"27045\" class=\"elementor elementor-27045 elementor-26854\" data-elementor-settings=\"{&quot;ha_cmc_init_switcher&quot;:&quot;no&quot;}\" data-elementor-post-type=\"page\">\n\t\t\t\t<div class=\"elementor-element elementor-element-fbbd13e e-con-full u-px--page c-project e-flex e-con e-parent\" data-id=\"fbbd13e\" data-element_type=\"container\" data-e-type=\"container\" data-settings=\"{&quot;_ha_eqh_enable&quot;:false}\">\n\t\t<div class=\"elementor-element elementor-element-48baf85 c-project__title e-flex e-con-boxed e-con e-child\" data-id=\"48baf85\" data-element_type=\"container\" data-e-type=\"container\" data-settings=\"{&quot;_ha_eqh_enable&quot;:false}\">\n\t\t\t\t\t<div class=\"e-con-inner\">\n\t\t\t\t<div class=\"elementor-element elementor-element-5229941  u-pb-2-2 u-pt-5-2 elementor-widget elementor-widget-heading\" data-id=\"5229941\" data-element_type=\"widget\" data-e-type=\"widget\" data-widget_type=\"heading.default\">\n\t\t\t\t<div class=\"elementor-widget-container\">\n\t\t\t\t\t<h1 class=\"elementor-heading-title elementor-size-xxl\">Forest meadow<\/h1>\t\t\t\t<\/div>\n\t\t\t\t<\/div>\n\t\t\t\t\t<\/div>\n\t\t\t\t<\/div>\n\t\t<div class=\"elementor-element elementor-element-e1522d5 e-con-full c-project__data e-flex e-con e-child\" data-id=\"e1522d5\" data-element_type=\"container\" data-e-type=\"container\" data-settings=\"{&quot;_ha_eqh_enable&quot;:false}\">\n\t\t<div class=\"elementor-element elementor-element-cffaaa7 e-con-full c-project__data-lne-1 e-flex e-con e-child\" data-id=\"cffaaa7\" data-element_type=\"container\" data-e-type=\"container\" data-settings=\"{&quot;_ha_eqh_enable&quot;:false}\">\n\t\t\t\t<div class=\"elementor-element elementor-element-a513775 elementor-widget elementor-widget-heading\" data-id=\"a513775\" data-element_type=\"widget\" data-e-type=\"widget\" data-widget_type=\"heading.default\">\n\t\t\t\t<div class=\"elementor-widget-container\">\n\t\t\t\t\t<p class=\"elementor-heading-title elementor-size-default\">3000m\u00b2<\/p>\t\t\t\t<\/div>\n\t\t\t\t<\/div>\n\t\t\t\t<div class=\"elementor-element elementor-element-5dc7a75 elementor-widget elementor-widget-heading\" data-id=\"5dc7a75\" data-element_type=\"widget\" data-e-type=\"widget\" data-widget_type=\"heading.default\">\n\t\t\t\t<div class=\"elementor-widget-container\">\n\t\t\t\t\t<p class=\"elementor-heading-title elementor-size-default\">2024<\/p>\t\t\t\t<\/div>\n\t\t\t\t<\/div>\n\t\t\t\t<div class=\"elementor-element elementor-element-b52ada0 elementor-widget elementor-widget-heading\" data-id=\"b52ada0\" data-element_type=\"widget\" data-e-type=\"widget\" data-widget_type=\"heading.default\">\n\t\t\t\t<div class=\"elementor-widget-container\">\n\t\t\t\t\t<p class=\"elementor-heading-title elementor-size-default\">\u0141\u00f3d\u017a<\/p>\t\t\t\t<\/div>\n\t\t\t\t<\/div>\n\t\t\t\t<\/div>\n\t\t<div class=\"elementor-element elementor-element-0a4a0eb e-con-full c-project__data-lne-2 e-flex e-con e-child\" data-id=\"0a4a0eb\" data-element_type=\"container\" data-e-type=\"container\" data-settings=\"{&quot;_ha_eqh_enable&quot;:false}\">\n\t\t\t\t<div class=\"elementor-element elementor-element-7a06d36 elementor-widget elementor-widget-heading\" data-id=\"7a06d36\" data-element_type=\"widget\" data-e-type=\"widget\" data-widget_type=\"heading.default\">\n\t\t\t\t<div class=\"elementor-widget-container\">\n\t\t\t\t\t<p class=\"elementor-heading-title elementor-size-default\">Garden design:<\/p>\t\t\t\t<\/div>\n\t\t\t\t<\/div>\n\t\t\t\t<div class=\"elementor-element elementor-element-24b5348 elementor-widget elementor-widget-heading\" data-id=\"24b5348\" data-element_type=\"widget\" data-e-type=\"widget\" data-widget_type=\"heading.default\">\n\t\t\t\t<div class=\"elementor-widget-container\">\n\t\t\t\t\t<p class=\"elementor-heading-title elementor-size-default\">K\u0142yk landscaping<\/p>\t\t\t\t<\/div>\n\t\t\t\t<\/div>\n\t\t\t\t<\/div>\n\t\t<div class=\"elementor-element elementor-element-ef566a9 e-con-full c-project__data-lne-2 e-flex e-con e-child\" data-id=\"ef566a9\" data-element_type=\"container\" data-e-type=\"container\" data-settings=\"{&quot;_ha_eqh_enable&quot;:false}\">\n\t\t\t\t<div class=\"elementor-element elementor-element-00c1af9 elementor-widget elementor-widget-heading\" data-id=\"00c1af9\" data-element_type=\"widget\" data-e-type=\"widget\" data-widget_type=\"heading.default\">\n\t\t\t\t<div class=\"elementor-widget-container\">\n\t\t\t\t\t<p class=\"elementor-heading-title elementor-size-default\">Contractor:<\/p>\t\t\t\t<\/div>\n\t\t\t\t<\/div>\n\t\t\t\t<div class=\"elementor-element elementor-element-a152dad elementor-widget elementor-widget-heading\" data-id=\"a152dad\" data-element_type=\"widget\" data-e-type=\"widget\" data-widget_type=\"heading.default\">\n\t\t\t\t<div class=\"elementor-widget-container\">\n\t\t\t\t\t<p class=\"elementor-heading-title elementor-size-default\">Nebri luxury outdoor spaces<\/p>\t\t\t\t<\/div>\n\t\t\t\t<\/div>\n\t\t\t\t<\/div>\n\t\t<div class=\"elementor-element elementor-element-f727b8d e-con-full c-project__data-lne-2 e-flex e-con e-child\" data-id=\"f727b8d\" data-element_type=\"container\" data-e-type=\"container\" data-settings=\"{&quot;_ha_eqh_enable&quot;:false}\">\n\t\t\t\t<div class=\"elementor-element elementor-element-907f6d7 elementor-widget elementor-widget-heading\" data-id=\"907f6d7\" data-element_type=\"widget\" data-e-type=\"widget\" data-widget_type=\"heading.default\">\n\t\t\t\t<div class=\"elementor-widget-container\">\n\t\t\t\t\t<p class=\"elementor-heading-title elementor-size-default\">Architecture:<\/p>\t\t\t\t<\/div>\n\t\t\t\t<\/div>\n\t\t\t\t<div class=\"elementor-element elementor-element-2aa7832 elementor-widget elementor-widget-heading\" data-id=\"2aa7832\" data-element_type=\"widget\" data-e-type=\"widget\" data-widget_type=\"heading.default\">\n\t\t\t\t<div class=\"elementor-widget-container\">\n\t\t\t\t\t<p class=\"elementor-heading-title elementor-size-default\">81waw.pl<\/p>\t\t\t\t<\/div>\n\t\t\t\t<\/div>\n\t\t\t\t<\/div>\n\t\t<div class=\"elementor-element elementor-element-505d716 e-con-full c-project__data-lne-2 e-flex e-con e-child\" data-id=\"505d716\" data-element_type=\"container\" data-e-type=\"container\" data-settings=\"{&quot;_ha_eqh_enable&quot;:false}\">\n\t\t\t\t<div class=\"elementor-element elementor-element-3bd99a5 elementor-widget elementor-widget-heading\" data-id=\"3bd99a5\" data-element_type=\"widget\" data-e-type=\"widget\" data-widget_type=\"heading.default\">\n\t\t\t\t<div class=\"elementor-widget-container\">\n\t\t\t\t\t<p class=\"elementor-heading-title elementor-size-default\">Usda hardiness zone 6B<\/p>\t\t\t\t<\/div>\n\t\t\t\t<\/div>\n\t\t\t\t<\/div>\n\t\t\t\t<\/div>\n\t\t<div class=\"elementor-element elementor-element-795cdee e-con-full c-project__images e-flex e-con e-child\" data-id=\"795cdee\" data-element_type=\"container\" data-e-type=\"container\" data-settings=\"{&quot;_ha_eqh_enable&quot;:false}\">\n\t\t\t\t<div class=\"elementor-element elementor-element-4a321af elementor-widget elementor-widget-image\" data-id=\"4a321af\" data-element_type=\"widget\" data-e-type=\"widget\" data-widget_type=\"image.default\">\n\t\t\t\t<div class=\"elementor-widget-container\">\n\t\t\t\t\t\t\t\t\t\t\t\t\t\t\t<img fetchpriority=\"high\" decoding=\"async\" width=\"800\" height=\"1200\" src=\"https:\/\/wiktorklyk.com\/wp-content\/uploads\/2025\/05\/5-241001_3199-hdr-2-933x1400.jpg\" class=\"attachment-large size-large wp-image-24221\" alt=\"\" srcset=\"https:\/\/wiktorklyk.com\/wp-content\/uploads\/2025\/05\/5-241001_3199-hdr-2-933x1400.jpg 933w, https:\/\/wiktorklyk.com\/wp-content\/uploads\/2025\/05\/5-241001_3199-hdr-2-400x600.jpg 400w, https:\/\/wiktorklyk.com\/wp-content\/uploads\/2025\/05\/5-241001_3199-hdr-2-768x1152.jpg 768w, https:\/\/wiktorklyk.com\/wp-content\/uploads\/2025\/05\/5-241001_3199-hdr-2-1024x1536.jpg 1024w, https:\/\/wiktorklyk.com\/wp-content\/uploads\/2025\/05\/5-241001_3199-hdr-2-1365x2048.jpg 1365w, https:\/\/wiktorklyk.com\/wp-content\/uploads\/2025\/05\/5-241001_3199-hdr-2-scaled.jpg 1706w\" sizes=\"(max-width: 800px) 100vw, 800px\" loading=\"eager\" \/>\t\t\t\t\t\t\t\t\t\t\t\t\t\t\t<\/div>\n\t\t\t\t<\/div>\n\t\t\t\t<div class=\"elementor-element elementor-element-611b415 elementor-widget elementor-widget-image\" data-id=\"611b415\" data-element_type=\"widget\" data-e-type=\"widget\" data-widget_type=\"image.default\">\n\t\t\t\t<div class=\"elementor-widget-container\">\n\t\t\t\t\t\t\t\t\t\t\t\t\t\t\t<img decoding=\"async\" width=\"800\" height=\"800\" src=\"https:\/\/wiktorklyk.com\/wp-content\/uploads\/2025\/05\/8-241001_3212-hdr-1400x1400.jpg\" class=\"attachment-large size-large wp-image-24223\" alt=\"\" srcset=\"https:\/\/wiktorklyk.com\/wp-content\/uploads\/2025\/05\/8-241001_3212-hdr-1400x1400.jpg 1400w, https:\/\/wiktorklyk.com\/wp-content\/uploads\/2025\/05\/8-241001_3212-hdr-600x600.jpg 600w, https:\/\/wiktorklyk.com\/wp-content\/uploads\/2025\/05\/8-241001_3212-hdr-150x150.jpg 150w, https:\/\/wiktorklyk.com\/wp-content\/uploads\/2025\/05\/8-241001_3212-hdr-768x768.jpg 768w, https:\/\/wiktorklyk.com\/wp-content\/uploads\/2025\/05\/8-241001_3212-hdr-1536x1536.jpg 1536w, https:\/\/wiktorklyk.com\/wp-content\/uploads\/2025\/05\/8-241001_3212-hdr-2048x2048.jpg 2048w\" sizes=\"(max-width: 800px) 100vw, 800px\" loading=\"eager\" \/>\t\t\t\t\t\t\t\t\t\t\t\t\t\t\t<\/div>\n\t\t\t\t<\/div>\n\t\t\t\t<div class=\"elementor-element elementor-element-3aa9803 elementor-widget elementor-widget-image\" data-id=\"3aa9803\" data-element_type=\"widget\" data-e-type=\"widget\" data-widget_type=\"image.default\">\n\t\t\t\t<div class=\"elementor-widget-container\">\n\t\t\t\t\t\t\t\t\t\t\t\t\t\t\t<img decoding=\"async\" width=\"800\" height=\"800\" src=\"https:\/\/wiktorklyk.com\/wp-content\/uploads\/2025\/05\/11-241001_3229-hdr-1400x1400.jpg\" class=\"attachment-large size-large wp-image-24225\" alt=\"\" srcset=\"https:\/\/wiktorklyk.com\/wp-content\/uploads\/2025\/05\/11-241001_3229-hdr-1400x1400.jpg 1400w, https:\/\/wiktorklyk.com\/wp-content\/uploads\/2025\/05\/11-241001_3229-hdr-600x600.jpg 600w, https:\/\/wiktorklyk.com\/wp-content\/uploads\/2025\/05\/11-241001_3229-hdr-150x150.jpg 150w, https:\/\/wiktorklyk.com\/wp-content\/uploads\/2025\/05\/11-241001_3229-hdr-768x768.jpg 768w, https:\/\/wiktorklyk.com\/wp-content\/uploads\/2025\/05\/11-241001_3229-hdr-1536x1536.jpg 1536w, https:\/\/wiktorklyk.com\/wp-content\/uploads\/2025\/05\/11-241001_3229-hdr-2048x2048.jpg 2048w\" sizes=\"(max-width: 800px) 100vw, 800px\" loading=\"eager\" \/>\t\t\t\t\t\t\t\t\t\t\t\t\t\t\t<\/div>\n\t\t\t\t<\/div>\n\t\t\t\t<div class=\"elementor-element elementor-element-1b99b88 elementor-widget elementor-widget-image\" data-id=\"1b99b88\" data-element_type=\"widget\" data-e-type=\"widget\" data-widget_type=\"image.default\">\n\t\t\t\t<div class=\"elementor-widget-container\">\n\t\t\t\t\t\t\t\t\t\t\t\t\t\t\t<img decoding=\"async\" width=\"800\" height=\"518\" src=\"https:\/\/wiktorklyk.com\/wp-content\/uploads\/2025\/05\/13-241001_3241-hdr-1400x907.jpg\" class=\"attachment-large size-large wp-image-24227\" alt=\"\" srcset=\"https:\/\/wiktorklyk.com\/wp-content\/uploads\/2025\/05\/13-241001_3241-hdr-1400x907.jpg 1400w, https:\/\/wiktorklyk.com\/wp-content\/uploads\/2025\/05\/13-241001_3241-hdr-600x389.jpg 600w, https:\/\/wiktorklyk.com\/wp-content\/uploads\/2025\/05\/13-241001_3241-hdr-768x498.jpg 768w, https:\/\/wiktorklyk.com\/wp-content\/uploads\/2025\/05\/13-241001_3241-hdr-1536x996.jpg 1536w, https:\/\/wiktorklyk.com\/wp-content\/uploads\/2025\/05\/13-241001_3241-hdr-2048x1327.jpg 2048w\" sizes=\"(max-width: 800px) 100vw, 800px\" loading=\"eager\" \/>\t\t\t\t\t\t\t\t\t\t\t\t\t\t\t<\/div>\n\t\t\t\t<\/div>\n\t\t\t\t<div class=\"elementor-element elementor-element-c99ef23 elementor-widget elementor-widget-image\" data-id=\"c99ef23\" data-element_type=\"widget\" data-e-type=\"widget\" data-widget_type=\"image.default\">\n\t\t\t\t<div class=\"elementor-widget-container\">\n\t\t\t\t\t\t\t\t\t\t\t\t\t\t\t<img decoding=\"async\" width=\"800\" height=\"800\" src=\"https:\/\/wiktorklyk.com\/wp-content\/uploads\/2025\/05\/36-241001_3429-1400x1400.jpg\" class=\"attachment-large size-large wp-image-24229\" alt=\"\" srcset=\"https:\/\/wiktorklyk.com\/wp-content\/uploads\/2025\/05\/36-241001_3429-1400x1400.jpg 1400w, https:\/\/wiktorklyk.com\/wp-content\/uploads\/2025\/05\/36-241001_3429-600x600.jpg 600w, https:\/\/wiktorklyk.com\/wp-content\/uploads\/2025\/05\/36-241001_3429-150x150.jpg 150w, https:\/\/wiktorklyk.com\/wp-content\/uploads\/2025\/05\/36-241001_3429-768x768.jpg 768w, https:\/\/wiktorklyk.com\/wp-content\/uploads\/2025\/05\/36-241001_3429-1536x1536.jpg 1536w, https:\/\/wiktorklyk.com\/wp-content\/uploads\/2025\/05\/36-241001_3429-2048x2048.jpg 2048w\" sizes=\"(max-width: 800px) 100vw, 800px\" loading=\"eager\" \/>\t\t\t\t\t\t\t\t\t\t\t\t\t\t\t<\/div>\n\t\t\t\t<\/div>\n\t\t\t\t<div class=\"elementor-element elementor-element-7ac507a elementor-widget elementor-widget-image\" data-id=\"7ac507a\" data-element_type=\"widget\" data-e-type=\"widget\" data-widget_type=\"image.default\">\n\t\t\t\t<div class=\"elementor-widget-container\">\n\t\t\t\t\t\t\t\t\t\t\t\t\t\t\t<img decoding=\"async\" width=\"800\" height=\"800\" src=\"https:\/\/wiktorklyk.com\/wp-content\/uploads\/2025\/05\/37-241001_3436-1400x1400.jpg\" class=\"attachment-large size-large wp-image-24231\" alt=\"\" srcset=\"https:\/\/wiktorklyk.com\/wp-content\/uploads\/2025\/05\/37-241001_3436-1400x1400.jpg 1400w, https:\/\/wiktorklyk.com\/wp-content\/uploads\/2025\/05\/37-241001_3436-600x600.jpg 600w, https:\/\/wiktorklyk.com\/wp-content\/uploads\/2025\/05\/37-241001_3436-150x150.jpg 150w, https:\/\/wiktorklyk.com\/wp-content\/uploads\/2025\/05\/37-241001_3436-768x768.jpg 768w, https:\/\/wiktorklyk.com\/wp-content\/uploads\/2025\/05\/37-241001_3436-1536x1536.jpg 1536w, https:\/\/wiktorklyk.com\/wp-content\/uploads\/2025\/05\/37-241001_3436-2048x2048.jpg 2048w\" sizes=\"(max-width: 800px) 100vw, 800px\" loading=\"eager\" \/>\t\t\t\t\t\t\t\t\t\t\t\t\t\t\t<\/div>\n\t\t\t\t<\/div>\n\t\t\t\t<div class=\"elementor-element elementor-element-47e5bcb elementor-widget elementor-widget-image\" data-id=\"47e5bcb\" data-element_type=\"widget\" data-e-type=\"widget\" data-widget_type=\"image.default\">\n\t\t\t\t<div class=\"elementor-widget-container\">\n\t\t\t\t\t\t\t\t\t\t\t\t\t\t\t<img decoding=\"async\" width=\"800\" height=\"800\" src=\"https:\/\/wiktorklyk.com\/wp-content\/uploads\/2025\/05\/39-241001_3466-1400x1400.jpg\" class=\"attachment-large size-large wp-image-24233\" alt=\"\" srcset=\"https:\/\/wiktorklyk.com\/wp-content\/uploads\/2025\/05\/39-241001_3466-1400x1400.jpg 1400w, https:\/\/wiktorklyk.com\/wp-content\/uploads\/2025\/05\/39-241001_3466-600x600.jpg 600w, https:\/\/wiktorklyk.com\/wp-content\/uploads\/2025\/05\/39-241001_3466-150x150.jpg 150w, https:\/\/wiktorklyk.com\/wp-content\/uploads\/2025\/05\/39-241001_3466-768x768.jpg 768w, https:\/\/wiktorklyk.com\/wp-content\/uploads\/2025\/05\/39-241001_3466-1536x1536.jpg 1536w, https:\/\/wiktorklyk.com\/wp-content\/uploads\/2025\/05\/39-241001_3466-2048x2048.jpg 2048w\" sizes=\"(max-width: 800px) 100vw, 800px\" loading=\"eager\" \/>\t\t\t\t\t\t\t\t\t\t\t\t\t\t\t<\/div>\n\t\t\t\t<\/div>\n\t\t\t\t<div class=\"elementor-element elementor-element-7da6bf6 elementor-widget elementor-widget-image\" data-id=\"7da6bf6\" data-element_type=\"widget\" data-e-type=\"widget\" data-widget_type=\"image.default\">\n\t\t\t\t<div class=\"elementor-widget-container\">\n\t\t\t\t\t\t\t\t\t\t\t\t\t\t\t<img decoding=\"async\" width=\"800\" height=\"1199\" src=\"https:\/\/wiktorklyk.com\/wp-content\/uploads\/2025\/05\/51-241001_3564-hdr-934x1400.jpg\" class=\"attachment-large size-large wp-image-24235\" alt=\"\" srcset=\"https:\/\/wiktorklyk.com\/wp-content\/uploads\/2025\/05\/51-241001_3564-hdr-934x1400.jpg 934w, https:\/\/wiktorklyk.com\/wp-content\/uploads\/2025\/05\/51-241001_3564-hdr-400x600.jpg 400w, https:\/\/wiktorklyk.com\/wp-content\/uploads\/2025\/05\/51-241001_3564-hdr-768x1151.jpg 768w, https:\/\/wiktorklyk.com\/wp-content\/uploads\/2025\/05\/51-241001_3564-hdr-1025x1536.jpg 1025w, https:\/\/wiktorklyk.com\/wp-content\/uploads\/2025\/05\/51-241001_3564-hdr-1366x2048.jpg 1366w, https:\/\/wiktorklyk.com\/wp-content\/uploads\/2025\/05\/51-241001_3564-hdr-scaled.jpg 1708w\" sizes=\"(max-width: 800px) 100vw, 800px\" loading=\"eager\" \/>\t\t\t\t\t\t\t\t\t\t\t\t\t\t\t<\/div>\n\t\t\t\t<\/div>\n\t\t\t\t<div class=\"elementor-element elementor-element-aec5491 elementor-widget elementor-widget-image\" data-id=\"aec5491\" data-element_type=\"widget\" data-e-type=\"widget\" data-widget_type=\"image.default\">\n\t\t\t\t<div class=\"elementor-widget-container\">\n\t\t\t\t\t\t\t\t\t\t\t\t\t\t\t<img decoding=\"async\" width=\"800\" height=\"800\" src=\"https:\/\/wiktorklyk.com\/wp-content\/uploads\/2025\/05\/107-mag_0051-1400x1400.jpg\" class=\"attachment-large size-large wp-image-24237\" alt=\"\" srcset=\"https:\/\/wiktorklyk.com\/wp-content\/uploads\/2025\/05\/107-mag_0051-1400x1400.jpg 1400w, https:\/\/wiktorklyk.com\/wp-content\/uploads\/2025\/05\/107-mag_0051-600x600.jpg 600w, https:\/\/wiktorklyk.com\/wp-content\/uploads\/2025\/05\/107-mag_0051-150x150.jpg 150w, https:\/\/wiktorklyk.com\/wp-content\/uploads\/2025\/05\/107-mag_0051-768x768.jpg 768w, https:\/\/wiktorklyk.com\/wp-content\/uploads\/2025\/05\/107-mag_0051-1536x1536.jpg 1536w, https:\/\/wiktorklyk.com\/wp-content\/uploads\/2025\/05\/107-mag_0051-2048x2048.jpg 2048w\" sizes=\"(max-width: 800px) 100vw, 800px\" loading=\"eager\" \/>\t\t\t\t\t\t\t\t\t\t\t\t\t\t\t<\/div>\n\t\t\t\t<\/div>\n\t\t\t\t<div class=\"elementor-element elementor-element-447fa22 elementor-widget elementor-widget-image\" data-id=\"447fa22\" data-element_type=\"widget\" data-e-type=\"widget\" data-widget_type=\"image.default\">\n\t\t\t\t<div class=\"elementor-widget-container\">\n\t\t\t\t\t\t\t\t\t\t\t\t\t\t\t<img decoding=\"async\" width=\"800\" height=\"800\" src=\"https:\/\/wiktorklyk.com\/wp-content\/uploads\/2025\/05\/127-mag_0071-1400x1400.jpg\" class=\"attachment-large size-large wp-image-24239\" alt=\"\" srcset=\"https:\/\/wiktorklyk.com\/wp-content\/uploads\/2025\/05\/127-mag_0071-1400x1400.jpg 1400w, https:\/\/wiktorklyk.com\/wp-content\/uploads\/2025\/05\/127-mag_0071-600x600.jpg 600w, https:\/\/wiktorklyk.com\/wp-content\/uploads\/2025\/05\/127-mag_0071-150x150.jpg 150w, https:\/\/wiktorklyk.com\/wp-content\/uploads\/2025\/05\/127-mag_0071-768x768.jpg 768w, https:\/\/wiktorklyk.com\/wp-content\/uploads\/2025\/05\/127-mag_0071-1536x1536.jpg 1536w, https:\/\/wiktorklyk.com\/wp-content\/uploads\/2025\/05\/127-mag_0071-2048x2048.jpg 2048w\" sizes=\"(max-width: 800px) 100vw, 800px\" loading=\"eager\" \/>\t\t\t\t\t\t\t\t\t\t\t\t\t\t\t<\/div>\n\t\t\t\t<\/div>\n\t\t\t\t<\/div>\n\t\t\t\t<\/div>\n\t\t\t\t<\/div>\n\t\t","protected":false},"excerpt":{"rendered":"<p>Forest meadow 3000m\u00b2 2024 \u0141\u00f3d\u017a Garden design: K\u0142yk landscaping Contractor: Nebri luxury outdoor spaces Architecture: 81waw.pl Usda hardiness zone 6B<\/p>\n","protected":false},"author":2,"featured_media":0,"parent":25343,"menu_order":8,"comment_status":"closed","ping_status":"closed","template":"","meta":{"footnotes":""},"class_list":["post-27045","page","type-page","status-publish","hentry"],"_links":{"self":[{"href":"https:\/\/wiktorklyk.com\/en\/wp-json\/wp\/v2\/pages\/27045","targetHints":{"allow":["GET"]}}],"collection":[{"href":"https:\/\/wiktorklyk.com\/en\/wp-json\/wp\/v2\/pages"}],"about":[{"href":"https:\/\/wiktorklyk.com\/en\/wp-json\/wp\/v2\/types\/page"}],"author":[{"embeddable":true,"href":"https:\/\/wiktorklyk.com\/en\/wp-json\/wp\/v2\/users\/2"}],"replies":[{"embeddable":true,"href":"https:\/\/wiktorklyk.com\/en\/wp-json\/wp\/v2\/comments?post=27045"}],"version-history":[{"count":4,"href":"https:\/\/wiktorklyk.com\/en\/wp-json\/wp\/v2\/pages\/27045\/revisions"}],"predecessor-version":[{"id":27715,"href":"https:\/\/wiktorklyk.com\/en\/wp-json\/wp\/v2\/pages\/27045\/revisions\/27715"}],"up":[{"embeddable":true,"href":"https:\/\/wiktorklyk.com\/en\/wp-json\/wp\/v2\/pages\/25343"}],"wp:attachment":[{"href":"https:\/\/wiktorklyk.com\/en\/wp-json\/wp\/v2\/media?parent=27045"}],"curies":[{"name":"wp","href":"https:\/\/api.w.org\/{rel}","templated":true}]}}