{"id":27094,"date":"2026-02-01T15:09:18","date_gmt":"2026-02-01T14:09:18","guid":{"rendered":"https:\/\/wiktorklyk.com\/home\/zurich-patio\/"},"modified":"2026-03-25T12:14:15","modified_gmt":"2026-03-25T11:14:15","slug":"zurich-patio","status":"publish","type":"page","link":"https:\/\/wiktorklyk.com\/en\/projects\/zurich-patio\/","title":{"rendered":"Z\u00fcrich Patio"},"content":{"rendered":"\t\t<div data-elementor-type=\"wp-page\" data-elementor-id=\"27094\" class=\"elementor elementor-27094 elementor-26893\" data-elementor-settings=\"{&quot;ha_cmc_init_switcher&quot;:&quot;no&quot;}\" data-elementor-post-type=\"page\">\n\t\t\t\t<div class=\"elementor-element elementor-element-a3f0e87 e-con-full u-px--page c-project e-flex e-con e-parent\" data-id=\"a3f0e87\" data-element_type=\"container\" data-e-type=\"container\" data-settings=\"{&quot;_ha_eqh_enable&quot;:false}\">\n\t\t<div class=\"elementor-element elementor-element-0f44202 c-project__title e-flex e-con-boxed e-con e-child\" data-id=\"0f44202\" data-element_type=\"container\" data-e-type=\"container\" data-settings=\"{&quot;_ha_eqh_enable&quot;:false}\">\n\t\t\t\t\t<div class=\"e-con-inner\">\n\t\t\t\t<div class=\"elementor-element elementor-element-7bd57e2  u-pb-2-2 u-pt-5-2 elementor-widget elementor-widget-heading\" data-id=\"7bd57e2\" data-element_type=\"widget\" data-e-type=\"widget\" data-widget_type=\"heading.default\">\n\t\t\t\t<div class=\"elementor-widget-container\">\n\t\t\t\t\t<h1 class=\"elementor-heading-title elementor-size-xxl\">Z\u00fcrich Patio<\/h1>\t\t\t\t<\/div>\n\t\t\t\t<\/div>\n\t\t\t\t\t<\/div>\n\t\t\t\t<\/div>\n\t\t<div class=\"elementor-element elementor-element-64a7cdf e-con-full c-project__data e-flex e-con e-child\" data-id=\"64a7cdf\" data-element_type=\"container\" data-e-type=\"container\" data-settings=\"{&quot;_ha_eqh_enable&quot;:false}\">\n\t\t<div class=\"elementor-element elementor-element-baedfd5 e-con-full c-project__data-lne-1 e-flex e-con e-child\" data-id=\"baedfd5\" data-element_type=\"container\" data-e-type=\"container\" data-settings=\"{&quot;_ha_eqh_enable&quot;:false}\">\n\t\t\t\t<div class=\"elementor-element elementor-element-7bd115c elementor-widget elementor-widget-heading\" data-id=\"7bd115c\" data-element_type=\"widget\" data-e-type=\"widget\" data-widget_type=\"heading.default\">\n\t\t\t\t<div class=\"elementor-widget-container\">\n\t\t\t\t\t<p class=\"elementor-heading-title elementor-size-default\">50m\u00b2<\/p>\t\t\t\t<\/div>\n\t\t\t\t<\/div>\n\t\t\t\t<div class=\"elementor-element elementor-element-34a9bd2 elementor-widget elementor-widget-heading\" data-id=\"34a9bd2\" data-element_type=\"widget\" data-e-type=\"widget\" data-widget_type=\"heading.default\">\n\t\t\t\t<div class=\"elementor-widget-container\">\n\t\t\t\t\t<p class=\"elementor-heading-title elementor-size-default\">2021<\/p>\t\t\t\t<\/div>\n\t\t\t\t<\/div>\n\t\t\t\t<div class=\"elementor-element elementor-element-58998db elementor-widget elementor-widget-heading\" data-id=\"58998db\" data-element_type=\"widget\" data-e-type=\"widget\" data-widget_type=\"heading.default\">\n\t\t\t\t<div class=\"elementor-widget-container\">\n\t\t\t\t\t<p class=\"elementor-heading-title elementor-size-default\">Z\u00fcrich<\/p>\t\t\t\t<\/div>\n\t\t\t\t<\/div>\n\t\t\t\t<\/div>\n\t\t<div class=\"elementor-element elementor-element-15014de e-con-full c-project__data-lne-2 e-flex e-con e-child\" data-id=\"15014de\" data-element_type=\"container\" data-e-type=\"container\" data-settings=\"{&quot;_ha_eqh_enable&quot;:false}\">\n\t\t\t\t<div class=\"elementor-element elementor-element-6c651d6 elementor-widget elementor-widget-heading\" data-id=\"6c651d6\" data-element_type=\"widget\" data-e-type=\"widget\" data-widget_type=\"heading.default\">\n\t\t\t\t<div class=\"elementor-widget-container\">\n\t\t\t\t\t<p class=\"elementor-heading-title elementor-size-default\">Garden design:<\/p>\t\t\t\t<\/div>\n\t\t\t\t<\/div>\n\t\t\t\t<div class=\"elementor-element elementor-element-bee1512 elementor-widget elementor-widget-heading\" data-id=\"bee1512\" data-element_type=\"widget\" data-e-type=\"widget\" data-widget_type=\"heading.default\">\n\t\t\t\t<div class=\"elementor-widget-container\">\n\t\t\t\t\t<p class=\"elementor-heading-title elementor-size-default\">K\u0142yk landscaping<\/p>\t\t\t\t<\/div>\n\t\t\t\t<\/div>\n\t\t\t\t<\/div>\n\t\t<div class=\"elementor-element elementor-element-3a6a6a2 e-con-full c-project__data-lne-3 e-flex e-con e-child\" data-id=\"3a6a6a2\" data-element_type=\"container\" data-e-type=\"container\" data-settings=\"{&quot;_ha_eqh_enable&quot;:false}\">\n\t\t\t\t<div class=\"elementor-element elementor-element-2263415 elementor-widget elementor-widget-heading\" data-id=\"2263415\" data-element_type=\"widget\" data-e-type=\"widget\" data-widget_type=\"heading.default\">\n\t\t\t\t<div class=\"elementor-widget-container\">\n\t\t\t\t\t<p class=\"elementor-heading-title elementor-size-default\">Strefa mrozoodporno\u015bci usda 8B<\/p>\t\t\t\t<\/div>\n\t\t\t\t<\/div>\n\t\t\t\t<\/div>\n\t\t\t\t<\/div>\n\t\t<div class=\"elementor-element elementor-element-d9b4a1a e-con-full c-project__images e-flex e-con e-child\" data-id=\"d9b4a1a\" data-element_type=\"container\" data-e-type=\"container\" data-settings=\"{&quot;_ha_eqh_enable&quot;:false}\">\n\t\t\t\t<div class=\"elementor-element elementor-element-70151c2 elementor-widget elementor-widget-image\" data-id=\"70151c2\" data-element_type=\"widget\" data-e-type=\"widget\" data-widget_type=\"image.default\">\n\t\t\t\t<div class=\"elementor-widget-container\">\n\t\t\t\t\t\t\t\t\t\t\t\t\t\t\t<img fetchpriority=\"high\" decoding=\"async\" width=\"800\" height=\"531\" src=\"https:\/\/wiktorklyk.com\/wp-content\/uploads\/2025\/05\/wysoka-rozdzielczosc_5-zdjecie-1-1400x930.jpg\" class=\"attachment-large size-large wp-image-24055\" alt=\"\" srcset=\"https:\/\/wiktorklyk.com\/wp-content\/uploads\/2025\/05\/wysoka-rozdzielczosc_5-zdjecie-1-1400x930.jpg 1400w, https:\/\/wiktorklyk.com\/wp-content\/uploads\/2025\/05\/wysoka-rozdzielczosc_5-zdjecie-1-600x398.jpg 600w, https:\/\/wiktorklyk.com\/wp-content\/uploads\/2025\/05\/wysoka-rozdzielczosc_5-zdjecie-1-768x510.jpg 768w, https:\/\/wiktorklyk.com\/wp-content\/uploads\/2025\/05\/wysoka-rozdzielczosc_5-zdjecie-1-1536x1020.jpg 1536w, https:\/\/wiktorklyk.com\/wp-content\/uploads\/2025\/05\/wysoka-rozdzielczosc_5-zdjecie-1-2048x1360.jpg 2048w\" sizes=\"(max-width: 800px) 100vw, 800px\" loading=\"eager\" \/>\t\t\t\t\t\t\t\t\t\t\t\t\t\t\t<\/div>\n\t\t\t\t<\/div>\n\t\t\t\t<div class=\"elementor-element elementor-element-672bcb9 elementor-widget elementor-widget-image\" data-id=\"672bcb9\" data-element_type=\"widget\" data-e-type=\"widget\" data-widget_type=\"image.default\">\n\t\t\t\t<div class=\"elementor-widget-container\">\n\t\t\t\t\t\t\t\t\t\t\t\t\t\t\t<img decoding=\"async\" width=\"800\" height=\"450\" src=\"https:\/\/wiktorklyk.com\/wp-content\/uploads\/2025\/05\/wysoka-rozdzielczosc_1-photo-1-1400x787.jpg\" class=\"attachment-large size-large wp-image-24054\" alt=\"\" srcset=\"https:\/\/wiktorklyk.com\/wp-content\/uploads\/2025\/05\/wysoka-rozdzielczosc_1-photo-1-1400x787.jpg 1400w, https:\/\/wiktorklyk.com\/wp-content\/uploads\/2025\/05\/wysoka-rozdzielczosc_1-photo-1-600x337.jpg 600w, https:\/\/wiktorklyk.com\/wp-content\/uploads\/2025\/05\/wysoka-rozdzielczosc_1-photo-1-768x432.jpg 768w, https:\/\/wiktorklyk.com\/wp-content\/uploads\/2025\/05\/wysoka-rozdzielczosc_1-photo-1-1536x864.jpg 1536w, https:\/\/wiktorklyk.com\/wp-content\/uploads\/2025\/05\/wysoka-rozdzielczosc_1-photo-1-2048x1152.jpg 2048w\" sizes=\"(max-width: 800px) 100vw, 800px\" loading=\"eager\" \/>\t\t\t\t\t\t\t\t\t\t\t\t\t\t\t<\/div>\n\t\t\t\t<\/div>\n\t\t\t\t<div class=\"elementor-element elementor-element-215c529 elementor-widget elementor-widget-image\" data-id=\"215c529\" data-element_type=\"widget\" data-e-type=\"widget\" data-widget_type=\"image.default\">\n\t\t\t\t<div class=\"elementor-widget-container\">\n\t\t\t\t\t\t\t\t\t\t\t\t\t\t\t<img decoding=\"async\" width=\"800\" height=\"961\" src=\"https:\/\/wiktorklyk.com\/wp-content\/uploads\/2025\/05\/high-resolution-1-1166x1400.jpg\" class=\"attachment-large size-large wp-image-24051\" alt=\"\" srcset=\"https:\/\/wiktorklyk.com\/wp-content\/uploads\/2025\/05\/high-resolution-1-1166x1400.jpg 1166w, https:\/\/wiktorklyk.com\/wp-content\/uploads\/2025\/05\/high-resolution-1-500x600.jpg 500w, https:\/\/wiktorklyk.com\/wp-content\/uploads\/2025\/05\/high-resolution-1-768x922.jpg 768w, https:\/\/wiktorklyk.com\/wp-content\/uploads\/2025\/05\/high-resolution-1-1280x1536.jpg 1280w, https:\/\/wiktorklyk.com\/wp-content\/uploads\/2025\/05\/high-resolution-1-1706x2048.jpg 1706w\" sizes=\"(max-width: 800px) 100vw, 800px\" loading=\"eager\" \/>\t\t\t\t\t\t\t\t\t\t\t\t\t\t\t<\/div>\n\t\t\t\t<\/div>\n\t\t\t\t<div class=\"elementor-element elementor-element-bc0b8f9 elementor-widget elementor-widget-image\" data-id=\"bc0b8f9\" data-element_type=\"widget\" data-e-type=\"widget\" data-widget_type=\"image.default\">\n\t\t\t\t<div class=\"elementor-widget-container\">\n\t\t\t\t\t\t\t\t\t\t\t\t\t\t\t<img decoding=\"async\" width=\"800\" height=\"530\" src=\"https:\/\/wiktorklyk.com\/wp-content\/uploads\/2025\/05\/enhanced_4-1-1400x927.png\" class=\"attachment-large size-large wp-image-24050\" alt=\"\" srcset=\"https:\/\/wiktorklyk.com\/wp-content\/uploads\/2025\/05\/enhanced_4-1-1400x927.png 1400w, https:\/\/wiktorklyk.com\/wp-content\/uploads\/2025\/05\/enhanced_4-1-600x397.png 600w, https:\/\/wiktorklyk.com\/wp-content\/uploads\/2025\/05\/enhanced_4-1-768x509.png 768w, https:\/\/wiktorklyk.com\/wp-content\/uploads\/2025\/05\/enhanced_4-1-1536x1017.png 1536w, https:\/\/wiktorklyk.com\/wp-content\/uploads\/2025\/05\/enhanced_4-1-2048x1356.png 2048w\" sizes=\"(max-width: 800px) 100vw, 800px\" loading=\"eager\" \/>\t\t\t\t\t\t\t\t\t\t\t\t\t\t\t<\/div>\n\t\t\t\t<\/div>\n\t\t\t\t<div class=\"elementor-element elementor-element-4f9e299 elementor-widget elementor-widget-image\" data-id=\"4f9e299\" data-element_type=\"widget\" data-e-type=\"widget\" data-widget_type=\"image.default\">\n\t\t\t\t<div class=\"elementor-widget-container\">\n\t\t\t\t\t\t\t\t\t\t\t\t\t\t\t<img decoding=\"async\" width=\"800\" height=\"961\" src=\"https:\/\/wiktorklyk.com\/wp-content\/uploads\/2025\/05\/a_10-zdjecie-1-1166x1400.jpg\" class=\"attachment-large size-large wp-image-24049\" alt=\"\" srcset=\"https:\/\/wiktorklyk.com\/wp-content\/uploads\/2025\/05\/a_10-zdjecie-1-1166x1400.jpg 1166w, https:\/\/wiktorklyk.com\/wp-content\/uploads\/2025\/05\/a_10-zdjecie-1-500x600.jpg 500w, https:\/\/wiktorklyk.com\/wp-content\/uploads\/2025\/05\/a_10-zdjecie-1-768x922.jpg 768w, https:\/\/wiktorklyk.com\/wp-content\/uploads\/2025\/05\/a_10-zdjecie-1-1280x1536.jpg 1280w, https:\/\/wiktorklyk.com\/wp-content\/uploads\/2025\/05\/a_10-zdjecie-1-1706x2048.jpg 1706w\" sizes=\"(max-width: 800px) 100vw, 800px\" loading=\"eager\" \/>\t\t\t\t\t\t\t\t\t\t\t\t\t\t\t<\/div>\n\t\t\t\t<\/div>\n\t\t\t\t<div class=\"elementor-element elementor-element-7c0ca6b elementor-widget elementor-widget-image\" data-id=\"7c0ca6b\" data-element_type=\"widget\" data-e-type=\"widget\" data-widget_type=\"image.default\">\n\t\t\t\t<div class=\"elementor-widget-container\">\n\t\t\t\t\t\t\t\t\t\t\t\t\t\t\t<img decoding=\"async\" width=\"800\" height=\"961\" src=\"https:\/\/wiktorklyk.com\/wp-content\/uploads\/2025\/05\/a-1-1166x1400.jpg\" class=\"attachment-large size-large wp-image-24048\" alt=\"\" srcset=\"https:\/\/wiktorklyk.com\/wp-content\/uploads\/2025\/05\/a-1-1166x1400.jpg 1166w, https:\/\/wiktorklyk.com\/wp-content\/uploads\/2025\/05\/a-1-500x600.jpg 500w, https:\/\/wiktorklyk.com\/wp-content\/uploads\/2025\/05\/a-1-768x922.jpg 768w, https:\/\/wiktorklyk.com\/wp-content\/uploads\/2025\/05\/a-1-1280x1536.jpg 1280w, https:\/\/wiktorklyk.com\/wp-content\/uploads\/2025\/05\/a-1-1706x2048.jpg 1706w\" sizes=\"(max-width: 800px) 100vw, 800px\" loading=\"eager\" \/>\t\t\t\t\t\t\t\t\t\t\t\t\t\t\t<\/div>\n\t\t\t\t<\/div>\n\t\t\t\t<div class=\"elementor-element elementor-element-436bd7b elementor-widget elementor-widget-image\" data-id=\"436bd7b\" data-element_type=\"widget\" data-e-type=\"widget\" data-widget_type=\"image.default\">\n\t\t\t\t<div class=\"elementor-widget-container\">\n\t\t\t\t\t\t\t\t\t\t\t\t\t\t\t<img decoding=\"async\" width=\"800\" height=\"961\" src=\"https:\/\/wiktorklyk.com\/wp-content\/uploads\/2025\/05\/3-10-1-1166x1400.jpg\" class=\"attachment-large size-large wp-image-24047\" alt=\"\" srcset=\"https:\/\/wiktorklyk.com\/wp-content\/uploads\/2025\/05\/3-10-1-1166x1400.jpg 1166w, https:\/\/wiktorklyk.com\/wp-content\/uploads\/2025\/05\/3-10-1-500x600.jpg 500w, https:\/\/wiktorklyk.com\/wp-content\/uploads\/2025\/05\/3-10-1-768x922.jpg 768w, https:\/\/wiktorklyk.com\/wp-content\/uploads\/2025\/05\/3-10-1-1280x1536.jpg 1280w, https:\/\/wiktorklyk.com\/wp-content\/uploads\/2025\/05\/3-10-1-1706x2048.jpg 1706w\" sizes=\"(max-width: 800px) 100vw, 800px\" loading=\"eager\" \/>\t\t\t\t\t\t\t\t\t\t\t\t\t\t\t<\/div>\n\t\t\t\t<\/div>\n\t\t\t\t<div class=\"elementor-element elementor-element-f1cd96b elementor-widget elementor-widget-image\" data-id=\"f1cd96b\" data-element_type=\"widget\" data-e-type=\"widget\" data-widget_type=\"image.default\">\n\t\t\t\t<div class=\"elementor-widget-container\">\n\t\t\t\t\t\t\t\t\t\t\t\t\t\t\t<img decoding=\"async\" width=\"800\" height=\"961\" src=\"https:\/\/wiktorklyk.com\/wp-content\/uploads\/2025\/05\/2_8-zdjecie-1-1166x1400.jpg\" class=\"attachment-large size-large wp-image-24046\" alt=\"\" srcset=\"https:\/\/wiktorklyk.com\/wp-content\/uploads\/2025\/05\/2_8-zdjecie-1-1166x1400.jpg 1166w, https:\/\/wiktorklyk.com\/wp-content\/uploads\/2025\/05\/2_8-zdjecie-1-500x600.jpg 500w, https:\/\/wiktorklyk.com\/wp-content\/uploads\/2025\/05\/2_8-zdjecie-1-768x922.jpg 768w, https:\/\/wiktorklyk.com\/wp-content\/uploads\/2025\/05\/2_8-zdjecie-1-1280x1536.jpg 1280w, https:\/\/wiktorklyk.com\/wp-content\/uploads\/2025\/05\/2_8-zdjecie-1-1706x2048.jpg 1706w\" sizes=\"(max-width: 800px) 100vw, 800px\" loading=\"eager\" \/>\t\t\t\t\t\t\t\t\t\t\t\t\t\t\t<\/div>\n\t\t\t\t<\/div>\n\t\t\t\t<div class=\"elementor-element elementor-element-55a8874 elementor-widget elementor-widget-image\" data-id=\"55a8874\" data-element_type=\"widget\" data-e-type=\"widget\" data-widget_type=\"image.default\">\n\t\t\t\t<div class=\"elementor-widget-container\">\n\t\t\t\t\t\t\t\t\t\t\t\t\t\t\t<img decoding=\"async\" width=\"800\" height=\"531\" src=\"https:\/\/wiktorklyk.com\/wp-content\/uploads\/2025\/05\/2_6-zdjecie-1-1400x930.jpg\" class=\"attachment-large size-large wp-image-24045\" alt=\"\" srcset=\"https:\/\/wiktorklyk.com\/wp-content\/uploads\/2025\/05\/2_6-zdjecie-1-1400x930.jpg 1400w, https:\/\/wiktorklyk.com\/wp-content\/uploads\/2025\/05\/2_6-zdjecie-1-600x398.jpg 600w, https:\/\/wiktorklyk.com\/wp-content\/uploads\/2025\/05\/2_6-zdjecie-1-768x510.jpg 768w, https:\/\/wiktorklyk.com\/wp-content\/uploads\/2025\/05\/2_6-zdjecie-1-1536x1020.jpg 1536w, https:\/\/wiktorklyk.com\/wp-content\/uploads\/2025\/05\/2_6-zdjecie-1-2048x1360.jpg 2048w\" sizes=\"(max-width: 800px) 100vw, 800px\" loading=\"eager\" \/>\t\t\t\t\t\t\t\t\t\t\t\t\t\t\t<\/div>\n\t\t\t\t<\/div>\n\t\t\t\t<div class=\"elementor-element elementor-element-afcd48b elementor-widget elementor-widget-image\" data-id=\"afcd48b\" data-element_type=\"widget\" data-e-type=\"widget\" data-widget_type=\"image.default\">\n\t\t\t\t<div class=\"elementor-widget-container\">\n\t\t\t\t\t\t\t\t\t\t\t\t\t\t\t<img decoding=\"async\" width=\"800\" height=\"531\" src=\"https:\/\/wiktorklyk.com\/wp-content\/uploads\/2025\/05\/2_4-zdjecie-1-1400x930.jpg\" class=\"attachment-large size-large wp-image-24044\" alt=\"\" srcset=\"https:\/\/wiktorklyk.com\/wp-content\/uploads\/2025\/05\/2_4-zdjecie-1-1400x930.jpg 1400w, https:\/\/wiktorklyk.com\/wp-content\/uploads\/2025\/05\/2_4-zdjecie-1-600x398.jpg 600w, https:\/\/wiktorklyk.com\/wp-content\/uploads\/2025\/05\/2_4-zdjecie-1-768x510.jpg 768w, https:\/\/wiktorklyk.com\/wp-content\/uploads\/2025\/05\/2_4-zdjecie-1-1536x1020.jpg 1536w, https:\/\/wiktorklyk.com\/wp-content\/uploads\/2025\/05\/2_4-zdjecie-1-2048x1360.jpg 2048w\" sizes=\"(max-width: 800px) 100vw, 800px\" loading=\"eager\" \/>\t\t\t\t\t\t\t\t\t\t\t\t\t\t\t<\/div>\n\t\t\t\t<\/div>\n\t\t\t\t<div class=\"elementor-element elementor-element-f4a6513 elementor-widget elementor-widget-image\" data-id=\"f4a6513\" data-element_type=\"widget\" data-e-type=\"widget\" data-widget_type=\"image.default\">\n\t\t\t\t<div class=\"elementor-widget-container\">\n\t\t\t\t\t\t\t\t\t\t\t\t\t\t\t<img decoding=\"async\" width=\"800\" height=\"450\" src=\"https:\/\/wiktorklyk.com\/wp-content\/uploads\/2025\/05\/1_5-zdjecie-1-1400x787.jpg\" class=\"attachment-large size-large wp-image-24043\" alt=\"\" srcset=\"https:\/\/wiktorklyk.com\/wp-content\/uploads\/2025\/05\/1_5-zdjecie-1-1400x787.jpg 1400w, https:\/\/wiktorklyk.com\/wp-content\/uploads\/2025\/05\/1_5-zdjecie-1-600x337.jpg 600w, https:\/\/wiktorklyk.com\/wp-content\/uploads\/2025\/05\/1_5-zdjecie-1-768x432.jpg 768w, https:\/\/wiktorklyk.com\/wp-content\/uploads\/2025\/05\/1_5-zdjecie-1-1536x864.jpg 1536w, https:\/\/wiktorklyk.com\/wp-content\/uploads\/2025\/05\/1_5-zdjecie-1-2048x1152.jpg 2048w\" sizes=\"(max-width: 800px) 100vw, 800px\" loading=\"eager\" \/>\t\t\t\t\t\t\t\t\t\t\t\t\t\t\t<\/div>\n\t\t\t\t<\/div>\n\t\t\t\t<div class=\"elementor-element elementor-element-6b97184 elementor-widget elementor-widget-image\" data-id=\"6b97184\" data-element_type=\"widget\" data-e-type=\"widget\" data-widget_type=\"image.default\">\n\t\t\t\t<div class=\"elementor-widget-container\">\n\t\t\t\t\t\t\t\t\t\t\t\t\t\t\t<img decoding=\"async\" width=\"800\" height=\"531\" src=\"https:\/\/wiktorklyk.com\/wp-content\/uploads\/2025\/05\/1_3-zdjecie-1-2-1-1400x930.jpg\" class=\"attachment-large size-large wp-image-24042\" alt=\"\" srcset=\"https:\/\/wiktorklyk.com\/wp-content\/uploads\/2025\/05\/1_3-zdjecie-1-2-1-1400x930.jpg 1400w, https:\/\/wiktorklyk.com\/wp-content\/uploads\/2025\/05\/1_3-zdjecie-1-2-1-600x398.jpg 600w, https:\/\/wiktorklyk.com\/wp-content\/uploads\/2025\/05\/1_3-zdjecie-1-2-1-768x510.jpg 768w, https:\/\/wiktorklyk.com\/wp-content\/uploads\/2025\/05\/1_3-zdjecie-1-2-1-1536x1020.jpg 1536w, https:\/\/wiktorklyk.com\/wp-content\/uploads\/2025\/05\/1_3-zdjecie-1-2-1-2048x1360.jpg 2048w\" sizes=\"(max-width: 800px) 100vw, 800px\" loading=\"eager\" \/>\t\t\t\t\t\t\t\t\t\t\t\t\t\t\t<\/div>\n\t\t\t\t<\/div>\n\t\t\t\t<div class=\"elementor-element elementor-element-7dc3c00 elementor-widget elementor-widget-image\" data-id=\"7dc3c00\" data-element_type=\"widget\" data-e-type=\"widget\" data-widget_type=\"image.default\">\n\t\t\t\t<div class=\"elementor-widget-container\">\n\t\t\t\t\t\t\t\t\t\t\t\t\t\t\t<img decoding=\"async\" width=\"800\" height=\"961\" src=\"https:\/\/wiktorklyk.com\/wp-content\/uploads\/2025\/05\/1_2-zdjecie-1-1-1166x1400.jpg\" class=\"attachment-large size-large wp-image-24040\" alt=\"\" srcset=\"https:\/\/wiktorklyk.com\/wp-content\/uploads\/2025\/05\/1_2-zdjecie-1-1-1166x1400.jpg 1166w, https:\/\/wiktorklyk.com\/wp-content\/uploads\/2025\/05\/1_2-zdjecie-1-1-500x600.jpg 500w, https:\/\/wiktorklyk.com\/wp-content\/uploads\/2025\/05\/1_2-zdjecie-1-1-768x922.jpg 768w, https:\/\/wiktorklyk.com\/wp-content\/uploads\/2025\/05\/1_2-zdjecie-1-1-1280x1536.jpg 1280w, https:\/\/wiktorklyk.com\/wp-content\/uploads\/2025\/05\/1_2-zdjecie-1-1-1706x2048.jpg 1706w\" sizes=\"(max-width: 800px) 100vw, 800px\" loading=\"eager\" \/>\t\t\t\t\t\t\t\t\t\t\t\t\t\t\t<\/div>\n\t\t\t\t<\/div>\n\t\t\t\t<div class=\"elementor-element elementor-element-460cb7e elementor-widget elementor-widget-image\" data-id=\"460cb7e\" data-element_type=\"widget\" data-e-type=\"widget\" data-widget_type=\"image.default\">\n\t\t\t\t<div class=\"elementor-widget-container\">\n\t\t\t\t\t\t\t\t\t\t\t\t\t\t\t<img decoding=\"async\" width=\"800\" height=\"531\" src=\"https:\/\/wiktorklyk.com\/wp-content\/uploads\/2025\/05\/1_1-photo-1-1400x930.jpg\" class=\"attachment-large size-large wp-image-24039\" alt=\"\" srcset=\"https:\/\/wiktorklyk.com\/wp-content\/uploads\/2025\/05\/1_1-photo-1-1400x930.jpg 1400w, https:\/\/wiktorklyk.com\/wp-content\/uploads\/2025\/05\/1_1-photo-1-600x398.jpg 600w, https:\/\/wiktorklyk.com\/wp-content\/uploads\/2025\/05\/1_1-photo-1-768x510.jpg 768w, https:\/\/wiktorklyk.com\/wp-content\/uploads\/2025\/05\/1_1-photo-1-1536x1020.jpg 1536w, https:\/\/wiktorklyk.com\/wp-content\/uploads\/2025\/05\/1_1-photo-1-2048x1360.jpg 2048w\" sizes=\"(max-width: 800px) 100vw, 800px\" loading=\"eager\" \/>\t\t\t\t\t\t\t\t\t\t\t\t\t\t\t<\/div>\n\t\t\t\t<\/div>\n\t\t\t\t<\/div>\n\t\t\t\t<\/div>\n\t\t\t\t<\/div>\n\t\t","protected":false},"excerpt":{"rendered":"<p>Z\u00fcrich Patio 50m\u00b2 2021 Z\u00fcrich Garden design: K\u0142yk landscaping Strefa mrozoodporno\u015bci usda 8B<\/p>\n","protected":false},"author":2,"featured_media":0,"parent":25343,"menu_order":21,"comment_status":"closed","ping_status":"closed","template":"","meta":{"footnotes":""},"class_list":["post-27094","page","type-page","status-publish","hentry"],"_links":{"self":[{"href":"https:\/\/wiktorklyk.com\/en\/wp-json\/wp\/v2\/pages\/27094","targetHints":{"allow":["GET"]}}],"collection":[{"href":"https:\/\/wiktorklyk.com\/en\/wp-json\/wp\/v2\/pages"}],"about":[{"href":"https:\/\/wiktorklyk.com\/en\/wp-json\/wp\/v2\/types\/page"}],"author":[{"embeddable":true,"href":"https:\/\/wiktorklyk.com\/en\/wp-json\/wp\/v2\/users\/2"}],"replies":[{"embeddable":true,"href":"https:\/\/wiktorklyk.com\/en\/wp-json\/wp\/v2\/comments?post=27094"}],"version-history":[{"count":2,"href":"https:\/\/wiktorklyk.com\/en\/wp-json\/wp\/v2\/pages\/27094\/revisions"}],"predecessor-version":[{"id":27825,"href":"https:\/\/wiktorklyk.com\/en\/wp-json\/wp\/v2\/pages\/27094\/revisions\/27825"}],"up":[{"embeddable":true,"href":"https:\/\/wiktorklyk.com\/en\/wp-json\/wp\/v2\/pages\/25343"}],"wp:attachment":[{"href":"https:\/\/wiktorklyk.com\/en\/wp-json\/wp\/v2\/media?parent=27094"}],"curies":[{"name":"wp","href":"https:\/\/api.w.org\/{rel}","templated":true}]}}