{"id":27246,"date":"2026-02-03T17:03:52","date_gmt":"2026-02-03T16:03:52","guid":{"rendered":"https:\/\/wiktorklyk.com\/office\/aleksandra-klyk\/"},"modified":"2026-02-25T11:19:51","modified_gmt":"2026-02-25T10:19:51","slug":"aleksandra-klyk","status":"publish","type":"page","link":"https:\/\/wiktorklyk.com\/en\/office\/aleksandra-klyk\/","title":{"rendered":"Aleksandra K\u0142yk"},"content":{"rendered":"\t\t<div data-elementor-type=\"wp-page\" data-elementor-id=\"27246\" class=\"elementor elementor-27246 elementor-27166\" data-elementor-settings=\"{&quot;ha_cmc_init_switcher&quot;:&quot;no&quot;}\" data-elementor-post-type=\"page\">\n\t\t\t\t<div class=\"elementor-element elementor-element-34078a6 fx-marquee  u-pt-7-7  u-pb-2-2 e-flex e-con-boxed e-con e-parent\" data-id=\"34078a6\" data-element_type=\"container\" data-e-type=\"container\" data-settings=\"{&quot;_ha_eqh_enable&quot;:false}\">\n\t\t\t\t\t<div class=\"e-con-inner\">\n\t\t<div class=\"elementor-element elementor-element-5cf1915 e-con-full fx-marquee__rail e-flex e-con e-child\" data-id=\"5cf1915\" data-element_type=\"container\" data-e-type=\"container\" data-settings=\"{&quot;_ha_eqh_enable&quot;:false}\">\n\t\t\t\t<div class=\"elementor-element elementor-element-3c8017e u-pt-0--heading elementor-widget elementor-widget-heading\" data-id=\"3c8017e\" data-element_type=\"widget\" data-e-type=\"widget\" data-widget_type=\"heading.default\">\n\t\t\t\t<div class=\"elementor-widget-container\">\n\t\t\t\t\t<p class=\"elementor-heading-title elementor-size-xxl\">Aleksandra Ko\u015bciow-K\u0142yk<\/p>\t\t\t\t<\/div>\n\t\t\t\t<\/div>\n\t\t\t\t<div class=\"elementor-element elementor-element-b8e129a u-pt-0--heading elementor-widget elementor-widget-heading\" data-id=\"b8e129a\" data-element_type=\"widget\" data-e-type=\"widget\" data-widget_type=\"heading.default\">\n\t\t\t\t<div class=\"elementor-widget-container\">\n\t\t\t\t\t<p class=\"elementor-heading-title elementor-size-xxl\">Aleksandra Ko\u015bciow-K\u0142yk<\/p>\t\t\t\t<\/div>\n\t\t\t\t<\/div>\n\t\t\t\t<div class=\"elementor-element elementor-element-40f9ae6 u-pt-0--heading elementor-widget elementor-widget-heading\" data-id=\"40f9ae6\" data-element_type=\"widget\" data-e-type=\"widget\" data-widget_type=\"heading.default\">\n\t\t\t\t<div class=\"elementor-widget-container\">\n\t\t\t\t\t<p class=\"elementor-heading-title elementor-size-xxl\">Aleksandra Ko\u015bciow-K\u0142yk<\/p>\t\t\t\t<\/div>\n\t\t\t\t<\/div>\n\t\t\t\t<div class=\"elementor-element elementor-element-144caa2 u-pt-0--heading elementor-widget elementor-widget-heading\" data-id=\"144caa2\" data-element_type=\"widget\" data-e-type=\"widget\" data-widget_type=\"heading.default\">\n\t\t\t\t<div class=\"elementor-widget-container\">\n\t\t\t\t\t<p class=\"elementor-heading-title elementor-size-xxl\">Aleksandra Ko\u015bciow-K\u0142yk<\/p>\t\t\t\t<\/div>\n\t\t\t\t<\/div>\n\t\t\t\t<div class=\"elementor-element elementor-element-f3b656d u-pt-0--heading elementor-widget elementor-widget-heading\" data-id=\"f3b656d\" data-element_type=\"widget\" data-e-type=\"widget\" data-widget_type=\"heading.default\">\n\t\t\t\t<div class=\"elementor-widget-container\">\n\t\t\t\t\t<p class=\"elementor-heading-title elementor-size-xxl\">Aleksandra Ko\u015bciow-K\u0142yk<\/p>\t\t\t\t<\/div>\n\t\t\t\t<\/div>\n\t\t\t\t<div class=\"elementor-element elementor-element-83e57e5 u-pt-0--heading elementor-widget elementor-widget-heading\" data-id=\"83e57e5\" data-element_type=\"widget\" data-e-type=\"widget\" data-widget_type=\"heading.default\">\n\t\t\t\t<div class=\"elementor-widget-container\">\n\t\t\t\t\t<p class=\"elementor-heading-title elementor-size-xxl\">Aleksandra Ko\u015bciow-K\u0142yk<\/p>\t\t\t\t<\/div>\n\t\t\t\t<\/div>\n\t\t\t\t<\/div>\n\t\t\t\t\t<\/div>\n\t\t\t\t<\/div>\n\t\t<div class=\"elementor-element elementor-element-98205a1 e-con-full  u-px--page  u-pb-4-4 e-flex e-con e-parent\" data-id=\"98205a1\" data-element_type=\"container\" data-e-type=\"container\" data-settings=\"{&quot;_ha_eqh_enable&quot;:false}\">\n\t\t\t\t<div class=\"elementor-element elementor-element-1a2a4d3 elementor-widget elementor-widget-video\" data-id=\"1a2a4d3\" data-element_type=\"widget\" data-e-type=\"widget\" data-settings=\"{&quot;video_type&quot;:&quot;hosted&quot;,&quot;autoplay&quot;:&quot;yes&quot;,&quot;play_on_mobile&quot;:&quot;yes&quot;,&quot;mute&quot;:&quot;yes&quot;,&quot;loop&quot;:&quot;yes&quot;,&quot;controls&quot;:&quot;yes&quot;}\" data-widget_type=\"video.default\">\n\t\t\t\t<div class=\"elementor-widget-container\">\n\t\t\t\t\t\t\t<div class=\"e-hosted-video elementor-wrapper elementor-open-inline\">\n\t\t\t\t\t<video class=\"elementor-video\" src=\"https:\/\/wiktorklyk.com\/wp-content\/uploads\/2026\/02\/ola.mp4\" autoplay=\"\" loop=\"\" controls=\"\" muted=\"muted\" playsinline=\"\" controlsList=\"nodownload\"><\/video>\n\t\t\t\t<\/div>\n\t\t\t\t\t\t<\/div>\n\t\t\t\t<\/div>\n\t\t\t\t<\/div>\n\t\t<div class=\"elementor-element elementor-element-098fc98 e-con-full  u-px--page u-pb-3-6  e-flex e-con e-parent\" data-id=\"098fc98\" data-element_type=\"container\" data-e-type=\"container\" data-settings=\"{&quot;_ha_eqh_enable&quot;:false}\">\n\t\t<div class=\"elementor-element elementor-element-b14dc24 e-con-full e-flex e-con e-child\" data-id=\"b14dc24\" data-element_type=\"container\" data-e-type=\"container\" data-settings=\"{&quot;_ha_eqh_enable&quot;:false}\">\n\t\t\t\t<div class=\"elementor-element elementor-element-7559252  u-pb-3-3 u-pt-0--heading   fx-splittext-line   elementor-widget elementor-widget-heading\" data-id=\"7559252\" data-element_type=\"widget\" data-e-type=\"widget\" data-widget_type=\"heading.default\">\n\t\t\t\t<div class=\"elementor-widget-container\">\n\t\t\t\t\t<p class=\"elementor-heading-title elementor-size-xl\">About<\/p>\t\t\t\t<\/div>\n\t\t\t\t<\/div>\n\t\t\t\t<\/div>\n\t\t<div class=\"elementor-element elementor-element-7aa2fa5 e-con-full e-flex e-con e-child\" data-id=\"7aa2fa5\" data-element_type=\"container\" data-e-type=\"container\" data-settings=\"{&quot;_ha_eqh_enable&quot;:false}\">\n\t\t<div class=\"elementor-element elementor-element-5d4ab33 e-con-full e-flex e-con e-child\" data-id=\"5d4ab33\" data-element_type=\"container\" data-e-type=\"container\" data-settings=\"{&quot;_ha_eqh_enable&quot;:false}\">\n\t\t\t\t<div class=\"elementor-element elementor-element-ecdb3c0 elementor-widget elementor-widget-text-editor\" data-id=\"ecdb3c0\" data-element_type=\"widget\" data-e-type=\"widget\" data-widget_type=\"text-editor.default\">\n\t\t\t\t<div class=\"elementor-widget-container\">\n\t\t\t\t\t\t\t\t\t<p>Brand &amp; Narrative Director, responsible for the brand strategy and visual direction of our client communication. <\/p><p>For a decade she ran an original interior architecture and furniture design office. She taught at the Academy of Art in Szczecin and served as artistic director of the Old Slaughterhouse.<\/p><p>Winner of Arena Design Pozna\u0144, AK30 Pozna\u0144 and Wroclove Design. Creator of original exhibitions of graphics.<\/p><p>Master of Arts<\/p>\t\t\t\t\t\t\t\t<\/div>\n\t\t\t\t<\/div>\n\t\t\t\t<\/div>\n\t\t\t\t<\/div>\n\t\t\t\t<\/div>\n\t\t\t\t<\/div>\n\t\t","protected":false},"excerpt":{"rendered":"<p>Aleksandra Ko\u015bciow-K\u0142yk Aleksandra Ko\u015bciow-K\u0142yk Aleksandra Ko\u015bciow-K\u0142yk Aleksandra Ko\u015bciow-K\u0142yk Aleksandra Ko\u015bciow-K\u0142yk Aleksandra Ko\u015bciow-K\u0142yk https:\/\/wiktorklyk.com\/wp-content\/uploads\/2026\/02\/ola.mp4 About Brand &amp; Narrative Director, responsible for the brand strategy and visual direction of our client communication. For a decade she ran an original interior architecture and furniture design office. She taught at the Academy of Art in Szczecin and served as [&hellip;]<\/p>\n","protected":false},"author":1,"featured_media":0,"parent":25381,"menu_order":0,"comment_status":"closed","ping_status":"closed","template":"","meta":{"footnotes":""},"class_list":["post-27246","page","type-page","status-publish","hentry"],"_links":{"self":[{"href":"https:\/\/wiktorklyk.com\/en\/wp-json\/wp\/v2\/pages\/27246","targetHints":{"allow":["GET"]}}],"collection":[{"href":"https:\/\/wiktorklyk.com\/en\/wp-json\/wp\/v2\/pages"}],"about":[{"href":"https:\/\/wiktorklyk.com\/en\/wp-json\/wp\/v2\/types\/page"}],"author":[{"embeddable":true,"href":"https:\/\/wiktorklyk.com\/en\/wp-json\/wp\/v2\/users\/1"}],"replies":[{"embeddable":true,"href":"https:\/\/wiktorklyk.com\/en\/wp-json\/wp\/v2\/comments?post=27246"}],"version-history":[{"count":2,"href":"https:\/\/wiktorklyk.com\/en\/wp-json\/wp\/v2\/pages\/27246\/revisions"}],"predecessor-version":[{"id":27528,"href":"https:\/\/wiktorklyk.com\/en\/wp-json\/wp\/v2\/pages\/27246\/revisions\/27528"}],"up":[{"embeddable":true,"href":"https:\/\/wiktorklyk.com\/en\/wp-json\/wp\/v2\/pages\/25381"}],"wp:attachment":[{"href":"https:\/\/wiktorklyk.com\/en\/wp-json\/wp\/v2\/media?parent=27246"}],"curies":[{"name":"wp","href":"https:\/\/api.w.org\/{rel}","templated":true}]}}