{"id":27298,"date":"2024-12-18T10:35:52","date_gmt":"2024-12-18T09:35:52","guid":{"rendered":"https:\/\/wiktorklyk.com\/polityka-prywatnosci\/"},"modified":"2026-02-19T17:12:31","modified_gmt":"2026-02-19T16:12:31","slug":"polityka-prywatnosci","status":"publish","type":"page","link":"https:\/\/wiktorklyk.com\/en\/polityka-prywatnosci\/","title":{"rendered":"Polityka prywatno\u015bci"},"content":{"rendered":"\t\t<div data-elementor-type=\"wp-page\" data-elementor-id=\"27298\" class=\"elementor elementor-27298 elementor-22968\" data-elementor-settings=\"{&quot;ha_cmc_init_switcher&quot;:&quot;no&quot;}\" data-elementor-post-type=\"page\">\n\t\t\t\t<div class=\"elementor-element elementor-element-789eb90 u-px--page u-pt--page u-pb-5-5 u-min-height--100vh  e-con-full e-flex e-con e-parent\" data-id=\"789eb90\" data-element_type=\"container\" data-e-type=\"container\" data-settings=\"{&quot;_ha_eqh_enable&quot;:false}\">\n\t\t\t\t<div class=\"elementor-element elementor-element-ce16ea9  u-pt-5-5 elementor-widget elementor-widget-heading\" data-id=\"ce16ea9\" data-element_type=\"widget\" data-e-type=\"widget\" data-widget_type=\"heading.default\">\n\t\t\t\t<div class=\"elementor-widget-container\">\n\t\t\t\t\t<h1 class=\"elementor-heading-title elementor-size-xxl\">Polityka prywatno\u015bci<\/h1>\t\t\t\t<\/div>\n\t\t\t\t<\/div>\n\t\t<div class=\"elementor-element elementor-element-c1682da e-con-full e-flex e-con e-child\" data-id=\"c1682da\" data-element_type=\"container\" data-e-type=\"container\" data-settings=\"{&quot;_ha_eqh_enable&quot;:false}\">\n\t\t\t\t<div class=\"elementor-element elementor-element-d0fcf72 elementor-widget elementor-widget-text-editor\" data-id=\"d0fcf72\" data-element_type=\"widget\" data-e-type=\"widget\" data-widget_type=\"text-editor.default\">\n\t\t\t\t<div class=\"elementor-widget-container\">\n\t\t\t\t\t\t\t\t\t<h2>\u00a7.1 Postanowienia Og\u00f3lne <\/h2><ol><li>Administratorem danych jest WIKTOR K\u0141YK LANDSCAPING z siedzib\u0105 w Szczecinie, Ul. Komuny Paryskiej, nr 10C, wpisanej do Rejestru Przedsi\u0119biorc\u00f3w, dla kt\u00f3rej akta rejestrowe prowadzi S\u0105d Okr\u0119gowy w Szczecinie, Wydzia\u0142 Gospodarczy Krajowego Rejestru S\u0105dowego, NIP: 8513111619, REGON: 320832307. <\/li><li>Ochrona danych odbywa si\u0119 zgodnie z wymogami powszechnie obowi\u0105zuj\u0105cych przepis\u00f3w prawa, a ich przechowywanie ma miejsce na zabezpieczonych serwerach.<\/li><li>Dla interpretacji termin\u00f3w stosuje si\u0119 s\u0142owniczek Regulaminu lub tak jak zosta\u0142o to opisane w Polityce Prywatno\u015bci (je\u017celi wynika to bezpo\u015brednio z opisu).<\/li><li>Na potrzeby lepszego odbioru Polityki Prywatno\u015bci termin \u201eU\u017cytkownik\u201d zast\u0105piony zosta\u0142 okre\u015bleniem \u201eTy\u201d, \u201eAdministrator\u201d \u2013 \u201eMy\u201d. Termin \u201eRODO\u201d oznacza Rozporz\u0105dzenie Parlamentu Europejskiego i Rady (UE) 2016\/679 z dnia 27 kwietnia 2016 r. w sprawie ochrony os\u00f3b fizycznych w zwi\u0105zku z przetwarzaniem danych osobowych i w sprawie swobodnego przep\u0142ywu takich danych oraz uchylenia dyrektywy 95\/46\/WE.  <\/li><li>Szanujemy prawo do prywatno\u015bci i dbamy o bezpiecze\u0144stwo danych. W tym celu u\u017cywany jest m.in. bezpieczny protok\u00f3\u0142 szyfrowania komunikacji (SSL).  <\/li><li>Dane osobowe podawane w formularzu na stronie s\u0105 traktowane jako poufne i nie s\u0105 widoczne dla os\u00f3b nieuprawnionych.<\/li><li>Us\u0142ugodawca jest administratorem danych swoich klient\u00f3w. Oznacza to, \u017ce je\u015bli posiadasz Konto na naszej stronie, to przetwarzamy Twoje dane jak: imi\u0119, nazwisko, adres e-mail, numer telefonu, stanowisko, miejsce pracy, adres IP. <\/li><li>Us\u0142ugodawca jest tak\u017ce administratorem os\u00f3b zapisanych na newsletter i os\u00f3b zapisanych na webinar.<\/li><li>Dane osobowe przetwarzane s\u0105:a. zgodnie z przepisami dotycz\u0105cymi ochrony danych osobowych,b. zgodnie z wdro\u017con\u0105 Polityk\u0105 Prywatno\u015bci,c. w zakresie i celu niezb\u0119dnym do nawi\u0105zania, ukszta\u0142towania tre\u015bci Umowy, zmiany b\u0105d\u017a jej rozwi\u0105zania oraz prawid\u0142owej realizacji Us\u0142ug \u015bwiadczonych drog\u0105 elektroniczn\u0105,d. w zakresie i celu niezb\u0119dnym do wype\u0142nienia uzasadnionych interes\u00f3w (prawnie usprawiedliwionych cel\u00f3w), a przetwarzanie nie narusza praw i wolno\u015bci osoby, kt\u00f3rej dane dotycz\u0105: w zakresie i celu zgodnym ze zgod\u0105 wyra\u017con\u0105 przez Ciebie je\u015bli zapisa\u0142e\u015b si\u0119 na newsletter, w zakresie i celu zgodnym z wyra\u017con\u0105 przez Ciebie zgod\u0105 je\u017celi zapisa\u0142e\u015b si\u0119 na webinar.    <\/li><li>Ka\u017cda osoba, kt\u00f3rej dane dotycz\u0105 (je\u017celi jeste\u015bmy ich administratorem) ma prawo dost\u0119pu do danych, sprostowania, usuni\u0119cia lub ograniczenia przetwarzania, prawo sprzeciwu, prawo wniesienia skargi do organu nadzorczego.<\/li><li>Kontakt z osob\u0105 nadzoruj\u0105c\u0105 przetwarzanie danych osobowych w organizacji Us\u0142ugodawcy jest mo\u017cliwy drog\u0105 elektroniczn\u0105 pod adresem e-mail: wiktorklyk@gmail.com.<\/li><li>Zastrzegamy sobie prawo do przetwarzania Twoich danych po rozwi\u0105zaniu Umowy lub cofni\u0119ciu zgody tylko w zakresie na potrzeby dochodzenia ewentualnych roszcze\u0144 przed s\u0105dem lub je\u017celi przepisy krajowe albo unijne b\u0105d\u017a prawa mi\u0119dzynarodowego obliguj\u0105 nas do retencji danych.<\/li><li>Us\u0142ugodawca ma prawo udost\u0119pnia\u0107 dane osobowe U\u017cytkownika oraz innych jego danych podmiotom upowa\u017cnionym na podstawie w\u0142a\u015bciwych przepis\u00f3w prawa (np. organom \u015bcigania).<\/li><li>Usuni\u0119cie danych osobowych mo\u017ce nast\u0105pi\u0107 na skutek cofni\u0119cia zgody b\u0105d\u017a wniesienia prawnie dopuszczalnego sprzeciwu na przetwarzanie danych osobowych.<\/li><li>Us\u0142ugodawca nie udost\u0119pniania danych osobowych innym podmiotom ani\u017celi upowa\u017cnionym na podstawie w\u0142a\u015bciwych przepis\u00f3w prawa.<\/li><li>Wdro\u017cyli\u015bmy pseudonimizacj\u0119, szyfrowanie danych oraz mamy wprowadzon\u0105 kontrol\u0119 dost\u0119pu dzi\u0119ki czemu minimalizujemy skutki ewentualnego naruszenia bezpiecze\u0144stwa danych.<\/li><li>Dane osobowe przetwarzaj\u0105 osoby wy\u0142\u0105cznie upowa\u017cnione przez nas albo przetwarzaj\u0105cy, z kt\u00f3rymi \u015bci\u015ble wsp\u00f3\u0142pracujemy.<\/li><\/ol><h2>\u00a72. Pliki cookies <\/h2><ol><li>Witryna wiktorklyk.com u\u017cywa cookies. S\u0105 to niewielkie pliki tekstowe wysy\u0142ane przez serwer www i przechowywane przez oprogramowanie komputera przegl\u0105darki. Kiedy przegl\u0105darka ponownie po\u0142\u0105czy si\u0119 ze stron\u0105, witryna rozpoznaje rodzaj urz\u0105dzenia, z kt\u00f3rego \u0142\u0105czy si\u0119 u\u017cytkownik. Parametry pozwalaj\u0105 na odczytanie informacji w nich zawartych jedynie serwerowi, kt\u00f3ry je utworzy\u0142. Cookies u\u0142atwiaj\u0105 wi\u0119c korzystanie z wcze\u015bniej odwiedzonych witryn. Gromadzone informacje dotycz\u0105 adresu IP, typu wykorzystywanej przegl\u0105darki, j\u0119zyka, rodzaju systemu operacyjnego, dostawcy us\u0142ug internetowych, informacji o czasie i dacie, lokalizacji oraz informacji przesy\u0142anych do witryny za po\u015brednictwem formularza kontaktowego.     <\/li><li>Zebrane dane s\u0142u\u017c\u0105 do monitorowania i sprawdzenia, w jaki spos\u00f3b u\u017cytkownicy korzystaj\u0105 z naszych witryn, aby usprawnia\u0107 funkcjonowanie serwisu zapewniaj\u0105c bardziej efektywn\u0105 i bezproblemow\u0105 nawigacj\u0119. Monitorowania informacji o u\u017cytkownikach dokonujemy korzystaj\u0105c z narz\u0119dzia Google Analytics, kt\u00f3re rejestruje zachowanie u\u017cytkownika na stronie. Cookies identyfikuje u\u017cytkownika, co pozwala na dopasowanie tre\u015bci witryny, z kt\u00f3rej korzysta, do jego potrzeb. Zapami\u0119tuj\u0105c jego preferencje, umo\u017cliwia odpowiednie dopasowanie skierowanych do niego reklam. Stosujemy pliki cookies, aby zagwarantowa\u0107 najwy\u017cszy standard wygody naszego serwisu, a zebrane dane s\u0105 wykorzystywane jedynie wewn\u0105trz firmy WIKTOR K\u0141YK LANDSCAPING w celu optymalizacji dzia\u0142a\u0144.    <\/li><li>Na naszej witrynie wykorzystujemy nast\u0119puj\u0105ce pliki cookies: a) \u201eniezb\u0119dne\u201d pliki cookies, umo\u017cliwiaj\u0105ce korzystanie z us\u0142ug dost\u0119pnych w ramach serwisu, np. uwierzytelniaj\u0105ce pliki cookies wykorzystywane do us\u0142ug wymagaj\u0105cych uwierzytelniania w ramach serwisu; b) pliki cookies s\u0142u\u017c\u0105ce do zapewnienia bezpiecze\u0144stwa, np. wykorzystywane do wykrywania nadu\u017cy\u0107 w zakresie uwierzytelniania w ramach serwisu; c) \u201ewydajno\u015bciowe\u201d pliki cookies, umo\u017cliwiaj\u0105ce zbieranie informacji o sposobie korzystania ze stron internetowych serwisu; d) \u201efunkcjonalne\u201d pliki cookies, umo\u017cliwiaj\u0105ce \u201ezapami\u0119tanie\u201d wybranych przez u\u017cytkownika ustawie\u0144 i personalizacj\u0119 interfejsu u\u017cytkownika, np. w zakresie wybranego j\u0119zyka lub regionu, z kt\u00f3rego pochodzi u\u017cytkownik, rozmiaru czcionki, wygl\u0105du strony internetowej itp.; e) \u201ereklamowe\u201d pliki cookies, umo\u017cliwiaj\u0105ce dostarczanie u\u017cytkownikom tre\u015bci reklamowych bardziej dostosowanych do ich zainteresowa\u0144.<\/li><li>U\u017cytkownik w ka\u017cdej chwili ma mo\u017cliwo\u015b\u0107 wy\u0142\u0105czenia lub przywr\u00f3cenia opcji gromadzenia cookies poprzez zmian\u0119 ustawie\u0144 w przegl\u0105darce internetowej. Instrukcja zarz\u0105dzania plikami cookies jest dost\u0119pna na stronie: http:\/\/www.allaboutcookies.org\/manage-cookies. <\/li><li>Dodatkowe dane osobowe, jak adres e-mail, zbierane s\u0105 jedynie w miejscach, w kt\u00f3rych u\u017cytkownik wype\u0142niaj\u0105c formularz wyra\u017anie wyrazi\u0142 na to zgod\u0119. Powy\u017csze dane zachowujemy i wykorzystujemy tylko do potrzeb niezb\u0119dnych do wykonania danej funkcji. <\/li><\/ol>\t\t\t\t\t\t\t\t<\/div>\n\t\t\t\t<\/div>\n\t\t\t\t<\/div>\n\t\t\t\t<\/div>\n\t\t\t\t<\/div>\n\t\t","protected":false},"excerpt":{"rendered":"<p>Polityka prywatno\u015bci \u00a7.1 Postanowienia Og\u00f3lne Administratorem danych jest WIKTOR K\u0141YK LANDSCAPING z siedzib\u0105 w Szczecinie, Ul. Komuny Paryskiej, nr 10C, wpisanej do Rejestru Przedsi\u0119biorc\u00f3w, dla kt\u00f3rej akta rejestrowe prowadzi S\u0105d Okr\u0119gowy w Szczecinie, Wydzia\u0142 Gospodarczy Krajowego Rejestru S\u0105dowego, NIP: 8513111619, REGON: 320832307. Ochrona danych odbywa si\u0119 zgodnie z wymogami powszechnie obowi\u0105zuj\u0105cych przepis\u00f3w prawa, a ich [&hellip;]<\/p>\n","protected":false},"author":3,"featured_media":0,"parent":0,"menu_order":5,"comment_status":"closed","ping_status":"closed","template":"","meta":{"footnotes":""},"class_list":["post-27298","page","type-page","status-publish","hentry"],"_links":{"self":[{"href":"https:\/\/wiktorklyk.com\/en\/wp-json\/wp\/v2\/pages\/27298","targetHints":{"allow":["GET"]}}],"collection":[{"href":"https:\/\/wiktorklyk.com\/en\/wp-json\/wp\/v2\/pages"}],"about":[{"href":"https:\/\/wiktorklyk.com\/en\/wp-json\/wp\/v2\/types\/page"}],"author":[{"embeddable":true,"href":"https:\/\/wiktorklyk.com\/en\/wp-json\/wp\/v2\/users\/3"}],"replies":[{"embeddable":true,"href":"https:\/\/wiktorklyk.com\/en\/wp-json\/wp\/v2\/comments?post=27298"}],"version-history":[{"count":1,"href":"https:\/\/wiktorklyk.com\/en\/wp-json\/wp\/v2\/pages\/27298\/revisions"}],"predecessor-version":[{"id":27299,"href":"https:\/\/wiktorklyk.com\/en\/wp-json\/wp\/v2\/pages\/27298\/revisions\/27299"}],"wp:attachment":[{"href":"https:\/\/wiktorklyk.com\/en\/wp-json\/wp\/v2\/media?parent=27298"}],"curies":[{"name":"wp","href":"https:\/\/api.w.org\/{rel}","templated":true}]}}