{"id":26851,"date":"2026-02-01T15:07:05","date_gmt":"2026-02-01T14:07:05","guid":{"rendered":"https:\/\/wiktorklyk.com\/projekty\/lesna-wyspa\/"},"modified":"2026-03-23T13:05:54","modified_gmt":"2026-03-23T12:05:54","slug":"lesna-wyspa","status":"publish","type":"page","link":"https:\/\/wiktorklyk.com\/pl\/projekty\/lesna-wyspa\/","title":{"rendered":"Le\u015bna wyspa"},"content":{"rendered":"\t\t<div data-elementor-type=\"wp-page\" data-elementor-id=\"26851\" class=\"elementor elementor-26851\" data-elementor-settings=\"{&quot;ha_cmc_init_switcher&quot;:&quot;no&quot;}\" data-elementor-post-type=\"page\">\n\t\t\t\t<div class=\"elementor-element elementor-element-854557f e-con-full u-px--page c-project e-flex e-con e-parent\" data-id=\"854557f\" data-element_type=\"container\" data-e-type=\"container\" data-settings=\"{&quot;_ha_eqh_enable&quot;:false}\">\n\t\t<div class=\"elementor-element elementor-element-010e7fa c-project__title e-flex e-con-boxed e-con e-child\" data-id=\"010e7fa\" data-element_type=\"container\" data-e-type=\"container\" data-settings=\"{&quot;_ha_eqh_enable&quot;:false}\">\n\t\t\t\t\t<div class=\"e-con-inner\">\n\t\t\t\t<div class=\"elementor-element elementor-element-f7dc4af  u-pb-2-2 u-pt-5-2 elementor-widget elementor-widget-heading\" data-id=\"f7dc4af\" data-element_type=\"widget\" data-e-type=\"widget\" data-widget_type=\"heading.default\">\n\t\t\t\t<div class=\"elementor-widget-container\">\n\t\t\t\t\t<h1 class=\"elementor-heading-title elementor-size-xxl\">Le\u015bna wyspa<\/h1>\t\t\t\t<\/div>\n\t\t\t\t<\/div>\n\t\t\t\t\t<\/div>\n\t\t\t\t<\/div>\n\t\t<div class=\"elementor-element elementor-element-e5286be e-con-full c-project__images e-flex e-con e-child\" data-id=\"e5286be\" data-element_type=\"container\" data-e-type=\"container\" data-settings=\"{&quot;_ha_eqh_enable&quot;:false}\">\n\t\t\t\t<div class=\"elementor-element elementor-element-ca4771c elementor-widget elementor-widget-video\" data-id=\"ca4771c\" data-element_type=\"widget\" data-e-type=\"widget\" data-settings=\"{&quot;video_type&quot;:&quot;hosted&quot;,&quot;autoplay&quot;:&quot;yes&quot;,&quot;play_on_mobile&quot;:&quot;yes&quot;,&quot;mute&quot;:&quot;yes&quot;,&quot;loop&quot;:&quot;yes&quot;}\" data-widget_type=\"video.default\">\n\t\t\t\t<div class=\"elementor-widget-container\">\n\t\t\t\t\t\t\t<div class=\"e-hosted-video elementor-wrapper elementor-open-inline\">\n\t\t\t\t\t<video class=\"elementor-video\" src=\"https:\/\/wiktorklyk.com\/wp-content\/uploads\/2025\/05\/2025-09-09-18.47.31.mov\" autoplay=\"\" loop=\"\" muted=\"muted\" playsinline=\"\" controlsList=\"nodownload\"><\/video>\n\t\t\t\t<\/div>\n\t\t\t\t\t\t<\/div>\n\t\t\t\t<\/div>\n\t\t\t\t<div class=\"elementor-element elementor-element-ea1b262 elementor-widget elementor-widget-image\" data-id=\"ea1b262\" data-element_type=\"widget\" data-e-type=\"widget\" data-widget_type=\"image.default\">\n\t\t\t\t<div class=\"elementor-widget-container\">\n\t\t\t\t\t\t\t\t\t\t\t\t\t\t\t<img fetchpriority=\"high\" decoding=\"async\" width=\"800\" height=\"531\" src=\"https:\/\/wiktorklyk.com\/wp-content\/uploads\/2025\/05\/10a-1400x930.jpg\" class=\"attachment-large size-large wp-image-24114\" alt=\"\" srcset=\"https:\/\/wiktorklyk.com\/wp-content\/uploads\/2025\/05\/10a-1400x930.jpg 1400w, https:\/\/wiktorklyk.com\/wp-content\/uploads\/2025\/05\/10a-600x398.jpg 600w, https:\/\/wiktorklyk.com\/wp-content\/uploads\/2025\/05\/10a-768x510.jpg 768w, https:\/\/wiktorklyk.com\/wp-content\/uploads\/2025\/05\/10a-1536x1020.jpg 1536w, https:\/\/wiktorklyk.com\/wp-content\/uploads\/2025\/05\/10a.jpg 2048w\" sizes=\"(max-width: 800px) 100vw, 800px\" loading=\"eager\" \/>\t\t\t\t\t\t\t\t\t\t\t\t\t\t\t<\/div>\n\t\t\t\t<\/div>\n\t\t\t\t<div class=\"elementor-element elementor-element-aba4a77 elementor-widget elementor-widget-image\" data-id=\"aba4a77\" data-element_type=\"widget\" data-e-type=\"widget\" data-widget_type=\"image.default\">\n\t\t\t\t<div class=\"elementor-widget-container\">\n\t\t\t\t\t\t\t\t\t\t\t\t\t\t\t<img decoding=\"async\" width=\"800\" height=\"960\" src=\"https:\/\/wiktorklyk.com\/wp-content\/uploads\/2025\/05\/12-1-1167x1400.jpg\" class=\"attachment-large size-large wp-image-24116\" alt=\"\" srcset=\"https:\/\/wiktorklyk.com\/wp-content\/uploads\/2025\/05\/12-1-1167x1400.jpg 1167w, https:\/\/wiktorklyk.com\/wp-content\/uploads\/2025\/05\/12-1-500x600.jpg 500w, https:\/\/wiktorklyk.com\/wp-content\/uploads\/2025\/05\/12-1-768x921.jpg 768w, https:\/\/wiktorklyk.com\/wp-content\/uploads\/2025\/05\/12-1-1280x1536.jpg 1280w, https:\/\/wiktorklyk.com\/wp-content\/uploads\/2025\/05\/12-1.jpg 1707w\" sizes=\"(max-width: 800px) 100vw, 800px\" loading=\"eager\" \/>\t\t\t\t\t\t\t\t\t\t\t\t\t\t\t<\/div>\n\t\t\t\t<\/div>\n\t\t\t\t<div class=\"elementor-element elementor-element-2adf17a elementor-widget elementor-widget-video\" data-id=\"2adf17a\" data-element_type=\"widget\" data-e-type=\"widget\" data-settings=\"{&quot;video_type&quot;:&quot;hosted&quot;,&quot;autoplay&quot;:&quot;yes&quot;,&quot;play_on_mobile&quot;:&quot;yes&quot;,&quot;mute&quot;:&quot;yes&quot;,&quot;loop&quot;:&quot;yes&quot;}\" data-widget_type=\"video.default\">\n\t\t\t\t<div class=\"elementor-widget-container\">\n\t\t\t\t\t\t\t<div class=\"e-hosted-video elementor-wrapper elementor-open-inline\">\n\t\t\t\t\t<video class=\"elementor-video\" src=\"https:\/\/wiktorklyk.com\/wp-content\/uploads\/2025\/05\/2-1.mp4\" autoplay=\"\" loop=\"\" muted=\"muted\" playsinline=\"\" controlsList=\"nodownload\"><\/video>\n\t\t\t\t<\/div>\n\t\t\t\t\t\t<\/div>\n\t\t\t\t<\/div>\n\t\t\t\t<div class=\"elementor-element elementor-element-0672029 elementor-widget elementor-widget-image\" data-id=\"0672029\" data-element_type=\"widget\" data-e-type=\"widget\" data-widget_type=\"image.default\">\n\t\t\t\t<div class=\"elementor-widget-container\">\n\t\t\t\t\t\t\t\t\t\t\t\t\t\t\t<img decoding=\"async\" width=\"800\" height=\"571\" src=\"https:\/\/wiktorklyk.com\/wp-content\/uploads\/2025\/05\/17-1400x1000.jpg\" class=\"attachment-large size-large wp-image-24118\" alt=\"\" srcset=\"https:\/\/wiktorklyk.com\/wp-content\/uploads\/2025\/05\/17-1400x1000.jpg 1400w, https:\/\/wiktorklyk.com\/wp-content\/uploads\/2025\/05\/17-600x429.jpg 600w, https:\/\/wiktorklyk.com\/wp-content\/uploads\/2025\/05\/17-768x549.jpg 768w, https:\/\/wiktorklyk.com\/wp-content\/uploads\/2025\/05\/17-1536x1097.jpg 1536w, https:\/\/wiktorklyk.com\/wp-content\/uploads\/2025\/05\/17-2048x1463.jpg 2048w\" sizes=\"(max-width: 800px) 100vw, 800px\" loading=\"eager\" \/>\t\t\t\t\t\t\t\t\t\t\t\t\t\t\t<\/div>\n\t\t\t\t<\/div>\n\t\t\t\t<div class=\"elementor-element elementor-element-d95e57f elementor-widget elementor-widget-image\" data-id=\"d95e57f\" data-element_type=\"widget\" data-e-type=\"widget\" data-widget_type=\"image.default\">\n\t\t\t\t<div class=\"elementor-widget-container\">\n\t\t\t\t\t\t\t\t\t\t\t\t\t\t\t<img decoding=\"async\" width=\"800\" height=\"960\" src=\"https:\/\/wiktorklyk.com\/wp-content\/uploads\/2025\/05\/36-1167x1400.jpg\" class=\"attachment-large size-large wp-image-24122\" alt=\"\" srcset=\"https:\/\/wiktorklyk.com\/wp-content\/uploads\/2025\/05\/36-1167x1400.jpg 1167w, https:\/\/wiktorklyk.com\/wp-content\/uploads\/2025\/05\/36-500x600.jpg 500w, https:\/\/wiktorklyk.com\/wp-content\/uploads\/2025\/05\/36-768x921.jpg 768w, https:\/\/wiktorklyk.com\/wp-content\/uploads\/2025\/05\/36-1280x1536.jpg 1280w, https:\/\/wiktorklyk.com\/wp-content\/uploads\/2025\/05\/36.jpg 1707w\" sizes=\"(max-width: 800px) 100vw, 800px\" loading=\"eager\" \/>\t\t\t\t\t\t\t\t\t\t\t\t\t\t\t<\/div>\n\t\t\t\t<\/div>\n\t\t\t\t<div class=\"elementor-element elementor-element-361da51 elementor-widget elementor-widget-image\" data-id=\"361da51\" data-element_type=\"widget\" data-e-type=\"widget\" data-widget_type=\"image.default\">\n\t\t\t\t<div class=\"elementor-widget-container\">\n\t\t\t\t\t\t\t\t\t\t\t\t\t\t\t<img decoding=\"async\" width=\"800\" height=\"960\" src=\"https:\/\/wiktorklyk.com\/wp-content\/uploads\/2025\/05\/39cdbaf9-ccdc-4163-9ea4-cb1d514d7e10.jpg\" class=\"attachment-large size-large wp-image-26104\" alt=\"\" loading=\"eager\" \/>\t\t\t\t\t\t\t\t\t\t\t\t\t\t\t<\/div>\n\t\t\t\t<\/div>\n\t\t\t\t<div class=\"elementor-element elementor-element-a665f45 elementor-widget elementor-widget-image\" data-id=\"a665f45\" data-element_type=\"widget\" data-e-type=\"widget\" data-widget_type=\"image.default\">\n\t\t\t\t<div class=\"elementor-widget-container\">\n\t\t\t\t\t\t\t\t\t\t\t\t\t\t\t<img decoding=\"async\" width=\"800\" height=\"960\" src=\"https:\/\/wiktorklyk.com\/wp-content\/uploads\/2025\/05\/45-1167x1400.jpg\" class=\"attachment-large size-large wp-image-24126\" alt=\"\" srcset=\"https:\/\/wiktorklyk.com\/wp-content\/uploads\/2025\/05\/45-1167x1400.jpg 1167w, https:\/\/wiktorklyk.com\/wp-content\/uploads\/2025\/05\/45-500x600.jpg 500w, https:\/\/wiktorklyk.com\/wp-content\/uploads\/2025\/05\/45-768x921.jpg 768w, https:\/\/wiktorklyk.com\/wp-content\/uploads\/2025\/05\/45-1280x1536.jpg 1280w, https:\/\/wiktorklyk.com\/wp-content\/uploads\/2025\/05\/45.jpg 1707w\" sizes=\"(max-width: 800px) 100vw, 800px\" loading=\"eager\" \/>\t\t\t\t\t\t\t\t\t\t\t\t\t\t\t<\/div>\n\t\t\t\t<\/div>\n\t\t\t\t<div class=\"elementor-element elementor-element-e309905 elementor-widget elementor-widget-image\" data-id=\"e309905\" data-element_type=\"widget\" data-e-type=\"widget\" data-widget_type=\"image.default\">\n\t\t\t\t<div class=\"elementor-widget-container\">\n\t\t\t\t\t\t\t\t\t\t\t\t\t\t\t<img decoding=\"async\" width=\"800\" height=\"960\" src=\"https:\/\/wiktorklyk.com\/wp-content\/uploads\/2025\/05\/calamagrostis-1167x1400.jpg\" class=\"attachment-large size-large wp-image-24138\" alt=\"\" srcset=\"https:\/\/wiktorklyk.com\/wp-content\/uploads\/2025\/05\/calamagrostis-1167x1400.jpg 1167w, https:\/\/wiktorklyk.com\/wp-content\/uploads\/2025\/05\/calamagrostis-500x600.jpg 500w, https:\/\/wiktorklyk.com\/wp-content\/uploads\/2025\/05\/calamagrostis-768x921.jpg 768w, https:\/\/wiktorklyk.com\/wp-content\/uploads\/2025\/05\/calamagrostis-1280x1536.jpg 1280w, https:\/\/wiktorklyk.com\/wp-content\/uploads\/2025\/05\/calamagrostis.jpg 1707w\" sizes=\"(max-width: 800px) 100vw, 800px\" loading=\"eager\" \/>\t\t\t\t\t\t\t\t\t\t\t\t\t\t\t<\/div>\n\t\t\t\t<\/div>\n\t\t\t\t<div class=\"elementor-element elementor-element-658a769 elementor-widget elementor-widget-image\" data-id=\"658a769\" data-element_type=\"widget\" data-e-type=\"widget\" data-widget_type=\"image.default\">\n\t\t\t\t<div class=\"elementor-widget-container\">\n\t\t\t\t\t\t\t\t\t\t\t\t\t\t\t<img decoding=\"async\" width=\"800\" height=\"1000\" src=\"https:\/\/wiktorklyk.com\/wp-content\/uploads\/2025\/05\/56.jpg\" class=\"attachment-large size-large wp-image-26116\" alt=\"\" loading=\"eager\" \/>\t\t\t\t\t\t\t\t\t\t\t\t\t\t\t<\/div>\n\t\t\t\t<\/div>\n\t\t\t\t<div class=\"elementor-element elementor-element-628d33c elementor-widget elementor-widget-image\" data-id=\"628d33c\" data-element_type=\"widget\" data-e-type=\"widget\" data-widget_type=\"image.default\">\n\t\t\t\t<div class=\"elementor-widget-container\">\n\t\t\t\t\t\t\t\t\t\t\t\t\t\t\t<img decoding=\"async\" width=\"800\" height=\"666\" src=\"https:\/\/wiktorklyk.com\/wp-content\/uploads\/2025\/05\/dsc_0043-1400x1166.jpg\" class=\"attachment-large size-large wp-image-24164\" alt=\"\" srcset=\"https:\/\/wiktorklyk.com\/wp-content\/uploads\/2025\/05\/dsc_0043-1400x1166.jpg 1400w, https:\/\/wiktorklyk.com\/wp-content\/uploads\/2025\/05\/dsc_0043-600x500.jpg 600w, https:\/\/wiktorklyk.com\/wp-content\/uploads\/2025\/05\/dsc_0043-768x640.jpg 768w, https:\/\/wiktorklyk.com\/wp-content\/uploads\/2025\/05\/dsc_0043-1536x1280.jpg 1536w, https:\/\/wiktorklyk.com\/wp-content\/uploads\/2025\/05\/dsc_0043-2048x1706.jpg 2048w\" sizes=\"(max-width: 800px) 100vw, 800px\" loading=\"eager\" \/>\t\t\t\t\t\t\t\t\t\t\t\t\t\t\t<\/div>\n\t\t\t\t<\/div>\n\t\t\t\t<div class=\"elementor-element elementor-element-4688449 elementor-widget elementor-widget-image\" data-id=\"4688449\" data-element_type=\"widget\" data-e-type=\"widget\" data-widget_type=\"image.default\">\n\t\t\t\t<div class=\"elementor-widget-container\">\n\t\t\t\t\t\t\t\t\t\t\t\t\t\t\t<img decoding=\"async\" width=\"800\" height=\"960\" src=\"https:\/\/wiktorklyk.com\/wp-content\/uploads\/2025\/05\/dsc_0047-1167x1400.jpg\" class=\"attachment-large size-large wp-image-24168\" alt=\"\" srcset=\"https:\/\/wiktorklyk.com\/wp-content\/uploads\/2025\/05\/dsc_0047-1167x1400.jpg 1167w, https:\/\/wiktorklyk.com\/wp-content\/uploads\/2025\/05\/dsc_0047-500x600.jpg 500w, https:\/\/wiktorklyk.com\/wp-content\/uploads\/2025\/05\/dsc_0047-768x921.jpg 768w, https:\/\/wiktorklyk.com\/wp-content\/uploads\/2025\/05\/dsc_0047-1280x1536.jpg 1280w, https:\/\/wiktorklyk.com\/wp-content\/uploads\/2025\/05\/dsc_0047.jpg 1707w\" sizes=\"(max-width: 800px) 100vw, 800px\" loading=\"eager\" \/>\t\t\t\t\t\t\t\t\t\t\t\t\t\t\t<\/div>\n\t\t\t\t<\/div>\n\t\t\t\t<div class=\"elementor-element elementor-element-52b82f1 elementor-widget elementor-widget-image\" data-id=\"52b82f1\" data-element_type=\"widget\" data-e-type=\"widget\" data-widget_type=\"image.default\">\n\t\t\t\t<div class=\"elementor-widget-container\">\n\t\t\t\t\t\t\t\t\t\t\t\t\t\t\t<img decoding=\"async\" width=\"800\" height=\"531\" src=\"https:\/\/wiktorklyk.com\/wp-content\/uploads\/2025\/05\/woda-w-ogrodzie-1400x930.jpg\" class=\"attachment-large size-large wp-image-24218\" alt=\"\" srcset=\"https:\/\/wiktorklyk.com\/wp-content\/uploads\/2025\/05\/woda-w-ogrodzie-1400x930.jpg 1400w, https:\/\/wiktorklyk.com\/wp-content\/uploads\/2025\/05\/woda-w-ogrodzie-600x398.jpg 600w, https:\/\/wiktorklyk.com\/wp-content\/uploads\/2025\/05\/woda-w-ogrodzie-768x510.jpg 768w, https:\/\/wiktorklyk.com\/wp-content\/uploads\/2025\/05\/woda-w-ogrodzie-1536x1020.jpg 1536w, https:\/\/wiktorklyk.com\/wp-content\/uploads\/2025\/05\/woda-w-ogrodzie.jpg 2048w\" sizes=\"(max-width: 800px) 100vw, 800px\" loading=\"eager\" \/>\t\t\t\t\t\t\t\t\t\t\t\t\t\t\t<\/div>\n\t\t\t\t<\/div>\n\t\t\t\t<div class=\"elementor-element elementor-element-f1e770a elementor-widget elementor-widget-image\" data-id=\"f1e770a\" data-element_type=\"widget\" data-e-type=\"widget\" data-widget_type=\"image.default\">\n\t\t\t\t<div class=\"elementor-widget-container\">\n\t\t\t\t\t\t\t\t\t\t\t\t\t\t\t<img decoding=\"async\" width=\"800\" height=\"533\" src=\"https:\/\/wiktorklyk.com\/wp-content\/uploads\/2025\/05\/dsc_0066-scaled.jpg\" class=\"attachment-large size-large wp-image-26108\" alt=\"\" loading=\"eager\" \/>\t\t\t\t\t\t\t\t\t\t\t\t\t\t\t<\/div>\n\t\t\t\t<\/div>\n\t\t\t\t<div class=\"elementor-element elementor-element-2b92d2e elementor-widget elementor-widget-image\" data-id=\"2b92d2e\" data-element_type=\"widget\" data-e-type=\"widget\" data-widget_type=\"image.default\">\n\t\t\t\t<div class=\"elementor-widget-container\">\n\t\t\t\t\t\t\t\t\t\t\t\t\t\t\t<img decoding=\"async\" width=\"800\" height=\"960\" src=\"https:\/\/wiktorklyk.com\/wp-content\/uploads\/2025\/05\/dsc_0025-scaled.jpg\" class=\"attachment-large size-large wp-image-26110\" alt=\"\" loading=\"eager\" \/>\t\t\t\t\t\t\t\t\t\t\t\t\t\t\t<\/div>\n\t\t\t\t<\/div>\n\t\t\t\t<div class=\"elementor-element elementor-element-b21906e elementor-widget elementor-widget-image\" data-id=\"b21906e\" data-element_type=\"widget\" data-e-type=\"widget\" data-widget_type=\"image.default\">\n\t\t\t\t<div class=\"elementor-widget-container\">\n\t\t\t\t\t\t\t\t\t\t\t\t\t\t\t<img decoding=\"async\" width=\"800\" height=\"1200\" src=\"https:\/\/wiktorklyk.com\/wp-content\/uploads\/2025\/05\/dsc_0035-scaled.jpg\" class=\"attachment-large size-large wp-image-26112\" alt=\"\" loading=\"eager\" \/>\t\t\t\t\t\t\t\t\t\t\t\t\t\t\t<\/div>\n\t\t\t\t<\/div>\n\t\t\t\t<div class=\"elementor-element elementor-element-84ea500 elementor-widget elementor-widget-image\" data-id=\"84ea500\" data-element_type=\"widget\" data-e-type=\"widget\" data-widget_type=\"image.default\">\n\t\t\t\t<div class=\"elementor-widget-container\">\n\t\t\t\t\t\t\t\t\t\t\t\t\t\t\t<img decoding=\"async\" width=\"800\" height=\"960\" src=\"https:\/\/wiktorklyk.com\/wp-content\/uploads\/2025\/05\/dsc_0038-1-scaled.jpg\" class=\"attachment-large size-large wp-image-26096\" alt=\"\" loading=\"eager\" \/>\t\t\t\t\t\t\t\t\t\t\t\t\t\t\t<\/div>\n\t\t\t\t<\/div>\n\t\t\t\t<div class=\"elementor-element elementor-element-b3516e4 elementor-widget elementor-widget-image\" data-id=\"b3516e4\" data-element_type=\"widget\" data-e-type=\"widget\" data-widget_type=\"image.default\">\n\t\t\t\t<div class=\"elementor-widget-container\">\n\t\t\t\t\t\t\t\t\t\t\t\t\t\t\t<img decoding=\"async\" width=\"800\" height=\"1000\" src=\"https:\/\/wiktorklyk.com\/wp-content\/uploads\/2025\/05\/19-scaled.jpg\" class=\"attachment-large size-large wp-image-26098\" alt=\"\" loading=\"eager\" \/>\t\t\t\t\t\t\t\t\t\t\t\t\t\t\t<\/div>\n\t\t\t\t<\/div>\n\t\t\t\t<div class=\"elementor-element elementor-element-bdfbc0e elementor-widget elementor-widget-image\" data-id=\"bdfbc0e\" data-element_type=\"widget\" data-e-type=\"widget\" data-widget_type=\"image.default\">\n\t\t\t\t<div class=\"elementor-widget-container\">\n\t\t\t\t\t\t\t\t\t\t\t\t\t\t\t<img decoding=\"async\" width=\"800\" height=\"1000\" src=\"https:\/\/wiktorklyk.com\/wp-content\/uploads\/2025\/05\/dsc_0892-scaled.jpg\" class=\"attachment-large size-large wp-image-26106\" alt=\"\" loading=\"eager\" \/>\t\t\t\t\t\t\t\t\t\t\t\t\t\t\t<\/div>\n\t\t\t\t<\/div>\n\t\t\t\t<div class=\"elementor-element elementor-element-c52beb8 elementor-widget elementor-widget-image\" data-id=\"c52beb8\" data-element_type=\"widget\" data-e-type=\"widget\" data-widget_type=\"image.default\">\n\t\t\t\t<div class=\"elementor-widget-container\">\n\t\t\t\t\t\t\t\t\t\t\t\t\t\t\t<img decoding=\"async\" width=\"800\" height=\"531\" src=\"https:\/\/wiktorklyk.com\/wp-content\/uploads\/2025\/05\/0339c57c-5868-4bcc-95a3-ac049b844624.jpg\" class=\"attachment-large size-large wp-image-26122\" alt=\"\" loading=\"eager\" \/>\t\t\t\t\t\t\t\t\t\t\t\t\t\t\t<\/div>\n\t\t\t\t<\/div>\n\t\t\t\t<div class=\"elementor-element elementor-element-80aad70 elementor-widget elementor-widget-image\" data-id=\"80aad70\" data-element_type=\"widget\" data-e-type=\"widget\" data-widget_type=\"image.default\">\n\t\t\t\t<div class=\"elementor-widget-container\">\n\t\t\t\t\t\t\t\t\t\t\t\t\t\t\t<img decoding=\"async\" width=\"800\" height=\"533\" src=\"https:\/\/wiktorklyk.com\/wp-content\/uploads\/2025\/05\/dsc_0986-scaled.jpg\" class=\"attachment-large size-large wp-image-26118\" alt=\"\" loading=\"eager\" \/>\t\t\t\t\t\t\t\t\t\t\t\t\t\t\t<\/div>\n\t\t\t\t<\/div>\n\t\t\t\t<div class=\"elementor-element elementor-element-67c74b9 elementor-hidden-widescreen elementor-hidden-desktop elementor-hidden-laptop elementor-hidden-tablet_extra elementor-hidden-tablet elementor-hidden-mobile_extra elementor-hidden-mobile elementor-widget elementor-widget-video\" data-id=\"67c74b9\" data-element_type=\"widget\" data-e-type=\"widget\" data-settings=\"{&quot;video_type&quot;:&quot;hosted&quot;,&quot;autoplay&quot;:&quot;yes&quot;,&quot;play_on_mobile&quot;:&quot;yes&quot;,&quot;mute&quot;:&quot;yes&quot;,&quot;loop&quot;:&quot;yes&quot;}\" data-widget_type=\"video.default\">\n\t\t\t\t<div class=\"elementor-widget-container\">\n\t\t\t\t\t\t\t<div class=\"e-hosted-video elementor-wrapper elementor-open-inline\">\n\t\t\t\t\t<video class=\"elementor-video\" src=\"https:\/\/wiktorklyk.com\/wp-content\/uploads\/2025\/05\/283eead2522643988562437f27968556-1.mp4\" autoplay=\"\" loop=\"\" muted=\"muted\" playsinline=\"\" controlsList=\"nodownload\"><\/video>\n\t\t\t\t<\/div>\n\t\t\t\t\t\t<\/div>\n\t\t\t\t<\/div>\n\t\t\t\t<div class=\"elementor-element elementor-element-e6a949d elementor-widget elementor-widget-image\" data-id=\"e6a949d\" data-element_type=\"widget\" data-e-type=\"widget\" data-widget_type=\"image.default\">\n\t\t\t\t<div class=\"elementor-widget-container\">\n\t\t\t\t\t\t\t\t\t\t\t\t\t\t\t<img decoding=\"async\" width=\"800\" height=\"1000\" src=\"https:\/\/wiktorklyk.com\/wp-content\/uploads\/2025\/05\/dsc_0873.jpg\" class=\"attachment-large size-large wp-image-26114\" alt=\"\" loading=\"eager\" \/>\t\t\t\t\t\t\t\t\t\t\t\t\t\t\t<\/div>\n\t\t\t\t<\/div>\n\t\t\t\t<div class=\"elementor-element elementor-element-641993f elementor-widget elementor-widget-image\" data-id=\"641993f\" data-element_type=\"widget\" data-e-type=\"widget\" data-widget_type=\"image.default\">\n\t\t\t\t<div class=\"elementor-widget-container\">\n\t\t\t\t\t\t\t\t\t\t\t\t\t\t\t<img decoding=\"async\" width=\"800\" height=\"533\" src=\"https:\/\/wiktorklyk.com\/wp-content\/uploads\/2025\/05\/b9b171a9-1ab1-4e86-b1f7-8b5f6d2794f6.jpg\" class=\"attachment-large size-large wp-image-26102\" alt=\"\" loading=\"eager\" \/>\t\t\t\t\t\t\t\t\t\t\t\t\t\t\t<\/div>\n\t\t\t\t<\/div>\n\t\t<div class=\"elementor-element elementor-element-04cd702 e-con-full c-project__data e-flex e-con e-child\" data-id=\"04cd702\" data-element_type=\"container\" data-e-type=\"container\" data-settings=\"{&quot;_ha_eqh_enable&quot;:false}\">\n\t\t<div class=\"elementor-element elementor-element-ff110a2 e-con-full c-project__data-lne-1 e-flex e-con e-child\" data-id=\"ff110a2\" data-element_type=\"container\" data-e-type=\"container\" data-settings=\"{&quot;_ha_eqh_enable&quot;:false}\">\n\t\t\t\t<div class=\"elementor-element elementor-element-531b9f5 elementor-widget elementor-widget-heading\" data-id=\"531b9f5\" data-element_type=\"widget\" data-e-type=\"widget\" data-widget_type=\"heading.default\">\n\t\t\t\t<div class=\"elementor-widget-container\">\n\t\t\t\t\t<p class=\"elementor-heading-title elementor-size-default\">3000m\u00b2<\/p>\t\t\t\t<\/div>\n\t\t\t\t<\/div>\n\t\t\t\t<div class=\"elementor-element elementor-element-e55a5b2 elementor-widget elementor-widget-heading\" data-id=\"e55a5b2\" data-element_type=\"widget\" data-e-type=\"widget\" data-widget_type=\"heading.default\">\n\t\t\t\t<div class=\"elementor-widget-container\">\n\t\t\t\t\t<p class=\"elementor-heading-title elementor-size-default\">2024<\/p>\t\t\t\t<\/div>\n\t\t\t\t<\/div>\n\t\t\t\t<div class=\"elementor-element elementor-element-647fb7e elementor-widget elementor-widget-heading\" data-id=\"647fb7e\" data-element_type=\"widget\" data-e-type=\"widget\" data-widget_type=\"heading.default\">\n\t\t\t\t<div class=\"elementor-widget-container\">\n\t\t\t\t\t<p class=\"elementor-heading-title elementor-size-default\">Szczecin<\/p>\t\t\t\t<\/div>\n\t\t\t\t<\/div>\n\t\t\t\t<\/div>\n\t\t<div class=\"elementor-element elementor-element-fcab331 e-con-full c-project__data-lne-2 e-flex e-con e-child\" data-id=\"fcab331\" data-element_type=\"container\" data-e-type=\"container\" data-settings=\"{&quot;_ha_eqh_enable&quot;:false}\">\n\t\t\t\t<div class=\"elementor-element elementor-element-6c151aa elementor-widget elementor-widget-heading\" data-id=\"6c151aa\" data-element_type=\"widget\" data-e-type=\"widget\" data-widget_type=\"heading.default\">\n\t\t\t\t<div class=\"elementor-widget-container\">\n\t\t\t\t\t<p class=\"elementor-heading-title elementor-size-default\">Projetk ogrodu:<\/p>\t\t\t\t<\/div>\n\t\t\t\t<\/div>\n\t\t\t\t<div class=\"elementor-element elementor-element-732e9e0 elementor-widget elementor-widget-heading\" data-id=\"732e9e0\" data-element_type=\"widget\" data-e-type=\"widget\" data-widget_type=\"heading.default\">\n\t\t\t\t<div class=\"elementor-widget-container\">\n\t\t\t\t\t<p class=\"elementor-heading-title elementor-size-default\">K\u0142yk landscaping<\/p>\t\t\t\t<\/div>\n\t\t\t\t<\/div>\n\t\t\t\t<\/div>\n\t\t<div class=\"elementor-element elementor-element-765544b e-con-full c-project__data-lne-2 e-flex e-con e-child\" data-id=\"765544b\" data-element_type=\"container\" data-e-type=\"container\" data-settings=\"{&quot;_ha_eqh_enable&quot;:false}\">\n\t\t\t\t<div class=\"elementor-element elementor-element-917c5f1 elementor-widget elementor-widget-heading\" data-id=\"917c5f1\" data-element_type=\"widget\" data-e-type=\"widget\" data-widget_type=\"heading.default\">\n\t\t\t\t<div class=\"elementor-widget-container\">\n\t\t\t\t\t<p class=\"elementor-heading-title elementor-size-default\">Kontraktor:<\/p>\t\t\t\t<\/div>\n\t\t\t\t<\/div>\n\t\t\t\t<div class=\"elementor-element elementor-element-4768b5e elementor-widget elementor-widget-heading\" data-id=\"4768b5e\" data-element_type=\"widget\" data-e-type=\"widget\" data-widget_type=\"heading.default\">\n\t\t\t\t<div class=\"elementor-widget-container\">\n\t\t\t\t\t<p class=\"elementor-heading-title elementor-size-default\">K\u0142yk landscaping<\/p>\t\t\t\t<\/div>\n\t\t\t\t<\/div>\n\t\t\t\t<\/div>\n\t\t<div class=\"elementor-element elementor-element-466ced1 e-con-full c-project__data-lne-2 e-flex e-con e-child\" data-id=\"466ced1\" data-element_type=\"container\" data-e-type=\"container\" data-settings=\"{&quot;_ha_eqh_enable&quot;:false}\">\n\t\t\t\t<div class=\"elementor-element elementor-element-35920e6 elementor-widget elementor-widget-heading\" data-id=\"35920e6\" data-element_type=\"widget\" data-e-type=\"widget\" data-widget_type=\"heading.default\">\n\t\t\t\t<div class=\"elementor-widget-container\">\n\t\t\t\t\t<p class=\"elementor-heading-title elementor-size-default\">Strefa mrozoodporno\u015bci usda 7B\n<\/p>\t\t\t\t<\/div>\n\t\t\t\t<\/div>\n\t\t\t\t<\/div>\n\t\t<div class=\"elementor-element elementor-element-eeafb3d e-con-full c-project__data-lne-2 e-flex e-con e-child\" data-id=\"eeafb3d\" data-element_type=\"container\" data-e-type=\"container\" data-settings=\"{&quot;_ha_eqh_enable&quot;:false}\">\n\t\t\t\t<\/div>\n\t\t\t\t<\/div>\n\t\t\t\t<\/div>\n\t\t\t\t<\/div>\n\t\t\t\t<\/div>\n\t\t","protected":false},"excerpt":{"rendered":"<p>Le\u015bna wyspa https:\/\/wiktorklyk.com\/wp-content\/uploads\/2025\/05\/2025-09-09-18.47.31.mov https:\/\/wiktorklyk.com\/wp-content\/uploads\/2025\/05\/2-1.mp4 https:\/\/wiktorklyk.com\/wp-content\/uploads\/2025\/05\/283eead2522643988562437f27968556-1.mp4 3000m\u00b2 2024 Szczecin Projetk ogrodu: K\u0142yk landscaping Kontraktor: K\u0142yk landscaping Strefa mrozoodporno\u015bci usda 7B<\/p>\n","protected":false},"author":1,"featured_media":0,"parent":4110,"menu_order":7,"comment_status":"closed","ping_status":"closed","template":"","meta":{"footnotes":""},"class_list":["post-26851","page","type-page","status-publish","hentry"],"_links":{"self":[{"href":"https:\/\/wiktorklyk.com\/pl\/wp-json\/wp\/v2\/pages\/26851","targetHints":{"allow":["GET"]}}],"collection":[{"href":"https:\/\/wiktorklyk.com\/pl\/wp-json\/wp\/v2\/pages"}],"about":[{"href":"https:\/\/wiktorklyk.com\/pl\/wp-json\/wp\/v2\/types\/page"}],"author":[{"embeddable":true,"href":"https:\/\/wiktorklyk.com\/pl\/wp-json\/wp\/v2\/users\/1"}],"replies":[{"embeddable":true,"href":"https:\/\/wiktorklyk.com\/pl\/wp-json\/wp\/v2\/comments?post=26851"}],"version-history":[{"count":7,"href":"https:\/\/wiktorklyk.com\/pl\/wp-json\/wp\/v2\/pages\/26851\/revisions"}],"predecessor-version":[{"id":27780,"href":"https:\/\/wiktorklyk.com\/pl\/wp-json\/wp\/v2\/pages\/26851\/revisions\/27780"}],"up":[{"embeddable":true,"href":"https:\/\/wiktorklyk.com\/pl\/wp-json\/wp\/v2\/pages\/4110"}],"wp:attachment":[{"href":"https:\/\/wiktorklyk.com\/pl\/wp-json\/wp\/v2\/media?parent=26851"}],"curies":[{"name":"wp","href":"https:\/\/api.w.org\/{rel}","templated":true}]}}