{"id":26860,"date":"2026-02-01T15:07:40","date_gmt":"2026-02-01T14:07:40","guid":{"rendered":"https:\/\/wiktorklyk.com\/projekty\/miejska-laka\/"},"modified":"2026-02-01T15:20:27","modified_gmt":"2026-02-01T14:20:27","slug":"miejska-laka","status":"publish","type":"page","link":"https:\/\/wiktorklyk.com\/pl\/projekty\/miejska-laka\/","title":{"rendered":"Miejska \u0142\u0105ka"},"content":{"rendered":"\t\t<div data-elementor-type=\"wp-page\" data-elementor-id=\"26860\" class=\"elementor elementor-26860\" data-elementor-settings=\"{&quot;ha_cmc_init_switcher&quot;:&quot;no&quot;}\" data-elementor-post-type=\"page\">\n\t\t\t\t<div class=\"elementor-element elementor-element-a9cd552 e-con-full u-px--page c-project e-flex e-con e-parent\" data-id=\"a9cd552\" data-element_type=\"container\" data-e-type=\"container\" data-settings=\"{&quot;_ha_eqh_enable&quot;:false}\">\n\t\t<div class=\"elementor-element elementor-element-ded9bde c-project__title e-flex e-con-boxed e-con e-child\" data-id=\"ded9bde\" data-element_type=\"container\" data-e-type=\"container\" data-settings=\"{&quot;_ha_eqh_enable&quot;:false}\">\n\t\t\t\t\t<div class=\"e-con-inner\">\n\t\t\t\t<div class=\"elementor-element elementor-element-17c48eb  u-pb-2-2 u-pt-5-2 elementor-widget elementor-widget-heading\" data-id=\"17c48eb\" data-element_type=\"widget\" data-e-type=\"widget\" data-widget_type=\"heading.default\">\n\t\t\t\t<div class=\"elementor-widget-container\">\n\t\t\t\t\t<h1 class=\"elementor-heading-title elementor-size-xxl\">Miejska \u0142\u0105ka<\/h1>\t\t\t\t<\/div>\n\t\t\t\t<\/div>\n\t\t\t\t\t<\/div>\n\t\t\t\t<\/div>\n\t\t<div class=\"elementor-element elementor-element-28c5dbe e-con-full c-project__data e-flex e-con e-child\" data-id=\"28c5dbe\" data-element_type=\"container\" data-e-type=\"container\" data-settings=\"{&quot;_ha_eqh_enable&quot;:false}\">\n\t\t<div class=\"elementor-element elementor-element-f5ac27d e-con-full c-project__data-lne-1 e-flex e-con e-child\" data-id=\"f5ac27d\" data-element_type=\"container\" data-e-type=\"container\" data-settings=\"{&quot;_ha_eqh_enable&quot;:false}\">\n\t\t\t\t<div class=\"elementor-element elementor-element-255c83a elementor-widget elementor-widget-heading\" data-id=\"255c83a\" data-element_type=\"widget\" data-e-type=\"widget\" data-widget_type=\"heading.default\">\n\t\t\t\t<div class=\"elementor-widget-container\">\n\t\t\t\t\t<p class=\"elementor-heading-title elementor-size-default\">700m\u00b2<\/p>\t\t\t\t<\/div>\n\t\t\t\t<\/div>\n\t\t\t\t<div class=\"elementor-element elementor-element-fe937dd elementor-widget elementor-widget-heading\" data-id=\"fe937dd\" data-element_type=\"widget\" data-e-type=\"widget\" data-widget_type=\"heading.default\">\n\t\t\t\t<div class=\"elementor-widget-container\">\n\t\t\t\t\t<p class=\"elementor-heading-title elementor-size-default\">2019<\/p>\t\t\t\t<\/div>\n\t\t\t\t<\/div>\n\t\t\t\t<div class=\"elementor-element elementor-element-1760d17 elementor-widget elementor-widget-heading\" data-id=\"1760d17\" data-element_type=\"widget\" data-e-type=\"widget\" data-widget_type=\"heading.default\">\n\t\t\t\t<div class=\"elementor-widget-container\">\n\t\t\t\t\t<p class=\"elementor-heading-title elementor-size-default\">Szczecin<\/p>\t\t\t\t<\/div>\n\t\t\t\t<\/div>\n\t\t\t\t<\/div>\n\t\t<div class=\"elementor-element elementor-element-e7443c6 e-con-full c-project__data-lne-2 e-flex e-con e-child\" data-id=\"e7443c6\" data-element_type=\"container\" data-e-type=\"container\" data-settings=\"{&quot;_ha_eqh_enable&quot;:false}\">\n\t\t\t\t<div class=\"elementor-element elementor-element-61848b1 elementor-widget elementor-widget-heading\" data-id=\"61848b1\" data-element_type=\"widget\" data-e-type=\"widget\" data-widget_type=\"heading.default\">\n\t\t\t\t<div class=\"elementor-widget-container\">\n\t\t\t\t\t<p class=\"elementor-heading-title elementor-size-default\">Projekt ogrodu:<\/p>\t\t\t\t<\/div>\n\t\t\t\t<\/div>\n\t\t\t\t<div class=\"elementor-element elementor-element-0caa5ed elementor-widget elementor-widget-heading\" data-id=\"0caa5ed\" data-element_type=\"widget\" data-e-type=\"widget\" data-widget_type=\"heading.default\">\n\t\t\t\t<div class=\"elementor-widget-container\">\n\t\t\t\t\t<p class=\"elementor-heading-title elementor-size-default\">K\u0142yk landscaping<\/p>\t\t\t\t<\/div>\n\t\t\t\t<\/div>\n\t\t\t\t<\/div>\n\t\t<div class=\"elementor-element elementor-element-a43855f e-con-full c-project__data-lne-2 e-flex e-con e-child\" data-id=\"a43855f\" data-element_type=\"container\" data-e-type=\"container\" data-settings=\"{&quot;_ha_eqh_enable&quot;:false}\">\n\t\t\t\t<div class=\"elementor-element elementor-element-5d9ae78 elementor-widget elementor-widget-heading\" data-id=\"5d9ae78\" data-element_type=\"widget\" data-e-type=\"widget\" data-widget_type=\"heading.default\">\n\t\t\t\t<div class=\"elementor-widget-container\">\n\t\t\t\t\t<p class=\"elementor-heading-title elementor-size-default\">Kontraktor:<\/p>\t\t\t\t<\/div>\n\t\t\t\t<\/div>\n\t\t\t\t<div class=\"elementor-element elementor-element-9584a67 elementor-widget elementor-widget-heading\" data-id=\"9584a67\" data-element_type=\"widget\" data-e-type=\"widget\" data-widget_type=\"heading.default\">\n\t\t\t\t<div class=\"elementor-widget-container\">\n\t\t\t\t\t<p class=\"elementor-heading-title elementor-size-default\">K\u0142yk landscaping<\/p>\t\t\t\t<\/div>\n\t\t\t\t<\/div>\n\t\t\t\t<\/div>\n\t\t<div class=\"elementor-element elementor-element-3dd1edb e-con-full c-project__data-lne-2 e-flex e-con e-child\" data-id=\"3dd1edb\" data-element_type=\"container\" data-e-type=\"container\" data-settings=\"{&quot;_ha_eqh_enable&quot;:false}\">\n\t\t\t\t<div class=\"elementor-element elementor-element-7ee5a75 elementor-widget elementor-widget-heading\" data-id=\"7ee5a75\" data-element_type=\"widget\" data-e-type=\"widget\" data-widget_type=\"heading.default\">\n\t\t\t\t<div class=\"elementor-widget-container\">\n\t\t\t\t\t<p class=\"elementor-heading-title elementor-size-default\">Strefa mrozoodporno\u015bci usda 7B<\/p>\t\t\t\t<\/div>\n\t\t\t\t<\/div>\n\t\t\t\t<\/div>\n\t\t\t\t<\/div>\n\t\t<div class=\"elementor-element elementor-element-aba3312 e-con-full c-project__images e-flex e-con e-child\" data-id=\"aba3312\" data-element_type=\"container\" data-e-type=\"container\" data-settings=\"{&quot;_ha_eqh_enable&quot;:false}\">\n\t\t\t\t<div class=\"elementor-element elementor-element-dda39e6 elementor-widget elementor-widget-image\" data-id=\"dda39e6\" data-element_type=\"widget\" data-e-type=\"widget\" data-widget_type=\"image.default\">\n\t\t\t\t<div class=\"elementor-widget-container\">\n\t\t\t\t\t\t\t\t\t\t\t\t\t\t\t<img fetchpriority=\"high\" decoding=\"async\" width=\"800\" height=\"800\" src=\"https:\/\/wiktorklyk.com\/wp-content\/uploads\/2025\/05\/corten-fire-pit-1400x1400.jpg\" class=\"attachment-large size-large wp-image-24092\" alt=\"\" srcset=\"https:\/\/wiktorklyk.com\/wp-content\/uploads\/2025\/05\/corten-fire-pit-1400x1400.jpg 1400w, https:\/\/wiktorklyk.com\/wp-content\/uploads\/2025\/05\/corten-fire-pit-600x600.jpg 600w, https:\/\/wiktorklyk.com\/wp-content\/uploads\/2025\/05\/corten-fire-pit-150x150.jpg 150w, https:\/\/wiktorklyk.com\/wp-content\/uploads\/2025\/05\/corten-fire-pit-768x768.jpg 768w, https:\/\/wiktorklyk.com\/wp-content\/uploads\/2025\/05\/corten-fire-pit-1536x1536.jpg 1536w, https:\/\/wiktorklyk.com\/wp-content\/uploads\/2025\/05\/corten-fire-pit.jpg 1939w\" sizes=\"(max-width: 800px) 100vw, 800px\" loading=\"eager\" \/>\t\t\t\t\t\t\t\t\t\t\t\t\t\t\t<\/div>\n\t\t\t\t<\/div>\n\t\t\t\t<div class=\"elementor-element elementor-element-a8d06c9 elementor-widget elementor-widget-image\" data-id=\"a8d06c9\" data-element_type=\"widget\" data-e-type=\"widget\" data-widget_type=\"image.default\">\n\t\t\t\t<div class=\"elementor-widget-container\">\n\t\t\t\t\t\t\t\t\t\t\t\t\t\t\t<img decoding=\"async\" width=\"800\" height=\"960\" src=\"https:\/\/wiktorklyk.com\/wp-content\/uploads\/2025\/05\/deshampsia-1167x1400.jpg\" class=\"attachment-large size-large wp-image-24094\" alt=\"\" srcset=\"https:\/\/wiktorklyk.com\/wp-content\/uploads\/2025\/05\/deshampsia-1167x1400.jpg 1167w, https:\/\/wiktorklyk.com\/wp-content\/uploads\/2025\/05\/deshampsia-500x600.jpg 500w, https:\/\/wiktorklyk.com\/wp-content\/uploads\/2025\/05\/deshampsia-768x922.jpg 768w, https:\/\/wiktorklyk.com\/wp-content\/uploads\/2025\/05\/deshampsia-1280x1536.jpg 1280w, https:\/\/wiktorklyk.com\/wp-content\/uploads\/2025\/05\/deshampsia-1707x2048.jpg 1707w\" sizes=\"(max-width: 800px) 100vw, 800px\" loading=\"eager\" \/>\t\t\t\t\t\t\t\t\t\t\t\t\t\t\t<\/div>\n\t\t\t\t<\/div>\n\t\t\t\t<div class=\"elementor-element elementor-element-93b54e9 elementor-widget elementor-widget-image\" data-id=\"93b54e9\" data-element_type=\"widget\" data-e-type=\"widget\" data-widget_type=\"image.default\">\n\t\t\t\t<div class=\"elementor-widget-container\">\n\t\t\t\t\t\t\t\t\t\t\t\t\t\t\t<img decoding=\"async\" width=\"800\" height=\"533\" src=\"https:\/\/wiktorklyk.com\/wp-content\/uploads\/2025\/05\/hydrangea-limelight-1400x933.jpg\" class=\"attachment-large size-large wp-image-24096\" alt=\"\" srcset=\"https:\/\/wiktorklyk.com\/wp-content\/uploads\/2025\/05\/hydrangea-limelight-1400x933.jpg 1400w, https:\/\/wiktorklyk.com\/wp-content\/uploads\/2025\/05\/hydrangea-limelight-600x400.jpg 600w, https:\/\/wiktorklyk.com\/wp-content\/uploads\/2025\/05\/hydrangea-limelight-768x512.jpg 768w, https:\/\/wiktorklyk.com\/wp-content\/uploads\/2025\/05\/hydrangea-limelight-1536x1024.jpg 1536w, https:\/\/wiktorklyk.com\/wp-content\/uploads\/2025\/05\/hydrangea-limelight-2048x1365.jpg 2048w\" sizes=\"(max-width: 800px) 100vw, 800px\" loading=\"eager\" \/>\t\t\t\t\t\t\t\t\t\t\t\t\t\t\t<\/div>\n\t\t\t\t<\/div>\n\t\t\t\t<div class=\"elementor-element elementor-element-f62f982 elementor-widget elementor-widget-image\" data-id=\"f62f982\" data-element_type=\"widget\" data-e-type=\"widget\" data-widget_type=\"image.default\">\n\t\t\t\t<div class=\"elementor-widget-container\">\n\t\t\t\t\t\t\t\t\t\t\t\t\t\t\t<img decoding=\"async\" width=\"800\" height=\"533\" src=\"https:\/\/wiktorklyk.com\/wp-content\/uploads\/2025\/05\/lipiec-w-ogrodzie-1400x933.jpg\" class=\"attachment-large size-large wp-image-24100\" alt=\"\" srcset=\"https:\/\/wiktorklyk.com\/wp-content\/uploads\/2025\/05\/lipiec-w-ogrodzie-1400x933.jpg 1400w, https:\/\/wiktorklyk.com\/wp-content\/uploads\/2025\/05\/lipiec-w-ogrodzie-600x400.jpg 600w, https:\/\/wiktorklyk.com\/wp-content\/uploads\/2025\/05\/lipiec-w-ogrodzie-768x512.jpg 768w, https:\/\/wiktorklyk.com\/wp-content\/uploads\/2025\/05\/lipiec-w-ogrodzie-1536x1024.jpg 1536w, https:\/\/wiktorklyk.com\/wp-content\/uploads\/2025\/05\/lipiec-w-ogrodzie-2048x1365.jpg 2048w\" sizes=\"(max-width: 800px) 100vw, 800px\" loading=\"eager\" \/>\t\t\t\t\t\t\t\t\t\t\t\t\t\t\t<\/div>\n\t\t\t\t<\/div>\n\t\t\t\t<div class=\"elementor-element elementor-element-970b986 elementor-widget elementor-widget-image\" data-id=\"970b986\" data-element_type=\"widget\" data-e-type=\"widget\" data-widget_type=\"image.default\">\n\t\t\t\t<div class=\"elementor-widget-container\">\n\t\t\t\t\t\t\t\t\t\t\t\t\t\t\t<img decoding=\"async\" width=\"800\" height=\"533\" src=\"https:\/\/wiktorklyk.com\/wp-content\/uploads\/2025\/05\/mikolajek-1400x933.jpg\" class=\"attachment-large size-large wp-image-24102\" alt=\"\" srcset=\"https:\/\/wiktorklyk.com\/wp-content\/uploads\/2025\/05\/mikolajek-1400x933.jpg 1400w, https:\/\/wiktorklyk.com\/wp-content\/uploads\/2025\/05\/mikolajek-600x400.jpg 600w, https:\/\/wiktorklyk.com\/wp-content\/uploads\/2025\/05\/mikolajek-768x512.jpg 768w, https:\/\/wiktorklyk.com\/wp-content\/uploads\/2025\/05\/mikolajek-1536x1024.jpg 1536w, https:\/\/wiktorklyk.com\/wp-content\/uploads\/2025\/05\/mikolajek-2048x1365.jpg 2048w\" sizes=\"(max-width: 800px) 100vw, 800px\" loading=\"eager\" \/>\t\t\t\t\t\t\t\t\t\t\t\t\t\t\t<\/div>\n\t\t\t\t<\/div>\n\t\t\t\t<div class=\"elementor-element elementor-element-27898f1 elementor-widget elementor-widget-image\" data-id=\"27898f1\" data-element_type=\"widget\" data-e-type=\"widget\" data-widget_type=\"image.default\">\n\t\t\t\t<div class=\"elementor-widget-container\">\n\t\t\t\t\t\t\t\t\t\t\t\t\t\t\t<img decoding=\"async\" width=\"800\" height=\"960\" src=\"https:\/\/wiktorklyk.com\/wp-content\/uploads\/2025\/05\/new-perennial-1167x1400.jpg\" class=\"attachment-large size-large wp-image-24104\" alt=\"\" srcset=\"https:\/\/wiktorklyk.com\/wp-content\/uploads\/2025\/05\/new-perennial-1167x1400.jpg 1167w, https:\/\/wiktorklyk.com\/wp-content\/uploads\/2025\/05\/new-perennial-500x600.jpg 500w, https:\/\/wiktorklyk.com\/wp-content\/uploads\/2025\/05\/new-perennial-768x922.jpg 768w, https:\/\/wiktorklyk.com\/wp-content\/uploads\/2025\/05\/new-perennial-1280x1536.jpg 1280w, https:\/\/wiktorklyk.com\/wp-content\/uploads\/2025\/05\/new-perennial-1707x2048.jpg 1707w\" sizes=\"(max-width: 800px) 100vw, 800px\" loading=\"eager\" \/>\t\t\t\t\t\t\t\t\t\t\t\t\t\t\t<\/div>\n\t\t\t\t<\/div>\n\t\t\t\t<div class=\"elementor-element elementor-element-5b98bc6 elementor-widget elementor-widget-image\" data-id=\"5b98bc6\" data-element_type=\"widget\" data-e-type=\"widget\" data-widget_type=\"image.default\">\n\t\t\t\t<div class=\"elementor-widget-container\">\n\t\t\t\t\t\t\t\t\t\t\t\t\t\t\t<img decoding=\"async\" width=\"800\" height=\"800\" src=\"https:\/\/wiktorklyk.com\/wp-content\/uploads\/2025\/05\/palenisko-1400x1400.jpg\" class=\"attachment-large size-large wp-image-24106\" alt=\"\" srcset=\"https:\/\/wiktorklyk.com\/wp-content\/uploads\/2025\/05\/palenisko-1400x1400.jpg 1400w, https:\/\/wiktorklyk.com\/wp-content\/uploads\/2025\/05\/palenisko-600x600.jpg 600w, https:\/\/wiktorklyk.com\/wp-content\/uploads\/2025\/05\/palenisko-150x150.jpg 150w, https:\/\/wiktorklyk.com\/wp-content\/uploads\/2025\/05\/palenisko-768x768.jpg 768w, https:\/\/wiktorklyk.com\/wp-content\/uploads\/2025\/05\/palenisko-1536x1536.jpg 1536w, https:\/\/wiktorklyk.com\/wp-content\/uploads\/2025\/05\/palenisko-2048x2048.jpg 2048w\" sizes=\"(max-width: 800px) 100vw, 800px\" loading=\"eager\" \/>\t\t\t\t\t\t\t\t\t\t\t\t\t\t\t<\/div>\n\t\t\t\t<\/div>\n\t\t\t\t<div class=\"elementor-element elementor-element-36ad0c0 elementor-widget elementor-widget-image\" data-id=\"36ad0c0\" data-element_type=\"widget\" data-e-type=\"widget\" data-widget_type=\"image.default\">\n\t\t\t\t<div class=\"elementor-widget-container\">\n\t\t\t\t\t\t\t\t\t\t\t\t\t\t\t<img decoding=\"async\" width=\"800\" height=\"1000\" src=\"https:\/\/wiktorklyk.com\/wp-content\/uploads\/2025\/05\/rozchodnik-okazaly-1120x1400.jpg\" class=\"attachment-large size-large wp-image-24108\" alt=\"\" srcset=\"https:\/\/wiktorklyk.com\/wp-content\/uploads\/2025\/05\/rozchodnik-okazaly-1120x1400.jpg 1120w, https:\/\/wiktorklyk.com\/wp-content\/uploads\/2025\/05\/rozchodnik-okazaly-480x600.jpg 480w, https:\/\/wiktorklyk.com\/wp-content\/uploads\/2025\/05\/rozchodnik-okazaly-768x960.jpg 768w, https:\/\/wiktorklyk.com\/wp-content\/uploads\/2025\/05\/rozchodnik-okazaly-1229x1536.jpg 1229w, https:\/\/wiktorklyk.com\/wp-content\/uploads\/2025\/05\/rozchodnik-okazaly-1639x2048.jpg 1639w, https:\/\/wiktorklyk.com\/wp-content\/uploads\/2025\/05\/rozchodnik-okazaly-scaled.jpg 2048w\" sizes=\"(max-width: 800px) 100vw, 800px\" loading=\"eager\" \/>\t\t\t\t\t\t\t\t\t\t\t\t\t\t\t<\/div>\n\t\t\t\t<\/div>\n\t\t\t\t<div class=\"elementor-element elementor-element-9a4bd37 elementor-widget elementor-widget-image\" data-id=\"9a4bd37\" data-element_type=\"widget\" data-e-type=\"widget\" data-widget_type=\"image.default\">\n\t\t\t\t<div class=\"elementor-widget-container\">\n\t\t\t\t\t\t\t\t\t\t\t\t\t\t\t<img decoding=\"async\" width=\"800\" height=\"1200\" src=\"https:\/\/wiktorklyk.com\/wp-content\/uploads\/2025\/05\/smialek-darniowy-933x1400.jpg\" class=\"attachment-large size-large wp-image-24110\" alt=\"\" srcset=\"https:\/\/wiktorklyk.com\/wp-content\/uploads\/2025\/05\/smialek-darniowy-933x1400.jpg 933w, https:\/\/wiktorklyk.com\/wp-content\/uploads\/2025\/05\/smialek-darniowy-400x600.jpg 400w, https:\/\/wiktorklyk.com\/wp-content\/uploads\/2025\/05\/smialek-darniowy-768x1152.jpg 768w, https:\/\/wiktorklyk.com\/wp-content\/uploads\/2025\/05\/smialek-darniowy-1024x1536.jpg 1024w, https:\/\/wiktorklyk.com\/wp-content\/uploads\/2025\/05\/smialek-darniowy-1365x2048.jpg 1365w, https:\/\/wiktorklyk.com\/wp-content\/uploads\/2025\/05\/smialek-darniowy-scaled.jpg 1707w\" sizes=\"(max-width: 800px) 100vw, 800px\" loading=\"eager\" \/>\t\t\t\t\t\t\t\t\t\t\t\t\t\t\t<\/div>\n\t\t\t\t<\/div>\n\t\t\t\t<\/div>\n\t\t\t\t<\/div>\n\t\t\t\t<\/div>\n\t\t","protected":false},"excerpt":{"rendered":"<p>Miejska \u0142\u0105ka 700m\u00b2 2019 Szczecin Projekt ogrodu: K\u0142yk landscaping Kontraktor: K\u0142yk landscaping Strefa mrozoodporno\u015bci usda 7B<\/p>\n","protected":false},"author":1,"featured_media":0,"parent":4110,"menu_order":10,"comment_status":"closed","ping_status":"closed","template":"","meta":{"footnotes":""},"class_list":["post-26860","page","type-page","status-publish","hentry"],"_links":{"self":[{"href":"https:\/\/wiktorklyk.com\/pl\/wp-json\/wp\/v2\/pages\/26860","targetHints":{"allow":["GET"]}}],"collection":[{"href":"https:\/\/wiktorklyk.com\/pl\/wp-json\/wp\/v2\/pages"}],"about":[{"href":"https:\/\/wiktorklyk.com\/pl\/wp-json\/wp\/v2\/types\/page"}],"author":[{"embeddable":true,"href":"https:\/\/wiktorklyk.com\/pl\/wp-json\/wp\/v2\/users\/1"}],"replies":[{"embeddable":true,"href":"https:\/\/wiktorklyk.com\/pl\/wp-json\/wp\/v2\/comments?post=26860"}],"version-history":[{"count":4,"href":"https:\/\/wiktorklyk.com\/pl\/wp-json\/wp\/v2\/pages\/26860\/revisions"}],"predecessor-version":[{"id":26940,"href":"https:\/\/wiktorklyk.com\/pl\/wp-json\/wp\/v2\/pages\/26860\/revisions\/26940"}],"up":[{"embeddable":true,"href":"https:\/\/wiktorklyk.com\/pl\/wp-json\/wp\/v2\/pages\/4110"}],"wp:attachment":[{"href":"https:\/\/wiktorklyk.com\/pl\/wp-json\/wp\/v2\/media?parent=26860"}],"curies":[{"name":"wp","href":"https:\/\/api.w.org\/{rel}","templated":true}]}}