{"id":26869,"date":"2026-02-01T15:08:01","date_gmt":"2026-02-01T14:08:01","guid":{"rendered":"https:\/\/wiktorklyk.com\/projekty\/nadmorski-resort\/"},"modified":"2026-02-01T15:21:22","modified_gmt":"2026-02-01T14:21:22","slug":"nadmorski-resort","status":"publish","type":"page","link":"https:\/\/wiktorklyk.com\/pl\/projekty\/nadmorski-resort\/","title":{"rendered":"Nadmorski resort"},"content":{"rendered":"\t\t<div data-elementor-type=\"wp-page\" data-elementor-id=\"26869\" class=\"elementor elementor-26869\" data-elementor-settings=\"{&quot;ha_cmc_init_switcher&quot;:&quot;no&quot;}\" data-elementor-post-type=\"page\">\n\t\t\t\t<div class=\"elementor-element elementor-element-fafcf61 e-con-full u-px--page c-project e-flex e-con e-parent\" data-id=\"fafcf61\" data-element_type=\"container\" data-e-type=\"container\" data-settings=\"{&quot;_ha_eqh_enable&quot;:false}\">\n\t\t<div class=\"elementor-element elementor-element-da970a4 c-project__title e-flex e-con-boxed e-con e-child\" data-id=\"da970a4\" data-element_type=\"container\" data-e-type=\"container\" data-settings=\"{&quot;_ha_eqh_enable&quot;:false}\">\n\t\t\t\t\t<div class=\"e-con-inner\">\n\t\t\t\t<div class=\"elementor-element elementor-element-682a590  u-pb-2-2 u-pt-5-2 elementor-widget elementor-widget-heading\" data-id=\"682a590\" data-element_type=\"widget\" data-e-type=\"widget\" data-widget_type=\"heading.default\">\n\t\t\t\t<div class=\"elementor-widget-container\">\n\t\t\t\t\t<h1 class=\"elementor-heading-title elementor-size-xxl\">Nadmorski resort<\/h1>\t\t\t\t<\/div>\n\t\t\t\t<\/div>\n\t\t\t\t\t<\/div>\n\t\t\t\t<\/div>\n\t\t<div class=\"elementor-element elementor-element-b2f3834 e-con-full c-project__data e-flex e-con e-child\" data-id=\"b2f3834\" data-element_type=\"container\" data-e-type=\"container\" data-settings=\"{&quot;_ha_eqh_enable&quot;:false}\">\n\t\t<div class=\"elementor-element elementor-element-f2f4fd4 e-con-full c-project__data-lne-1 e-flex e-con e-child\" data-id=\"f2f4fd4\" data-element_type=\"container\" data-e-type=\"container\" data-settings=\"{&quot;_ha_eqh_enable&quot;:false}\">\n\t\t\t\t<div class=\"elementor-element elementor-element-d554592 elementor-widget elementor-widget-heading\" data-id=\"d554592\" data-element_type=\"widget\" data-e-type=\"widget\" data-widget_type=\"heading.default\">\n\t\t\t\t<div class=\"elementor-widget-container\">\n\t\t\t\t\t<p class=\"elementor-heading-title elementor-size-default\">5000m\u00b2<\/p>\t\t\t\t<\/div>\n\t\t\t\t<\/div>\n\t\t\t\t<div class=\"elementor-element elementor-element-0a514ac elementor-widget elementor-widget-heading\" data-id=\"0a514ac\" data-element_type=\"widget\" data-e-type=\"widget\" data-widget_type=\"heading.default\">\n\t\t\t\t<div class=\"elementor-widget-container\">\n\t\t\t\t\t<p class=\"elementor-heading-title elementor-size-default\">2021<\/p>\t\t\t\t<\/div>\n\t\t\t\t<\/div>\n\t\t\t\t<div class=\"elementor-element elementor-element-4b912de elementor-widget elementor-widget-heading\" data-id=\"4b912de\" data-element_type=\"widget\" data-e-type=\"widget\" data-widget_type=\"heading.default\">\n\t\t\t\t<div class=\"elementor-widget-container\">\n\t\t\t\t\t<p class=\"elementor-heading-title elementor-size-default\">Mielno<\/p>\t\t\t\t<\/div>\n\t\t\t\t<\/div>\n\t\t\t\t<\/div>\n\t\t<div class=\"elementor-element elementor-element-e98538d e-con-full c-project__data-lne-2 e-flex e-con e-child\" data-id=\"e98538d\" data-element_type=\"container\" data-e-type=\"container\" data-settings=\"{&quot;_ha_eqh_enable&quot;:false}\">\n\t\t\t\t<div class=\"elementor-element elementor-element-76b07bf elementor-widget elementor-widget-heading\" data-id=\"76b07bf\" data-element_type=\"widget\" data-e-type=\"widget\" data-widget_type=\"heading.default\">\n\t\t\t\t<div class=\"elementor-widget-container\">\n\t\t\t\t\t<p class=\"elementor-heading-title elementor-size-default\">Projekt ogrodu:<\/p>\t\t\t\t<\/div>\n\t\t\t\t<\/div>\n\t\t\t\t<div class=\"elementor-element elementor-element-16f62b0 elementor-widget elementor-widget-heading\" data-id=\"16f62b0\" data-element_type=\"widget\" data-e-type=\"widget\" data-widget_type=\"heading.default\">\n\t\t\t\t<div class=\"elementor-widget-container\">\n\t\t\t\t\t<p class=\"elementor-heading-title elementor-size-default\">K\u0142yk landscaping<\/p>\t\t\t\t<\/div>\n\t\t\t\t<\/div>\n\t\t\t\t<\/div>\n\t\t<div class=\"elementor-element elementor-element-526e815 e-con-full c-project__data-lne-2 e-flex e-con e-child\" data-id=\"526e815\" data-element_type=\"container\" data-e-type=\"container\" data-settings=\"{&quot;_ha_eqh_enable&quot;:false}\">\n\t\t\t\t<div class=\"elementor-element elementor-element-9855b6b elementor-widget elementor-widget-heading\" data-id=\"9855b6b\" data-element_type=\"widget\" data-e-type=\"widget\" data-widget_type=\"heading.default\">\n\t\t\t\t<div class=\"elementor-widget-container\">\n\t\t\t\t\t<p class=\"elementor-heading-title elementor-size-default\">Architektura:<\/p>\t\t\t\t<\/div>\n\t\t\t\t<\/div>\n\t\t\t\t<div class=\"elementor-element elementor-element-dbdd037 elementor-widget elementor-widget-heading\" data-id=\"dbdd037\" data-element_type=\"widget\" data-e-type=\"widget\" data-widget_type=\"heading.default\">\n\t\t\t\t<div class=\"elementor-widget-container\">\n\t\t\t\t\t<p class=\"elementor-heading-title elementor-size-default\">K\u0142yk landscaping<\/p>\t\t\t\t<\/div>\n\t\t\t\t<\/div>\n\t\t\t\t<\/div>\n\t\t<div class=\"elementor-element elementor-element-ed39feb e-con-full c-project__data-lne-2 e-flex e-con e-child\" data-id=\"ed39feb\" data-element_type=\"container\" data-e-type=\"container\" data-settings=\"{&quot;_ha_eqh_enable&quot;:false}\">\n\t\t\t\t<div class=\"elementor-element elementor-element-4fc3e58 elementor-widget elementor-widget-heading\" data-id=\"4fc3e58\" data-element_type=\"widget\" data-e-type=\"widget\" data-widget_type=\"heading.default\">\n\t\t\t\t<div class=\"elementor-widget-container\">\n\t\t\t\t\t<p class=\"elementor-heading-title elementor-size-default\">Strefa mrozoodporno\u015bci usda<\/p>\t\t\t\t<\/div>\n\t\t\t\t<\/div>\n\t\t\t\t<div class=\"elementor-element elementor-element-374afb9 elementor-widget elementor-widget-heading\" data-id=\"374afb9\" data-element_type=\"widget\" data-e-type=\"widget\" data-widget_type=\"heading.default\">\n\t\t\t\t<div class=\"elementor-widget-container\">\n\t\t\t\t\t<p class=\"elementor-heading-title elementor-size-default\">7B<\/p>\t\t\t\t<\/div>\n\t\t\t\t<\/div>\n\t\t\t\t<\/div>\n\t\t\t\t<\/div>\n\t\t<div class=\"elementor-element elementor-element-bc4afb3 e-con-full c-project__images e-flex e-con e-child\" data-id=\"bc4afb3\" data-element_type=\"container\" data-e-type=\"container\" data-settings=\"{&quot;_ha_eqh_enable&quot;:false}\">\n\t\t\t\t<div class=\"elementor-element elementor-element-38ba479 elementor-widget elementor-widget-image\" data-id=\"38ba479\" data-element_type=\"widget\" data-e-type=\"widget\" data-widget_type=\"image.default\">\n\t\t\t\t<div class=\"elementor-widget-container\">\n\t\t\t\t\t\t\t\t\t\t\t\t\t\t\t<img fetchpriority=\"high\" decoding=\"async\" width=\"800\" height=\"800\" src=\"https:\/\/wiktorklyk.com\/wp-content\/uploads\/2025\/05\/fot-wiktor-klyk-1400x1400.jpg\" class=\"attachment-large size-large wp-image-24242\" alt=\"\" srcset=\"https:\/\/wiktorklyk.com\/wp-content\/uploads\/2025\/05\/fot-wiktor-klyk-1400x1400.jpg 1400w, https:\/\/wiktorklyk.com\/wp-content\/uploads\/2025\/05\/fot-wiktor-klyk-600x600.jpg 600w, https:\/\/wiktorklyk.com\/wp-content\/uploads\/2025\/05\/fot-wiktor-klyk-150x150.jpg 150w, https:\/\/wiktorklyk.com\/wp-content\/uploads\/2025\/05\/fot-wiktor-klyk-768x768.jpg 768w, https:\/\/wiktorklyk.com\/wp-content\/uploads\/2025\/05\/fot-wiktor-klyk-1536x1536.jpg 1536w, https:\/\/wiktorklyk.com\/wp-content\/uploads\/2025\/05\/fot-wiktor-klyk-2048x2048.jpg 2048w\" sizes=\"(max-width: 800px) 100vw, 800px\" loading=\"eager\" \/>\t\t\t\t\t\t\t\t\t\t\t\t\t\t\t<\/div>\n\t\t\t\t<\/div>\n\t\t\t\t<\/div>\n\t\t\t\t<\/div>\n\t\t\t\t<\/div>\n\t\t","protected":false},"excerpt":{"rendered":"<p>Nadmorski resort 5000m\u00b2 2021 Mielno Projekt ogrodu: K\u0142yk landscaping Architektura: K\u0142yk landscaping Strefa mrozoodporno\u015bci usda 7B<\/p>\n","protected":false},"author":1,"featured_media":0,"parent":4110,"menu_order":13,"comment_status":"closed","ping_status":"closed","template":"","meta":{"footnotes":""},"class_list":["post-26869","page","type-page","status-publish","hentry"],"_links":{"self":[{"href":"https:\/\/wiktorklyk.com\/pl\/wp-json\/wp\/v2\/pages\/26869","targetHints":{"allow":["GET"]}}],"collection":[{"href":"https:\/\/wiktorklyk.com\/pl\/wp-json\/wp\/v2\/pages"}],"about":[{"href":"https:\/\/wiktorklyk.com\/pl\/wp-json\/wp\/v2\/types\/page"}],"author":[{"embeddable":true,"href":"https:\/\/wiktorklyk.com\/pl\/wp-json\/wp\/v2\/users\/1"}],"replies":[{"embeddable":true,"href":"https:\/\/wiktorklyk.com\/pl\/wp-json\/wp\/v2\/comments?post=26869"}],"version-history":[{"count":4,"href":"https:\/\/wiktorklyk.com\/pl\/wp-json\/wp\/v2\/pages\/26869\/revisions"}],"predecessor-version":[{"id":26949,"href":"https:\/\/wiktorklyk.com\/pl\/wp-json\/wp\/v2\/pages\/26869\/revisions\/26949"}],"up":[{"embeddable":true,"href":"https:\/\/wiktorklyk.com\/pl\/wp-json\/wp\/v2\/pages\/4110"}],"wp:attachment":[{"href":"https:\/\/wiktorklyk.com\/pl\/wp-json\/wp\/v2\/media?parent=26869"}],"curies":[{"name":"wp","href":"https:\/\/api.w.org\/{rel}","templated":true}]}}