{"id":26899,"date":"2026-02-01T15:09:31","date_gmt":"2026-02-01T14:09:31","guid":{"rendered":"https:\/\/wiktorklyk.com\/projekty\/pustynny-ogrod\/"},"modified":"2026-02-01T15:29:02","modified_gmt":"2026-02-01T14:29:02","slug":"pustynny-ogrod","status":"publish","type":"page","link":"https:\/\/wiktorklyk.com\/pl\/projekty\/pustynny-ogrod\/","title":{"rendered":"Pustynny ogr\u00f3d"},"content":{"rendered":"\t\t<div data-elementor-type=\"wp-page\" data-elementor-id=\"26899\" class=\"elementor elementor-26899\" data-elementor-settings=\"{&quot;ha_cmc_init_switcher&quot;:&quot;no&quot;}\" data-elementor-post-type=\"page\">\n\t\t\t\t<div class=\"elementor-element elementor-element-7336c4f e-con-full u-px--page c-project e-flex e-con e-parent\" data-id=\"7336c4f\" data-element_type=\"container\" data-e-type=\"container\" data-settings=\"{&quot;_ha_eqh_enable&quot;:false}\">\n\t\t<div class=\"elementor-element elementor-element-83f0dc6 c-project__title e-flex e-con-boxed e-con e-child\" data-id=\"83f0dc6\" data-element_type=\"container\" data-e-type=\"container\" data-settings=\"{&quot;_ha_eqh_enable&quot;:false}\">\n\t\t\t\t\t<div class=\"e-con-inner\">\n\t\t\t\t<div class=\"elementor-element elementor-element-7766f73  u-pb-2-2 u-pt-5-2 elementor-widget elementor-widget-heading\" data-id=\"7766f73\" data-element_type=\"widget\" data-e-type=\"widget\" data-widget_type=\"heading.default\">\n\t\t\t\t<div class=\"elementor-widget-container\">\n\t\t\t\t\t<h1 class=\"elementor-heading-title elementor-size-xxl\">Pustynny ogr\u00f3d - brak linka<\/h1>\t\t\t\t<\/div>\n\t\t\t\t<\/div>\n\t\t\t\t\t<\/div>\n\t\t\t\t<\/div>\n\t\t<div class=\"elementor-element elementor-element-6445972 e-con-full c-project__data e-flex e-con e-child\" data-id=\"6445972\" data-element_type=\"container\" data-e-type=\"container\" data-settings=\"{&quot;_ha_eqh_enable&quot;:false}\">\n\t\t<div class=\"elementor-element elementor-element-8b2f2f4 e-con-full c-project__data-lne-1 e-flex e-con e-child\" data-id=\"8b2f2f4\" data-element_type=\"container\" data-e-type=\"container\" data-settings=\"{&quot;_ha_eqh_enable&quot;:false}\">\n\t\t\t\t<div class=\"elementor-element elementor-element-12b2585 elementor-widget elementor-widget-heading\" data-id=\"12b2585\" data-element_type=\"widget\" data-e-type=\"widget\" data-widget_type=\"heading.default\">\n\t\t\t\t<div class=\"elementor-widget-container\">\n\t\t\t\t\t<p class=\"elementor-heading-title elementor-size-default\">6000m\u00b2<\/p>\t\t\t\t<\/div>\n\t\t\t\t<\/div>\n\t\t\t\t<div class=\"elementor-element elementor-element-586d96a elementor-widget elementor-widget-heading\" data-id=\"586d96a\" data-element_type=\"widget\" data-e-type=\"widget\" data-widget_type=\"heading.default\">\n\t\t\t\t<div class=\"elementor-widget-container\">\n\t\t\t\t\t<p class=\"elementor-heading-title elementor-size-default\">2021<\/p>\t\t\t\t<\/div>\n\t\t\t\t<\/div>\n\t\t\t\t<div class=\"elementor-element elementor-element-b25f116 elementor-widget elementor-widget-heading\" data-id=\"b25f116\" data-element_type=\"widget\" data-e-type=\"widget\" data-widget_type=\"heading.default\">\n\t\t\t\t<div class=\"elementor-widget-container\">\n\t\t\t\t\t<p class=\"elementor-heading-title elementor-size-default\">\u0141\u00f3d\u017a<\/p>\t\t\t\t<\/div>\n\t\t\t\t<\/div>\n\t\t\t\t<\/div>\n\t\t<div class=\"elementor-element elementor-element-adceb89 e-con-full c-project__data-lne-2 e-flex e-con e-child\" data-id=\"adceb89\" data-element_type=\"container\" data-e-type=\"container\" data-settings=\"{&quot;_ha_eqh_enable&quot;:false}\">\n\t\t\t\t<div class=\"elementor-element elementor-element-0bdd282 elementor-widget elementor-widget-heading\" data-id=\"0bdd282\" data-element_type=\"widget\" data-e-type=\"widget\" data-widget_type=\"heading.default\">\n\t\t\t\t<div class=\"elementor-widget-container\">\n\t\t\t\t\t<p class=\"elementor-heading-title elementor-size-default\">Projekt ogrodu:<\/p>\t\t\t\t<\/div>\n\t\t\t\t<\/div>\n\t\t\t\t<div class=\"elementor-element elementor-element-3132a29 elementor-widget elementor-widget-heading\" data-id=\"3132a29\" data-element_type=\"widget\" data-e-type=\"widget\" data-widget_type=\"heading.default\">\n\t\t\t\t<div class=\"elementor-widget-container\">\n\t\t\t\t\t<p class=\"elementor-heading-title elementor-size-default\">K\u0142yk landscaping<\/p>\t\t\t\t<\/div>\n\t\t\t\t<\/div>\n\t\t\t\t<\/div>\n\t\t<div class=\"elementor-element elementor-element-efe502a e-con-full c-project__data-lne-2 e-flex e-con e-child\" data-id=\"efe502a\" data-element_type=\"container\" data-e-type=\"container\" data-settings=\"{&quot;_ha_eqh_enable&quot;:false}\">\n\t\t\t\t<div class=\"elementor-element elementor-element-5644775 elementor-widget elementor-widget-heading\" data-id=\"5644775\" data-element_type=\"widget\" data-e-type=\"widget\" data-widget_type=\"heading.default\">\n\t\t\t\t<div class=\"elementor-widget-container\">\n\t\t\t\t\t<p class=\"elementor-heading-title elementor-size-default\">Strefa mrozoodporno\u015bci usda<\/p>\t\t\t\t<\/div>\n\t\t\t\t<\/div>\n\t\t\t\t<div class=\"elementor-element elementor-element-fedb4ef elementor-widget elementor-widget-heading\" data-id=\"fedb4ef\" data-element_type=\"widget\" data-e-type=\"widget\" data-widget_type=\"heading.default\">\n\t\t\t\t<div class=\"elementor-widget-container\">\n\t\t\t\t\t<p class=\"elementor-heading-title elementor-size-default\">7B<\/p>\t\t\t\t<\/div>\n\t\t\t\t<\/div>\n\t\t\t\t<\/div>\n\t\t\t\t<\/div>\n\t\t<div class=\"elementor-element elementor-element-01ab614 e-con-full c-project__images e-flex e-con e-child\" data-id=\"01ab614\" data-element_type=\"container\" data-e-type=\"container\" data-settings=\"{&quot;_ha_eqh_enable&quot;:false}\">\n\t\t\t\t<div class=\"elementor-element elementor-element-7e0bf4f elementor-widget elementor-widget-image\" data-id=\"7e0bf4f\" data-element_type=\"widget\" data-e-type=\"widget\" data-widget_type=\"image.default\">\n\t\t\t\t<div class=\"elementor-widget-container\">\n\t\t\t\t\t\t\t\t\t\t\t\t\t\t\t<img fetchpriority=\"high\" decoding=\"async\" width=\"800\" height=\"800\" src=\"https:\/\/wiktorklyk.com\/wp-content\/uploads\/2025\/05\/fot-wiktor-klyk-1400x1400.jpg\" class=\"attachment-large size-large wp-image-24242\" alt=\"\" srcset=\"https:\/\/wiktorklyk.com\/wp-content\/uploads\/2025\/05\/fot-wiktor-klyk-1400x1400.jpg 1400w, https:\/\/wiktorklyk.com\/wp-content\/uploads\/2025\/05\/fot-wiktor-klyk-600x600.jpg 600w, https:\/\/wiktorklyk.com\/wp-content\/uploads\/2025\/05\/fot-wiktor-klyk-150x150.jpg 150w, https:\/\/wiktorklyk.com\/wp-content\/uploads\/2025\/05\/fot-wiktor-klyk-768x768.jpg 768w, https:\/\/wiktorklyk.com\/wp-content\/uploads\/2025\/05\/fot-wiktor-klyk-1536x1536.jpg 1536w, https:\/\/wiktorklyk.com\/wp-content\/uploads\/2025\/05\/fot-wiktor-klyk-2048x2048.jpg 2048w\" sizes=\"(max-width: 800px) 100vw, 800px\" loading=\"eager\" \/>\t\t\t\t\t\t\t\t\t\t\t\t\t\t\t<\/div>\n\t\t\t\t<\/div>\n\t\t\t\t<div class=\"elementor-element elementor-element-4b2ba06 elementor-widget elementor-widget-image\" data-id=\"4b2ba06\" data-element_type=\"widget\" data-e-type=\"widget\" data-widget_type=\"image.default\">\n\t\t\t\t<div class=\"elementor-widget-container\">\n\t\t\t\t\t\t\t\t\t\t\t\t\t\t\t<img decoding=\"async\" width=\"800\" height=\"961\" src=\"https:\/\/wiktorklyk.com\/wp-content\/uploads\/2025\/05\/piotrkow-regatowa-fot-piotr-krajewski-lq_05_d_3k2a7906-1166x1400.jpg\" class=\"attachment-large size-large wp-image-24244\" alt=\"\" srcset=\"https:\/\/wiktorklyk.com\/wp-content\/uploads\/2025\/05\/piotrkow-regatowa-fot-piotr-krajewski-lq_05_d_3k2a7906-1166x1400.jpg 1166w, https:\/\/wiktorklyk.com\/wp-content\/uploads\/2025\/05\/piotrkow-regatowa-fot-piotr-krajewski-lq_05_d_3k2a7906-500x600.jpg 500w, https:\/\/wiktorklyk.com\/wp-content\/uploads\/2025\/05\/piotrkow-regatowa-fot-piotr-krajewski-lq_05_d_3k2a7906-768x922.jpg 768w, https:\/\/wiktorklyk.com\/wp-content\/uploads\/2025\/05\/piotrkow-regatowa-fot-piotr-krajewski-lq_05_d_3k2a7906-1280x1536.jpg 1280w, https:\/\/wiktorklyk.com\/wp-content\/uploads\/2025\/05\/piotrkow-regatowa-fot-piotr-krajewski-lq_05_d_3k2a7906-1706x2048.jpg 1706w\" sizes=\"(max-width: 800px) 100vw, 800px\" loading=\"eager\" \/>\t\t\t\t\t\t\t\t\t\t\t\t\t\t\t<\/div>\n\t\t\t\t<\/div>\n\t\t\t\t<div class=\"elementor-element elementor-element-0e285a8 elementor-widget elementor-widget-image\" data-id=\"0e285a8\" data-element_type=\"widget\" data-e-type=\"widget\" data-widget_type=\"image.default\">\n\t\t\t\t<div class=\"elementor-widget-container\">\n\t\t\t\t\t\t\t\t\t\t\t\t\t\t\t<img decoding=\"async\" width=\"800\" height=\"531\" src=\"https:\/\/wiktorklyk.com\/wp-content\/uploads\/2025\/05\/piotrkow-regatowa-fot-piotr-krajewski-lq_07_3k2a4584-1400x930.jpg\" class=\"attachment-large size-large wp-image-24246\" alt=\"\" srcset=\"https:\/\/wiktorklyk.com\/wp-content\/uploads\/2025\/05\/piotrkow-regatowa-fot-piotr-krajewski-lq_07_3k2a4584-1400x930.jpg 1400w, https:\/\/wiktorklyk.com\/wp-content\/uploads\/2025\/05\/piotrkow-regatowa-fot-piotr-krajewski-lq_07_3k2a4584-600x398.jpg 600w, https:\/\/wiktorklyk.com\/wp-content\/uploads\/2025\/05\/piotrkow-regatowa-fot-piotr-krajewski-lq_07_3k2a4584-768x510.jpg 768w, https:\/\/wiktorklyk.com\/wp-content\/uploads\/2025\/05\/piotrkow-regatowa-fot-piotr-krajewski-lq_07_3k2a4584-1536x1020.jpg 1536w, https:\/\/wiktorklyk.com\/wp-content\/uploads\/2025\/05\/piotrkow-regatowa-fot-piotr-krajewski-lq_07_3k2a4584-2048x1360.jpg 2048w\" sizes=\"(max-width: 800px) 100vw, 800px\" loading=\"eager\" \/>\t\t\t\t\t\t\t\t\t\t\t\t\t\t\t<\/div>\n\t\t\t\t<\/div>\n\t\t\t\t<div class=\"elementor-element elementor-element-9c3b0e4 elementor-widget elementor-widget-image\" data-id=\"9c3b0e4\" data-element_type=\"widget\" data-e-type=\"widget\" data-widget_type=\"image.default\">\n\t\t\t\t<div class=\"elementor-widget-container\">\n\t\t\t\t\t\t\t\t\t\t\t\t\t\t\t<img decoding=\"async\" width=\"800\" height=\"534\" src=\"https:\/\/wiktorklyk.com\/wp-content\/uploads\/2025\/05\/piotrkow-regatowa-fot-piotr-krajewski-lq_09_3k2a4635-1400x934.jpg\" class=\"attachment-large size-large wp-image-24248\" alt=\"\" srcset=\"https:\/\/wiktorklyk.com\/wp-content\/uploads\/2025\/05\/piotrkow-regatowa-fot-piotr-krajewski-lq_09_3k2a4635-1400x934.jpg 1400w, https:\/\/wiktorklyk.com\/wp-content\/uploads\/2025\/05\/piotrkow-regatowa-fot-piotr-krajewski-lq_09_3k2a4635-600x400.jpg 600w, https:\/\/wiktorklyk.com\/wp-content\/uploads\/2025\/05\/piotrkow-regatowa-fot-piotr-krajewski-lq_09_3k2a4635-768x512.jpg 768w, https:\/\/wiktorklyk.com\/wp-content\/uploads\/2025\/05\/piotrkow-regatowa-fot-piotr-krajewski-lq_09_3k2a4635-1536x1024.jpg 1536w, https:\/\/wiktorklyk.com\/wp-content\/uploads\/2025\/05\/piotrkow-regatowa-fot-piotr-krajewski-lq_09_3k2a4635-2048x1366.jpg 2048w\" sizes=\"(max-width: 800px) 100vw, 800px\" loading=\"eager\" \/>\t\t\t\t\t\t\t\t\t\t\t\t\t\t\t<\/div>\n\t\t\t\t<\/div>\n\t\t\t\t<div class=\"elementor-element elementor-element-cee83a8 elementor-widget elementor-widget-image\" data-id=\"cee83a8\" data-element_type=\"widget\" data-e-type=\"widget\" data-widget_type=\"image.default\">\n\t\t\t\t<div class=\"elementor-widget-container\">\n\t\t\t\t\t\t\t\t\t\t\t\t\t\t\t<img decoding=\"async\" width=\"800\" height=\"1120\" src=\"https:\/\/wiktorklyk.com\/wp-content\/uploads\/2025\/05\/piotrkow-regatowa-fot-piotr-krajewski-lq_10_3k2a4710-1000x1400.jpg\" class=\"attachment-large size-large wp-image-24250\" alt=\"\" srcset=\"https:\/\/wiktorklyk.com\/wp-content\/uploads\/2025\/05\/piotrkow-regatowa-fot-piotr-krajewski-lq_10_3k2a4710-1000x1400.jpg 1000w, https:\/\/wiktorklyk.com\/wp-content\/uploads\/2025\/05\/piotrkow-regatowa-fot-piotr-krajewski-lq_10_3k2a4710-429x600.jpg 429w, https:\/\/wiktorklyk.com\/wp-content\/uploads\/2025\/05\/piotrkow-regatowa-fot-piotr-krajewski-lq_10_3k2a4710-768x1075.jpg 768w, https:\/\/wiktorklyk.com\/wp-content\/uploads\/2025\/05\/piotrkow-regatowa-fot-piotr-krajewski-lq_10_3k2a4710-1097x1536.jpg 1097w, https:\/\/wiktorklyk.com\/wp-content\/uploads\/2025\/05\/piotrkow-regatowa-fot-piotr-krajewski-lq_10_3k2a4710-1463x2048.jpg 1463w, https:\/\/wiktorklyk.com\/wp-content\/uploads\/2025\/05\/piotrkow-regatowa-fot-piotr-krajewski-lq_10_3k2a4710.jpg 1786w\" sizes=\"(max-width: 800px) 100vw, 800px\" loading=\"eager\" \/>\t\t\t\t\t\t\t\t\t\t\t\t\t\t\t<\/div>\n\t\t\t\t<\/div>\n\t\t\t\t<div class=\"elementor-element elementor-element-900104c elementor-widget elementor-widget-image\" data-id=\"900104c\" data-element_type=\"widget\" data-e-type=\"widget\" data-widget_type=\"image.default\">\n\t\t\t\t<div class=\"elementor-widget-container\">\n\t\t\t\t\t\t\t\t\t\t\t\t\t\t\t<img decoding=\"async\" width=\"800\" height=\"961\" src=\"https:\/\/wiktorklyk.com\/wp-content\/uploads\/2025\/05\/piotrkow-regatowa-fot-piotr-krajewski-lq_13_3k2a4776-1166x1400.jpg\" class=\"attachment-large size-large wp-image-24252\" alt=\"\" srcset=\"https:\/\/wiktorklyk.com\/wp-content\/uploads\/2025\/05\/piotrkow-regatowa-fot-piotr-krajewski-lq_13_3k2a4776-1166x1400.jpg 1166w, https:\/\/wiktorklyk.com\/wp-content\/uploads\/2025\/05\/piotrkow-regatowa-fot-piotr-krajewski-lq_13_3k2a4776-500x600.jpg 500w, https:\/\/wiktorklyk.com\/wp-content\/uploads\/2025\/05\/piotrkow-regatowa-fot-piotr-krajewski-lq_13_3k2a4776-768x922.jpg 768w, https:\/\/wiktorklyk.com\/wp-content\/uploads\/2025\/05\/piotrkow-regatowa-fot-piotr-krajewski-lq_13_3k2a4776-1280x1536.jpg 1280w, https:\/\/wiktorklyk.com\/wp-content\/uploads\/2025\/05\/piotrkow-regatowa-fot-piotr-krajewski-lq_13_3k2a4776-1706x2048.jpg 1706w\" sizes=\"(max-width: 800px) 100vw, 800px\" loading=\"eager\" \/>\t\t\t\t\t\t\t\t\t\t\t\t\t\t\t<\/div>\n\t\t\t\t<\/div>\n\t\t\t\t<div class=\"elementor-element elementor-element-e9d5b06 elementor-widget elementor-widget-image\" data-id=\"e9d5b06\" data-element_type=\"widget\" data-e-type=\"widget\" data-widget_type=\"image.default\">\n\t\t\t\t<div class=\"elementor-widget-container\">\n\t\t\t\t\t\t\t\t\t\t\t\t\t\t\t<img decoding=\"async\" width=\"800\" height=\"961\" src=\"https:\/\/wiktorklyk.com\/wp-content\/uploads\/2025\/05\/piotrkow-regatowa-fot-piotr-krajewski-lq_13_d_3k2a7834-1166x1400.jpg\" class=\"attachment-large size-large wp-image-24254\" alt=\"\" srcset=\"https:\/\/wiktorklyk.com\/wp-content\/uploads\/2025\/05\/piotrkow-regatowa-fot-piotr-krajewski-lq_13_d_3k2a7834-1166x1400.jpg 1166w, https:\/\/wiktorklyk.com\/wp-content\/uploads\/2025\/05\/piotrkow-regatowa-fot-piotr-krajewski-lq_13_d_3k2a7834-500x600.jpg 500w, https:\/\/wiktorklyk.com\/wp-content\/uploads\/2025\/05\/piotrkow-regatowa-fot-piotr-krajewski-lq_13_d_3k2a7834-768x922.jpg 768w, https:\/\/wiktorklyk.com\/wp-content\/uploads\/2025\/05\/piotrkow-regatowa-fot-piotr-krajewski-lq_13_d_3k2a7834-1280x1536.jpg 1280w, https:\/\/wiktorklyk.com\/wp-content\/uploads\/2025\/05\/piotrkow-regatowa-fot-piotr-krajewski-lq_13_d_3k2a7834-1706x2048.jpg 1706w\" sizes=\"(max-width: 800px) 100vw, 800px\" loading=\"eager\" \/>\t\t\t\t\t\t\t\t\t\t\t\t\t\t\t<\/div>\n\t\t\t\t<\/div>\n\t\t\t\t<div class=\"elementor-element elementor-element-daf1a30 elementor-widget elementor-widget-image\" data-id=\"daf1a30\" data-element_type=\"widget\" data-e-type=\"widget\" data-widget_type=\"image.default\">\n\t\t\t\t<div class=\"elementor-widget-container\">\n\t\t\t\t\t\t\t\t\t\t\t\t\t\t\t<img decoding=\"async\" width=\"800\" height=\"961\" src=\"https:\/\/wiktorklyk.com\/wp-content\/uploads\/2025\/05\/piotrkow-regatowa-fot-piotr-krajewski-lq_14_d_3k2a7954-1166x1400.jpg\" class=\"attachment-large size-large wp-image-24256\" alt=\"\" srcset=\"https:\/\/wiktorklyk.com\/wp-content\/uploads\/2025\/05\/piotrkow-regatowa-fot-piotr-krajewski-lq_14_d_3k2a7954-1166x1400.jpg 1166w, https:\/\/wiktorklyk.com\/wp-content\/uploads\/2025\/05\/piotrkow-regatowa-fot-piotr-krajewski-lq_14_d_3k2a7954-500x600.jpg 500w, https:\/\/wiktorklyk.com\/wp-content\/uploads\/2025\/05\/piotrkow-regatowa-fot-piotr-krajewski-lq_14_d_3k2a7954-768x922.jpg 768w, https:\/\/wiktorklyk.com\/wp-content\/uploads\/2025\/05\/piotrkow-regatowa-fot-piotr-krajewski-lq_14_d_3k2a7954-1280x1536.jpg 1280w, https:\/\/wiktorklyk.com\/wp-content\/uploads\/2025\/05\/piotrkow-regatowa-fot-piotr-krajewski-lq_14_d_3k2a7954-1706x2048.jpg 1706w\" sizes=\"(max-width: 800px) 100vw, 800px\" loading=\"eager\" \/>\t\t\t\t\t\t\t\t\t\t\t\t\t\t\t<\/div>\n\t\t\t\t<\/div>\n\t\t\t\t<div class=\"elementor-element elementor-element-e2e6f22 elementor-widget elementor-widget-image\" data-id=\"e2e6f22\" data-element_type=\"widget\" data-e-type=\"widget\" data-widget_type=\"image.default\">\n\t\t\t\t<div class=\"elementor-widget-container\">\n\t\t\t\t\t\t\t\t\t\t\t\t\t\t\t<img decoding=\"async\" width=\"800\" height=\"531\" src=\"https:\/\/wiktorklyk.com\/wp-content\/uploads\/2025\/05\/piotrkow-regatowa-fot-piotr-krajewski-lq_26_3k2a4865-2-1400x930.jpg\" class=\"attachment-large size-large wp-image-24258\" alt=\"\" srcset=\"https:\/\/wiktorklyk.com\/wp-content\/uploads\/2025\/05\/piotrkow-regatowa-fot-piotr-krajewski-lq_26_3k2a4865-2-1400x930.jpg 1400w, https:\/\/wiktorklyk.com\/wp-content\/uploads\/2025\/05\/piotrkow-regatowa-fot-piotr-krajewski-lq_26_3k2a4865-2-600x398.jpg 600w, https:\/\/wiktorklyk.com\/wp-content\/uploads\/2025\/05\/piotrkow-regatowa-fot-piotr-krajewski-lq_26_3k2a4865-2-768x510.jpg 768w, https:\/\/wiktorklyk.com\/wp-content\/uploads\/2025\/05\/piotrkow-regatowa-fot-piotr-krajewski-lq_26_3k2a4865-2-1536x1020.jpg 1536w, https:\/\/wiktorklyk.com\/wp-content\/uploads\/2025\/05\/piotrkow-regatowa-fot-piotr-krajewski-lq_26_3k2a4865-2-2048x1360.jpg 2048w\" sizes=\"(max-width: 800px) 100vw, 800px\" loading=\"eager\" \/>\t\t\t\t\t\t\t\t\t\t\t\t\t\t\t<\/div>\n\t\t\t\t<\/div>\n\t\t\t\t<div class=\"elementor-element elementor-element-74dc3b2 elementor-widget elementor-widget-image\" data-id=\"74dc3b2\" data-element_type=\"widget\" data-e-type=\"widget\" data-widget_type=\"image.default\">\n\t\t\t\t<div class=\"elementor-widget-container\">\n\t\t\t\t\t\t\t\t\t\t\t\t\t\t\t<img decoding=\"async\" width=\"800\" height=\"531\" src=\"https:\/\/wiktorklyk.com\/wp-content\/uploads\/2025\/05\/piotrkow-regatowa-fot-piotr-krajewski-lq_29_d_3k2a8133-1400x930.jpg\" class=\"attachment-large size-large wp-image-24260\" alt=\"\" srcset=\"https:\/\/wiktorklyk.com\/wp-content\/uploads\/2025\/05\/piotrkow-regatowa-fot-piotr-krajewski-lq_29_d_3k2a8133-1400x930.jpg 1400w, https:\/\/wiktorklyk.com\/wp-content\/uploads\/2025\/05\/piotrkow-regatowa-fot-piotr-krajewski-lq_29_d_3k2a8133-600x398.jpg 600w, https:\/\/wiktorklyk.com\/wp-content\/uploads\/2025\/05\/piotrkow-regatowa-fot-piotr-krajewski-lq_29_d_3k2a8133-768x510.jpg 768w, https:\/\/wiktorklyk.com\/wp-content\/uploads\/2025\/05\/piotrkow-regatowa-fot-piotr-krajewski-lq_29_d_3k2a8133-1536x1020.jpg 1536w, https:\/\/wiktorklyk.com\/wp-content\/uploads\/2025\/05\/piotrkow-regatowa-fot-piotr-krajewski-lq_29_d_3k2a8133-2048x1360.jpg 2048w\" sizes=\"(max-width: 800px) 100vw, 800px\" loading=\"eager\" \/>\t\t\t\t\t\t\t\t\t\t\t\t\t\t\t<\/div>\n\t\t\t\t<\/div>\n\t\t\t\t<div class=\"elementor-element elementor-element-f3f5634 elementor-widget elementor-widget-image\" data-id=\"f3f5634\" data-element_type=\"widget\" data-e-type=\"widget\" data-widget_type=\"image.default\">\n\t\t\t\t<div class=\"elementor-widget-container\">\n\t\t\t\t\t\t\t\t\t\t\t\t\t\t\t<img decoding=\"async\" width=\"800\" height=\"961\" src=\"https:\/\/wiktorklyk.com\/wp-content\/uploads\/2025\/05\/piotrkow-regatowa-fot-piotr-krajewski-lq_35_n_3k2a82831-1166x1400.jpg\" class=\"attachment-large size-large wp-image-24262\" alt=\"\" srcset=\"https:\/\/wiktorklyk.com\/wp-content\/uploads\/2025\/05\/piotrkow-regatowa-fot-piotr-krajewski-lq_35_n_3k2a82831-1166x1400.jpg 1166w, https:\/\/wiktorklyk.com\/wp-content\/uploads\/2025\/05\/piotrkow-regatowa-fot-piotr-krajewski-lq_35_n_3k2a82831-500x600.jpg 500w, https:\/\/wiktorklyk.com\/wp-content\/uploads\/2025\/05\/piotrkow-regatowa-fot-piotr-krajewski-lq_35_n_3k2a82831-768x922.jpg 768w, https:\/\/wiktorklyk.com\/wp-content\/uploads\/2025\/05\/piotrkow-regatowa-fot-piotr-krajewski-lq_35_n_3k2a82831-1280x1536.jpg 1280w, https:\/\/wiktorklyk.com\/wp-content\/uploads\/2025\/05\/piotrkow-regatowa-fot-piotr-krajewski-lq_35_n_3k2a82831-1706x2048.jpg 1706w\" sizes=\"(max-width: 800px) 100vw, 800px\" loading=\"eager\" \/>\t\t\t\t\t\t\t\t\t\t\t\t\t\t\t<\/div>\n\t\t\t\t<\/div>\n\t\t\t\t<div class=\"elementor-element elementor-element-41a4a08 elementor-widget elementor-widget-image\" data-id=\"41a4a08\" data-element_type=\"widget\" data-e-type=\"widget\" data-widget_type=\"image.default\">\n\t\t\t\t<div class=\"elementor-widget-container\">\n\t\t\t\t\t\t\t\t\t\t\t\t\t\t\t<img decoding=\"async\" width=\"800\" height=\"531\" src=\"https:\/\/wiktorklyk.com\/wp-content\/uploads\/2025\/05\/piotrkow-regatowa-fot-piotr-krajewski-lq_43_n_3k2a8340-1400x930.jpg\" class=\"attachment-large size-large wp-image-24264\" alt=\"\" srcset=\"https:\/\/wiktorklyk.com\/wp-content\/uploads\/2025\/05\/piotrkow-regatowa-fot-piotr-krajewski-lq_43_n_3k2a8340-1400x930.jpg 1400w, https:\/\/wiktorklyk.com\/wp-content\/uploads\/2025\/05\/piotrkow-regatowa-fot-piotr-krajewski-lq_43_n_3k2a8340-600x398.jpg 600w, https:\/\/wiktorklyk.com\/wp-content\/uploads\/2025\/05\/piotrkow-regatowa-fot-piotr-krajewski-lq_43_n_3k2a8340-768x510.jpg 768w, https:\/\/wiktorklyk.com\/wp-content\/uploads\/2025\/05\/piotrkow-regatowa-fot-piotr-krajewski-lq_43_n_3k2a8340-1536x1020.jpg 1536w, https:\/\/wiktorklyk.com\/wp-content\/uploads\/2025\/05\/piotrkow-regatowa-fot-piotr-krajewski-lq_43_n_3k2a8340-2048x1360.jpg 2048w\" sizes=\"(max-width: 800px) 100vw, 800px\" loading=\"eager\" \/>\t\t\t\t\t\t\t\t\t\t\t\t\t\t\t<\/div>\n\t\t\t\t<\/div>\n\t\t\t\t<div class=\"elementor-element elementor-element-6abb90c elementor-widget elementor-widget-image\" data-id=\"6abb90c\" data-element_type=\"widget\" data-e-type=\"widget\" data-widget_type=\"image.default\">\n\t\t\t\t<div class=\"elementor-widget-container\">\n\t\t\t\t\t\t\t\t\t\t\t\t\t\t\t<img decoding=\"async\" width=\"800\" height=\"961\" src=\"https:\/\/wiktorklyk.com\/wp-content\/uploads\/2025\/05\/piotrkow-regatowa-fot-piotr-krajewski-lq_46_3k2a4899-1166x1400.jpg\" class=\"attachment-large size-large wp-image-24266\" alt=\"\" srcset=\"https:\/\/wiktorklyk.com\/wp-content\/uploads\/2025\/05\/piotrkow-regatowa-fot-piotr-krajewski-lq_46_3k2a4899-1166x1400.jpg 1166w, https:\/\/wiktorklyk.com\/wp-content\/uploads\/2025\/05\/piotrkow-regatowa-fot-piotr-krajewski-lq_46_3k2a4899-500x600.jpg 500w, https:\/\/wiktorklyk.com\/wp-content\/uploads\/2025\/05\/piotrkow-regatowa-fot-piotr-krajewski-lq_46_3k2a4899-768x922.jpg 768w, https:\/\/wiktorklyk.com\/wp-content\/uploads\/2025\/05\/piotrkow-regatowa-fot-piotr-krajewski-lq_46_3k2a4899-1280x1536.jpg 1280w, https:\/\/wiktorklyk.com\/wp-content\/uploads\/2025\/05\/piotrkow-regatowa-fot-piotr-krajewski-lq_46_3k2a4899-1706x2048.jpg 1706w\" sizes=\"(max-width: 800px) 100vw, 800px\" loading=\"eager\" \/>\t\t\t\t\t\t\t\t\t\t\t\t\t\t\t<\/div>\n\t\t\t\t<\/div>\n\t\t\t\t<div class=\"elementor-element elementor-element-bc28332 elementor-widget elementor-widget-image\" data-id=\"bc28332\" data-element_type=\"widget\" data-e-type=\"widget\" data-widget_type=\"image.default\">\n\t\t\t\t<div class=\"elementor-widget-container\">\n\t\t\t\t\t\t\t\t\t\t\t\t\t\t\t<img decoding=\"async\" width=\"800\" height=\"961\" src=\"https:\/\/wiktorklyk.com\/wp-content\/uploads\/2025\/05\/piotrkow-regatowa-fot-piotr-krajewski-lq_50_3k2a4944-1166x1400.jpg\" class=\"attachment-large size-large wp-image-24268\" alt=\"\" srcset=\"https:\/\/wiktorklyk.com\/wp-content\/uploads\/2025\/05\/piotrkow-regatowa-fot-piotr-krajewski-lq_50_3k2a4944-1166x1400.jpg 1166w, https:\/\/wiktorklyk.com\/wp-content\/uploads\/2025\/05\/piotrkow-regatowa-fot-piotr-krajewski-lq_50_3k2a4944-500x600.jpg 500w, https:\/\/wiktorklyk.com\/wp-content\/uploads\/2025\/05\/piotrkow-regatowa-fot-piotr-krajewski-lq_50_3k2a4944-768x922.jpg 768w, https:\/\/wiktorklyk.com\/wp-content\/uploads\/2025\/05\/piotrkow-regatowa-fot-piotr-krajewski-lq_50_3k2a4944-1280x1536.jpg 1280w, https:\/\/wiktorklyk.com\/wp-content\/uploads\/2025\/05\/piotrkow-regatowa-fot-piotr-krajewski-lq_50_3k2a4944-1706x2048.jpg 1706w\" sizes=\"(max-width: 800px) 100vw, 800px\" loading=\"eager\" \/>\t\t\t\t\t\t\t\t\t\t\t\t\t\t\t<\/div>\n\t\t\t\t<\/div>\n\t\t\t\t<div class=\"elementor-element elementor-element-5b73d3d elementor-widget elementor-widget-image\" data-id=\"5b73d3d\" data-element_type=\"widget\" data-e-type=\"widget\" data-widget_type=\"image.default\">\n\t\t\t\t<div class=\"elementor-widget-container\">\n\t\t\t\t\t\t\t\t\t\t\t\t\t\t\t<img decoding=\"async\" width=\"800\" height=\"961\" src=\"https:\/\/wiktorklyk.com\/wp-content\/uploads\/2025\/05\/piotrkow-regatowa-fot-piotr-krajewski-lq_51_3k2a4950-1166x1400.jpg\" class=\"attachment-large size-large wp-image-24270\" alt=\"\" srcset=\"https:\/\/wiktorklyk.com\/wp-content\/uploads\/2025\/05\/piotrkow-regatowa-fot-piotr-krajewski-lq_51_3k2a4950-1166x1400.jpg 1166w, https:\/\/wiktorklyk.com\/wp-content\/uploads\/2025\/05\/piotrkow-regatowa-fot-piotr-krajewski-lq_51_3k2a4950-500x600.jpg 500w, https:\/\/wiktorklyk.com\/wp-content\/uploads\/2025\/05\/piotrkow-regatowa-fot-piotr-krajewski-lq_51_3k2a4950-768x922.jpg 768w, https:\/\/wiktorklyk.com\/wp-content\/uploads\/2025\/05\/piotrkow-regatowa-fot-piotr-krajewski-lq_51_3k2a4950-1280x1536.jpg 1280w, https:\/\/wiktorklyk.com\/wp-content\/uploads\/2025\/05\/piotrkow-regatowa-fot-piotr-krajewski-lq_51_3k2a4950-1706x2048.jpg 1706w\" sizes=\"(max-width: 800px) 100vw, 800px\" loading=\"eager\" \/>\t\t\t\t\t\t\t\t\t\t\t\t\t\t\t<\/div>\n\t\t\t\t<\/div>\n\t\t\t\t<\/div>\n\t\t\t\t<\/div>\n\t\t\t\t<\/div>\n\t\t","protected":false},"excerpt":{"rendered":"<p>Pustynny ogr\u00f3d &#8211; brak linka 6000m\u00b2 2021 \u0141\u00f3d\u017a Projekt ogrodu: K\u0142yk landscaping Strefa mrozoodporno\u015bci usda 7B<\/p>\n","protected":false},"author":1,"featured_media":0,"parent":4110,"menu_order":23,"comment_status":"closed","ping_status":"closed","template":"","meta":{"footnotes":""},"class_list":["post-26899","page","type-page","status-publish","hentry"],"_links":{"self":[{"href":"https:\/\/wiktorklyk.com\/pl\/wp-json\/wp\/v2\/pages\/26899","targetHints":{"allow":["GET"]}}],"collection":[{"href":"https:\/\/wiktorklyk.com\/pl\/wp-json\/wp\/v2\/pages"}],"about":[{"href":"https:\/\/wiktorklyk.com\/pl\/wp-json\/wp\/v2\/types\/page"}],"author":[{"embeddable":true,"href":"https:\/\/wiktorklyk.com\/pl\/wp-json\/wp\/v2\/users\/1"}],"replies":[{"embeddable":true,"href":"https:\/\/wiktorklyk.com\/pl\/wp-json\/wp\/v2\/comments?post=26899"}],"version-history":[{"count":7,"href":"https:\/\/wiktorklyk.com\/pl\/wp-json\/wp\/v2\/pages\/26899\/revisions"}],"predecessor-version":[{"id":26985,"href":"https:\/\/wiktorklyk.com\/pl\/wp-json\/wp\/v2\/pages\/26899\/revisions\/26985"}],"up":[{"embeddable":true,"href":"https:\/\/wiktorklyk.com\/pl\/wp-json\/wp\/v2\/pages\/4110"}],"wp:attachment":[{"href":"https:\/\/wiktorklyk.com\/pl\/wp-json\/wp\/v2\/media?parent=26899"}],"curies":[{"name":"wp","href":"https:\/\/api.w.org\/{rel}","templated":true}]}}