{"id":27125,"date":"2026-02-02T02:02:19","date_gmt":"2026-02-02T01:02:19","guid":{"rendered":"https:\/\/wiktorklyk.com\/biuro\/wiktor-klyk\/"},"modified":"2026-02-25T11:07:10","modified_gmt":"2026-02-25T10:07:10","slug":"wiktor-klyk","status":"publish","type":"page","link":"https:\/\/wiktorklyk.com\/pl\/biuro\/wiktor-klyk\/","title":{"rendered":"Wiktor K\u0142yk"},"content":{"rendered":"\t\t<div data-elementor-type=\"wp-page\" data-elementor-id=\"27125\" class=\"elementor elementor-27125\" data-elementor-settings=\"{&quot;ha_cmc_init_switcher&quot;:&quot;no&quot;}\" data-elementor-post-type=\"page\">\n\t\t\t\t<div class=\"elementor-element elementor-element-34078a6 fx-marquee  u-pt-7-7  u-pb-2-2 e-flex e-con-boxed e-con e-parent\" data-id=\"34078a6\" data-element_type=\"container\" data-e-type=\"container\" data-settings=\"{&quot;_ha_eqh_enable&quot;:false}\">\n\t\t\t\t\t<div class=\"e-con-inner\">\n\t\t<div class=\"elementor-element elementor-element-5cf1915 e-con-full fx-marquee__rail e-flex e-con e-child\" data-id=\"5cf1915\" data-element_type=\"container\" data-e-type=\"container\" data-settings=\"{&quot;_ha_eqh_enable&quot;:false}\">\n\t\t\t\t<div class=\"elementor-element elementor-element-3c8017e u-pt-0--heading elementor-widget elementor-widget-heading\" data-id=\"3c8017e\" data-element_type=\"widget\" data-e-type=\"widget\" data-widget_type=\"heading.default\">\n\t\t\t\t<div class=\"elementor-widget-container\">\n\t\t\t\t\t<p class=\"elementor-heading-title elementor-size-xxl\">Wiktor K\u0142yk<\/p>\t\t\t\t<\/div>\n\t\t\t\t<\/div>\n\t\t\t\t<div class=\"elementor-element elementor-element-41e4432 u-pt-0--heading elementor-widget elementor-widget-heading\" data-id=\"41e4432\" data-element_type=\"widget\" data-e-type=\"widget\" data-widget_type=\"heading.default\">\n\t\t\t\t<div class=\"elementor-widget-container\">\n\t\t\t\t\t<p class=\"elementor-heading-title elementor-size-xxl\">Wiktor K\u0142yk<\/p>\t\t\t\t<\/div>\n\t\t\t\t<\/div>\n\t\t\t\t<div class=\"elementor-element elementor-element-e09dee5 u-pt-0--heading elementor-widget elementor-widget-heading\" data-id=\"e09dee5\" data-element_type=\"widget\" data-e-type=\"widget\" data-widget_type=\"heading.default\">\n\t\t\t\t<div class=\"elementor-widget-container\">\n\t\t\t\t\t<p class=\"elementor-heading-title elementor-size-xxl\">Wiktor K\u0142yk<\/p>\t\t\t\t<\/div>\n\t\t\t\t<\/div>\n\t\t\t\t<div class=\"elementor-element elementor-element-7e8710e u-pt-0--heading elementor-widget elementor-widget-heading\" data-id=\"7e8710e\" data-element_type=\"widget\" data-e-type=\"widget\" data-widget_type=\"heading.default\">\n\t\t\t\t<div class=\"elementor-widget-container\">\n\t\t\t\t\t<p class=\"elementor-heading-title elementor-size-xxl\">Wiktor K\u0142yk<\/p>\t\t\t\t<\/div>\n\t\t\t\t<\/div>\n\t\t\t\t<div class=\"elementor-element elementor-element-afb34bb u-pt-0--heading elementor-widget elementor-widget-heading\" data-id=\"afb34bb\" data-element_type=\"widget\" data-e-type=\"widget\" data-widget_type=\"heading.default\">\n\t\t\t\t<div class=\"elementor-widget-container\">\n\t\t\t\t\t<p class=\"elementor-heading-title elementor-size-xxl\">Wiktor K\u0142yk<\/p>\t\t\t\t<\/div>\n\t\t\t\t<\/div>\n\t\t\t\t<div class=\"elementor-element elementor-element-777bc4a u-pt-0--heading elementor-widget elementor-widget-heading\" data-id=\"777bc4a\" data-element_type=\"widget\" data-e-type=\"widget\" data-widget_type=\"heading.default\">\n\t\t\t\t<div class=\"elementor-widget-container\">\n\t\t\t\t\t<p class=\"elementor-heading-title elementor-size-xxl\">Wiktor K\u0142yk<\/p>\t\t\t\t<\/div>\n\t\t\t\t<\/div>\n\t\t\t\t<\/div>\n\t\t\t\t\t<\/div>\n\t\t\t\t<\/div>\n\t\t<div class=\"elementor-element elementor-element-98205a1 e-con-full  u-px--page  u-pb-4-4 e-flex e-con e-parent\" data-id=\"98205a1\" data-element_type=\"container\" data-e-type=\"container\" data-settings=\"{&quot;_ha_eqh_enable&quot;:false}\">\n\t\t\t\t<div class=\"elementor-element elementor-element-1a2a4d3 elementor-widget elementor-widget-video\" data-id=\"1a2a4d3\" data-element_type=\"widget\" data-e-type=\"widget\" data-settings=\"{&quot;video_type&quot;:&quot;hosted&quot;,&quot;autoplay&quot;:&quot;yes&quot;,&quot;play_on_mobile&quot;:&quot;yes&quot;,&quot;mute&quot;:&quot;yes&quot;,&quot;loop&quot;:&quot;yes&quot;,&quot;controls&quot;:&quot;yes&quot;}\" data-widget_type=\"video.default\">\n\t\t\t\t<div class=\"elementor-widget-container\">\n\t\t\t\t\t\t\t<div class=\"e-hosted-video elementor-wrapper elementor-open-inline\">\n\t\t\t\t\t<video class=\"elementor-video\" src=\"https:\/\/wiktorklyk.com\/wp-content\/uploads\/2026\/02\/wiktor.mp4\" autoplay=\"\" loop=\"\" controls=\"\" muted=\"muted\" playsinline=\"\" controlsList=\"nodownload\"><\/video>\n\t\t\t\t<\/div>\n\t\t\t\t\t\t<\/div>\n\t\t\t\t<\/div>\n\t\t\t\t<\/div>\n\t\t<div class=\"elementor-element elementor-element-098fc98 e-con-full  u-px--page u-pb-3-6  e-flex e-con e-parent\" data-id=\"098fc98\" data-element_type=\"container\" data-e-type=\"container\" data-settings=\"{&quot;_ha_eqh_enable&quot;:false}\">\n\t\t<div class=\"elementor-element elementor-element-b14dc24 e-con-full e-flex e-con e-child\" data-id=\"b14dc24\" data-element_type=\"container\" data-e-type=\"container\" data-settings=\"{&quot;_ha_eqh_enable&quot;:false}\">\n\t\t\t\t<div class=\"elementor-element elementor-element-7559252  u-pb-3-3 u-pt-0--heading   fx-splittext-line   elementor-widget elementor-widget-heading\" data-id=\"7559252\" data-element_type=\"widget\" data-e-type=\"widget\" data-widget_type=\"heading.default\">\n\t\t\t\t<div class=\"elementor-widget-container\">\n\t\t\t\t\t<p class=\"elementor-heading-title elementor-size-xl\">About<\/p>\t\t\t\t<\/div>\n\t\t\t\t<\/div>\n\t\t\t\t<\/div>\n\t\t<div class=\"elementor-element elementor-element-7aa2fa5 e-con-full e-flex e-con e-child\" data-id=\"7aa2fa5\" data-element_type=\"container\" data-e-type=\"container\" data-settings=\"{&quot;_ha_eqh_enable&quot;:false}\">\n\t\t<div class=\"elementor-element elementor-element-5d4ab33 e-con-full e-flex e-con e-child\" data-id=\"5d4ab33\" data-element_type=\"container\" data-e-type=\"container\" data-settings=\"{&quot;_ha_eqh_enable&quot;:false}\">\n\t\t\t\t<div class=\"elementor-element elementor-element-2aaa197 elementor-widget elementor-widget-text-editor\" data-id=\"2aaa197\" data-element_type=\"widget\" data-e-type=\"widget\" data-widget_type=\"text-editor.default\">\n\t\t\t\t<div class=\"elementor-widget-container\">\n\t\t\t\t\t\t\t\t\t<p>CEO, Dyrektor Kreatywny i za\u0142o\u017cyciel studia, od 2010 roku konsekwentnie wyznaczaj\u0105cy jego kierunek.<\/p><p>Wiktor nieustannie poszukuje i \u0142amie schematy. W swojej praktyce \u0142\u0105czy dyscyplin\u0119 architektury z ide\u0105 zachowania naturalnego charakteru krajobrazu.<\/p><p>Laureat DNA Paris Design Awards 2025 oraz Slant Award 2014. Autor publikacji w mi\u0119dzynarodowych tytu\u0142ach, m.in. Landscape Middle East, Catch Sketch Archi, Terassi i Alcove Magazine.<\/p><p>Magister in\u017cynier Architektury krajobrazu<\/p><p>\u00a0<\/p>\t\t\t\t\t\t\t\t<\/div>\n\t\t\t\t<\/div>\n\t\t\t\t<\/div>\n\t\t\t\t<\/div>\n\t\t\t\t<\/div>\n\t\t\t\t<\/div>\n\t\t","protected":false},"excerpt":{"rendered":"<p>Wiktor K\u0142yk Wiktor K\u0142yk Wiktor K\u0142yk Wiktor K\u0142yk Wiktor K\u0142yk Wiktor K\u0142yk https:\/\/wiktorklyk.com\/wp-content\/uploads\/2026\/02\/wiktor.mp4 About CEO, Dyrektor Kreatywny i za\u0142o\u017cyciel studia, od 2010 roku konsekwentnie wyznaczaj\u0105cy jego kierunek. Wiktor nieustannie poszukuje i \u0142amie schematy. W swojej praktyce \u0142\u0105czy dyscyplin\u0119 architektury z ide\u0105 zachowania naturalnego charakteru krajobrazu. Laureat DNA Paris Design Awards 2025 oraz Slant Award 2014. [&hellip;]<\/p>\n","protected":false},"author":2,"featured_media":0,"parent":22291,"menu_order":0,"comment_status":"closed","ping_status":"closed","template":"","meta":{"footnotes":""},"class_list":["post-27125","page","type-page","status-publish","hentry"],"_links":{"self":[{"href":"https:\/\/wiktorklyk.com\/pl\/wp-json\/wp\/v2\/pages\/27125","targetHints":{"allow":["GET"]}}],"collection":[{"href":"https:\/\/wiktorklyk.com\/pl\/wp-json\/wp\/v2\/pages"}],"about":[{"href":"https:\/\/wiktorklyk.com\/pl\/wp-json\/wp\/v2\/types\/page"}],"author":[{"embeddable":true,"href":"https:\/\/wiktorklyk.com\/pl\/wp-json\/wp\/v2\/users\/2"}],"replies":[{"embeddable":true,"href":"https:\/\/wiktorklyk.com\/pl\/wp-json\/wp\/v2\/comments?post=27125"}],"version-history":[{"count":10,"href":"https:\/\/wiktorklyk.com\/pl\/wp-json\/wp\/v2\/pages\/27125\/revisions"}],"predecessor-version":[{"id":27521,"href":"https:\/\/wiktorklyk.com\/pl\/wp-json\/wp\/v2\/pages\/27125\/revisions\/27521"}],"up":[{"embeddable":true,"href":"https:\/\/wiktorklyk.com\/pl\/wp-json\/wp\/v2\/pages\/22291"}],"wp:attachment":[{"href":"https:\/\/wiktorklyk.com\/pl\/wp-json\/wp\/v2\/media?parent=27125"}],"curies":[{"name":"wp","href":"https:\/\/api.w.org\/{rel}","templated":true}]}}