{"id":27167,"date":"2026-02-03T17:03:52","date_gmt":"2026-02-03T16:03:42","guid":{"rendered":"https:\/\/wiktorklyk.com\/biuro\/wiktor-klyk-3\/"},"modified":"2026-02-25T11:13:31","modified_gmt":"2026-02-25T10:13:31","slug":"ewa-kloc","status":"publish","type":"page","link":"https:\/\/wiktorklyk.com\/pl\/biuro\/ewa-kloc\/","title":{"rendered":"Ewa Kloc"},"content":{"rendered":"\t\t<div data-elementor-type=\"wp-page\" data-elementor-id=\"27167\" class=\"elementor elementor-27167\" data-elementor-settings=\"{&quot;ha_cmc_init_switcher&quot;:&quot;no&quot;}\" data-elementor-post-type=\"page\">\n\t\t\t\t<div class=\"elementor-element elementor-element-34078a6 fx-marquee  u-pt-7-7  u-pb-2-2 e-flex e-con-boxed e-con e-parent\" data-id=\"34078a6\" data-element_type=\"container\" data-e-type=\"container\" data-settings=\"{&quot;_ha_eqh_enable&quot;:false}\">\n\t\t\t\t\t<div class=\"e-con-inner\">\n\t\t<div class=\"elementor-element elementor-element-5cf1915 e-con-full fx-marquee__rail e-flex e-con e-child\" data-id=\"5cf1915\" data-element_type=\"container\" data-e-type=\"container\" data-settings=\"{&quot;_ha_eqh_enable&quot;:false}\">\n\t\t\t\t<div class=\"elementor-element elementor-element-3c8017e u-pt-0--heading elementor-widget elementor-widget-heading\" data-id=\"3c8017e\" data-element_type=\"widget\" data-e-type=\"widget\" data-widget_type=\"heading.default\">\n\t\t\t\t<div class=\"elementor-widget-container\">\n\t\t\t\t\t<p class=\"elementor-heading-title elementor-size-xxl\">Ewa Kloc<\/p>\t\t\t\t<\/div>\n\t\t\t\t<\/div>\n\t\t\t\t<div class=\"elementor-element elementor-element-9a37360 u-pt-0--heading elementor-widget elementor-widget-heading\" data-id=\"9a37360\" data-element_type=\"widget\" data-e-type=\"widget\" data-widget_type=\"heading.default\">\n\t\t\t\t<div class=\"elementor-widget-container\">\n\t\t\t\t\t<p class=\"elementor-heading-title elementor-size-xxl\">Ewa Kloc<\/p>\t\t\t\t<\/div>\n\t\t\t\t<\/div>\n\t\t\t\t<div class=\"elementor-element elementor-element-9553ce1 u-pt-0--heading elementor-widget elementor-widget-heading\" data-id=\"9553ce1\" data-element_type=\"widget\" data-e-type=\"widget\" data-widget_type=\"heading.default\">\n\t\t\t\t<div class=\"elementor-widget-container\">\n\t\t\t\t\t<p class=\"elementor-heading-title elementor-size-xxl\">Ewa Kloc<\/p>\t\t\t\t<\/div>\n\t\t\t\t<\/div>\n\t\t\t\t<div class=\"elementor-element elementor-element-c0f1aaa u-pt-0--heading elementor-widget elementor-widget-heading\" data-id=\"c0f1aaa\" data-element_type=\"widget\" data-e-type=\"widget\" data-widget_type=\"heading.default\">\n\t\t\t\t<div class=\"elementor-widget-container\">\n\t\t\t\t\t<p class=\"elementor-heading-title elementor-size-xxl\">Ewa Kloc<\/p>\t\t\t\t<\/div>\n\t\t\t\t<\/div>\n\t\t\t\t<div class=\"elementor-element elementor-element-d5ce90f u-pt-0--heading elementor-widget elementor-widget-heading\" data-id=\"d5ce90f\" data-element_type=\"widget\" data-e-type=\"widget\" data-widget_type=\"heading.default\">\n\t\t\t\t<div class=\"elementor-widget-container\">\n\t\t\t\t\t<p class=\"elementor-heading-title elementor-size-xxl\">Ewa Kloc<\/p>\t\t\t\t<\/div>\n\t\t\t\t<\/div>\n\t\t\t\t<div class=\"elementor-element elementor-element-7a2bcdd u-pt-0--heading elementor-widget elementor-widget-heading\" data-id=\"7a2bcdd\" data-element_type=\"widget\" data-e-type=\"widget\" data-widget_type=\"heading.default\">\n\t\t\t\t<div class=\"elementor-widget-container\">\n\t\t\t\t\t<p class=\"elementor-heading-title elementor-size-xxl\">Ewa Kloc<\/p>\t\t\t\t<\/div>\n\t\t\t\t<\/div>\n\t\t\t\t<div class=\"elementor-element elementor-element-4885115 u-pt-0--heading elementor-widget elementor-widget-heading\" data-id=\"4885115\" data-element_type=\"widget\" data-e-type=\"widget\" data-widget_type=\"heading.default\">\n\t\t\t\t<div class=\"elementor-widget-container\">\n\t\t\t\t\t<p class=\"elementor-heading-title elementor-size-xxl\">Ewa Kloc<\/p>\t\t\t\t<\/div>\n\t\t\t\t<\/div>\n\t\t\t\t<\/div>\n\t\t\t\t\t<\/div>\n\t\t\t\t<\/div>\n\t\t<div class=\"elementor-element elementor-element-98205a1 e-con-full  u-px--page  u-pb-4-4 e-flex e-con e-parent\" data-id=\"98205a1\" data-element_type=\"container\" data-e-type=\"container\" data-settings=\"{&quot;_ha_eqh_enable&quot;:false}\">\n\t\t\t\t<div class=\"elementor-element elementor-element-1a2a4d3 elementor-widget elementor-widget-video\" data-id=\"1a2a4d3\" data-element_type=\"widget\" data-e-type=\"widget\" data-settings=\"{&quot;video_type&quot;:&quot;hosted&quot;,&quot;autoplay&quot;:&quot;yes&quot;,&quot;play_on_mobile&quot;:&quot;yes&quot;,&quot;mute&quot;:&quot;yes&quot;,&quot;loop&quot;:&quot;yes&quot;,&quot;controls&quot;:&quot;yes&quot;}\" data-widget_type=\"video.default\">\n\t\t\t\t<div class=\"elementor-widget-container\">\n\t\t\t\t\t\t\t<div class=\"e-hosted-video elementor-wrapper elementor-open-inline\">\n\t\t\t\t\t<video class=\"elementor-video\" src=\"https:\/\/wiktorklyk.com\/wp-content\/uploads\/2026\/02\/ewa.mp4\" autoplay=\"\" loop=\"\" controls=\"\" muted=\"muted\" playsinline=\"\" controlsList=\"nodownload\"><\/video>\n\t\t\t\t<\/div>\n\t\t\t\t\t\t<\/div>\n\t\t\t\t<\/div>\n\t\t\t\t<\/div>\n\t\t<div class=\"elementor-element elementor-element-098fc98 e-con-full  u-px--page u-pb-3-6  e-flex e-con e-parent\" data-id=\"098fc98\" data-element_type=\"container\" data-e-type=\"container\" data-settings=\"{&quot;_ha_eqh_enable&quot;:false}\">\n\t\t<div class=\"elementor-element elementor-element-b14dc24 e-con-full e-flex e-con e-child\" data-id=\"b14dc24\" data-element_type=\"container\" data-e-type=\"container\" data-settings=\"{&quot;_ha_eqh_enable&quot;:false}\">\n\t\t\t\t<div class=\"elementor-element elementor-element-7559252  u-pb-3-3 u-pt-0--heading   fx-splittext-line   elementor-widget elementor-widget-heading\" data-id=\"7559252\" data-element_type=\"widget\" data-e-type=\"widget\" data-widget_type=\"heading.default\">\n\t\t\t\t<div class=\"elementor-widget-container\">\n\t\t\t\t\t<p class=\"elementor-heading-title elementor-size-xl\">About<\/p>\t\t\t\t<\/div>\n\t\t\t\t<\/div>\n\t\t\t\t<\/div>\n\t\t<div class=\"elementor-element elementor-element-7aa2fa5 e-con-full e-flex e-con e-child\" data-id=\"7aa2fa5\" data-element_type=\"container\" data-e-type=\"container\" data-settings=\"{&quot;_ha_eqh_enable&quot;:false}\">\n\t\t<div class=\"elementor-element elementor-element-5d4ab33 e-con-full e-flex e-con e-child\" data-id=\"5d4ab33\" data-element_type=\"container\" data-e-type=\"container\" data-settings=\"{&quot;_ha_eqh_enable&quot;:false}\">\n\t\t\t\t<div class=\"elementor-element elementor-element-4e612ee elementor-widget elementor-widget-text-editor\" data-id=\"4e612ee\" data-element_type=\"widget\" data-e-type=\"widget\" data-widget_type=\"text-editor.default\">\n\t\t\t\t<div class=\"elementor-widget-container\">\n\t\t\t\t\t\t\t\t\t<p>Menad\u017cer projektu. Ewa odpowiada za prowadzenie projekt\u00f3w na ka\u017cdym etapie, dbaj\u0105c o precyzj\u0119 procesu i jego konsekwentne domkni\u0119cie.\u00a0<\/p><p>Do\u015bwiadczenie zdobywa\u0142a przy projektach prywatnych oraz realizacjach dla instytucji publicznych, w tym Dolno\u015bl\u0105skiego Wojew\u00f3dzkiego Konserwatora Zabytk\u00f3w. Wsp\u00f3\u0142tw\u00f3rczyni pierwszego we Wroc\u0142awiu ogrodu tlenowego.<\/p><p>Magister in\u017cynier Architektury Krajobrazu<\/p>\t\t\t\t\t\t\t\t<\/div>\n\t\t\t\t<\/div>\n\t\t\t\t<\/div>\n\t\t\t\t<\/div>\n\t\t\t\t<\/div>\n\t\t\t\t<\/div>\n\t\t","protected":false},"excerpt":{"rendered":"<p>Ewa Kloc Ewa Kloc Ewa Kloc Ewa Kloc Ewa Kloc Ewa Kloc Ewa Kloc https:\/\/wiktorklyk.com\/wp-content\/uploads\/2026\/02\/ewa.mp4 About Menad\u017cer projektu. Ewa odpowiada za prowadzenie projekt\u00f3w na ka\u017cdym etapie, dbaj\u0105c o precyzj\u0119 procesu i jego konsekwentne domkni\u0119cie.\u00a0 Do\u015bwiadczenie zdobywa\u0142a przy projektach prywatnych oraz realizacjach dla instytucji publicznych, w tym Dolno\u015bl\u0105skiego Wojew\u00f3dzkiego Konserwatora Zabytk\u00f3w. Wsp\u00f3\u0142tw\u00f3rczyni pierwszego we Wroc\u0142awiu ogrodu [&hellip;]<\/p>\n","protected":false},"author":1,"featured_media":0,"parent":22291,"menu_order":0,"comment_status":"closed","ping_status":"closed","template":"","meta":{"footnotes":""},"class_list":["post-27167","page","type-page","status-publish","hentry"],"_links":{"self":[{"href":"https:\/\/wiktorklyk.com\/pl\/wp-json\/wp\/v2\/pages\/27167","targetHints":{"allow":["GET"]}}],"collection":[{"href":"https:\/\/wiktorklyk.com\/pl\/wp-json\/wp\/v2\/pages"}],"about":[{"href":"https:\/\/wiktorklyk.com\/pl\/wp-json\/wp\/v2\/types\/page"}],"author":[{"embeddable":true,"href":"https:\/\/wiktorklyk.com\/pl\/wp-json\/wp\/v2\/users\/1"}],"replies":[{"embeddable":true,"href":"https:\/\/wiktorklyk.com\/pl\/wp-json\/wp\/v2\/comments?post=27167"}],"version-history":[{"count":10,"href":"https:\/\/wiktorklyk.com\/pl\/wp-json\/wp\/v2\/pages\/27167\/revisions"}],"predecessor-version":[{"id":27527,"href":"https:\/\/wiktorklyk.com\/pl\/wp-json\/wp\/v2\/pages\/27167\/revisions\/27527"}],"up":[{"embeddable":true,"href":"https:\/\/wiktorklyk.com\/pl\/wp-json\/wp\/v2\/pages\/22291"}],"wp:attachment":[{"href":"https:\/\/wiktorklyk.com\/pl\/wp-json\/wp\/v2\/media?parent=27167"}],"curies":[{"name":"wp","href":"https:\/\/api.w.org\/{rel}","templated":true}]}}