{"id":27425,"date":"2026-02-25T08:44:37","date_gmt":"2026-02-25T07:44:37","guid":{"rendered":"https:\/\/wiktorklyk.com\/?page_id=27425"},"modified":"2026-02-25T08:47:06","modified_gmt":"2026-02-25T07:47:06","slug":"za-wydma-cloned-27308","status":"publish","type":"page","link":"https:\/\/wiktorklyk.com\/pl\/projekty\/za-wydma-cloned-27308\/","title":{"rendered":"Za wydm\u0105"},"content":{"rendered":"\t\t<div data-elementor-type=\"wp-page\" data-elementor-id=\"27425\" class=\"elementor elementor-27425\" data-elementor-settings=\"{&quot;ha_cmc_init_switcher&quot;:&quot;no&quot;}\" data-elementor-post-type=\"page\">\n\t\t\t\t<div class=\"elementor-element elementor-element-c108559 e-con-full u-px--page c-project e-flex e-con e-parent\" data-id=\"c108559\" data-element_type=\"container\" data-e-type=\"container\" data-settings=\"{&quot;_ha_eqh_enable&quot;:false}\">\n\t\t<div class=\"elementor-element elementor-element-05cb863 c-project__title e-flex e-con-boxed e-con e-child\" data-id=\"05cb863\" data-element_type=\"container\" data-e-type=\"container\" data-settings=\"{&quot;_ha_eqh_enable&quot;:false}\">\n\t\t\t\t\t<div class=\"e-con-inner\">\n\t\t\t\t<div class=\"elementor-element elementor-element-9445035  u-pb-2-2 u-pt-5-2 elementor-widget elementor-widget-heading\" data-id=\"9445035\" data-element_type=\"widget\" data-e-type=\"widget\" data-widget_type=\"heading.default\">\n\t\t\t\t<div class=\"elementor-widget-container\">\n\t\t\t\t\t<h1 class=\"elementor-heading-title elementor-size-xxl\">Za Wydm\u0105<\/h1>\t\t\t\t<\/div>\n\t\t\t\t<\/div>\n\t\t\t\t\t<\/div>\n\t\t\t\t<\/div>\n\t\t<div class=\"elementor-element elementor-element-5446c09 e-con-full c-project__data e-flex e-con e-child\" data-id=\"5446c09\" data-element_type=\"container\" data-e-type=\"container\" data-settings=\"{&quot;_ha_eqh_enable&quot;:false}\">\n\t\t<div class=\"elementor-element elementor-element-7b81e9f e-con-full c-project__data-lne-1 e-flex e-con e-child\" data-id=\"7b81e9f\" data-element_type=\"container\" data-e-type=\"container\" data-settings=\"{&quot;_ha_eqh_enable&quot;:false}\">\n\t\t\t\t<div class=\"elementor-element elementor-element-38f48e2 elementor-widget elementor-widget-heading\" data-id=\"38f48e2\" data-element_type=\"widget\" data-e-type=\"widget\" data-widget_type=\"heading.default\">\n\t\t\t\t<div class=\"elementor-widget-container\">\n\t\t\t\t\t<p class=\"elementor-heading-title elementor-size-default\">1200m\u00b2<\/p>\t\t\t\t<\/div>\n\t\t\t\t<\/div>\n\t\t\t\t<div class=\"elementor-element elementor-element-01e6a69 elementor-widget elementor-widget-heading\" data-id=\"01e6a69\" data-element_type=\"widget\" data-e-type=\"widget\" data-widget_type=\"heading.default\">\n\t\t\t\t<div class=\"elementor-widget-container\">\n\t\t\t\t\t<p class=\"elementor-heading-title elementor-size-default\">2026<\/p>\t\t\t\t<\/div>\n\t\t\t\t<\/div>\n\t\t\t\t<div class=\"elementor-element elementor-element-4dd1110 elementor-widget elementor-widget-heading\" data-id=\"4dd1110\" data-element_type=\"widget\" data-e-type=\"widget\" data-widget_type=\"heading.default\">\n\t\t\t\t<div class=\"elementor-widget-container\">\n\t\t\t\t\t<p class=\"elementor-heading-title elementor-size-default\">Wroc\u0142aw<\/p>\t\t\t\t<\/div>\n\t\t\t\t<\/div>\n\t\t\t\t<\/div>\n\t\t<div class=\"elementor-element elementor-element-dd6b871 e-con-full c-project__data-lne-2 e-flex e-con e-child\" data-id=\"dd6b871\" data-element_type=\"container\" data-e-type=\"container\" data-settings=\"{&quot;_ha_eqh_enable&quot;:false}\">\n\t\t\t\t<div class=\"elementor-element elementor-element-9d40a65 elementor-widget elementor-widget-heading\" data-id=\"9d40a65\" data-element_type=\"widget\" data-e-type=\"widget\" data-widget_type=\"heading.default\">\n\t\t\t\t<div class=\"elementor-widget-container\">\n\t\t\t\t\t<p class=\"elementor-heading-title elementor-size-default\">Projekt ogrodu:<\/p>\t\t\t\t<\/div>\n\t\t\t\t<\/div>\n\t\t\t\t<div class=\"elementor-element elementor-element-eef2359 elementor-widget elementor-widget-heading\" data-id=\"eef2359\" data-element_type=\"widget\" data-e-type=\"widget\" data-widget_type=\"heading.default\">\n\t\t\t\t<div class=\"elementor-widget-container\">\n\t\t\t\t\t<p class=\"elementor-heading-title elementor-size-default\">K\u0142yk landscaping<\/p>\t\t\t\t<\/div>\n\t\t\t\t<\/div>\n\t\t\t\t<\/div>\n\t\t<div class=\"elementor-element elementor-element-9b2aa5a e-con-full c-project__data-lne-2 e-flex e-con e-child\" data-id=\"9b2aa5a\" data-element_type=\"container\" data-e-type=\"container\" data-settings=\"{&quot;_ha_eqh_enable&quot;:false}\">\n\t\t\t\t<\/div>\n\t\t<div class=\"elementor-element elementor-element-433da2f e-con-full c-project__data-lne-2 e-flex e-con e-child\" data-id=\"433da2f\" data-element_type=\"container\" data-e-type=\"container\" data-settings=\"{&quot;_ha_eqh_enable&quot;:false}\">\n\t\t\t\t<div class=\"elementor-element elementor-element-7541771 elementor-widget elementor-widget-heading\" data-id=\"7541771\" data-element_type=\"widget\" data-e-type=\"widget\" data-widget_type=\"heading.default\">\n\t\t\t\t<div class=\"elementor-widget-container\">\n\t\t\t\t\t<p class=\"elementor-heading-title elementor-size-default\">Strefa mrozoodporno\u015bci Usda<\/p>\t\t\t\t<\/div>\n\t\t\t\t<\/div>\n\t\t\t\t<div class=\"elementor-element elementor-element-7291238 elementor-widget elementor-widget-heading\" data-id=\"7291238\" data-element_type=\"widget\" data-e-type=\"widget\" data-widget_type=\"heading.default\">\n\t\t\t\t<div class=\"elementor-widget-container\">\n\t\t\t\t\t<p class=\"elementor-heading-title elementor-size-default\">6B<\/p>\t\t\t\t<\/div>\n\t\t\t\t<\/div>\n\t\t\t\t<\/div>\n\t\t\t\t<\/div>\n\t\t<div class=\"elementor-element elementor-element-e48c57e e-con-full c-project__images e-flex e-con e-child\" data-id=\"e48c57e\" data-element_type=\"container\" data-e-type=\"container\" data-settings=\"{&quot;_ha_eqh_enable&quot;:false}\">\n\t\t\t\t<div class=\"elementor-element elementor-element-32a5d48 elementor-widget elementor-widget-image\" data-id=\"32a5d48\" data-element_type=\"widget\" data-e-type=\"widget\" data-widget_type=\"image.default\">\n\t\t\t\t<div class=\"elementor-widget-container\">\n\t\t\t\t\t\t\t\t\t\t\t\t\t\t\t<img fetchpriority=\"high\" decoding=\"async\" width=\"800\" height=\"993\" src=\"https:\/\/wiktorklyk.com\/wp-content\/uploads\/2026\/02\/za-wydma-klyk-landscaping-26.jpg\" class=\"attachment-large size-large wp-image-27430\" alt=\"\" loading=\"eager\" \/>\t\t\t\t\t\t\t\t\t\t\t\t\t\t\t<\/div>\n\t\t\t\t<\/div>\n\t\t\t\t<div class=\"elementor-element elementor-element-690600c elementor-widget elementor-widget-image\" data-id=\"690600c\" data-element_type=\"widget\" data-e-type=\"widget\" data-widget_type=\"image.default\">\n\t\t\t\t<div class=\"elementor-widget-container\">\n\t\t\t\t\t\t\t\t\t\t\t\t\t\t\t<img decoding=\"async\" width=\"800\" height=\"1000\" src=\"https:\/\/wiktorklyk.com\/wp-content\/uploads\/2026\/02\/za-wydma-klyk-landscaping-34.jpg\" class=\"attachment-large size-large wp-image-27455\" alt=\"\" loading=\"eager\" \/>\t\t\t\t\t\t\t\t\t\t\t\t\t\t\t<\/div>\n\t\t\t\t<\/div>\n\t\t\t\t<div class=\"elementor-element elementor-element-dc0984b elementor-widget elementor-widget-image\" data-id=\"dc0984b\" data-element_type=\"widget\" data-e-type=\"widget\" data-widget_type=\"image.default\">\n\t\t\t\t<div class=\"elementor-widget-container\">\n\t\t\t\t\t\t\t\t\t\t\t\t\t\t\t<img decoding=\"async\" width=\"800\" height=\"993\" src=\"https:\/\/wiktorklyk.com\/wp-content\/uploads\/2026\/02\/za-wydma-klyk-landscaping-25.jpg\" class=\"attachment-large size-large wp-image-27432\" alt=\"\" loading=\"eager\" \/>\t\t\t\t\t\t\t\t\t\t\t\t\t\t\t<\/div>\n\t\t\t\t<\/div>\n\t\t\t\t<div class=\"elementor-element elementor-element-72e82ff elementor-widget elementor-widget-image\" data-id=\"72e82ff\" data-element_type=\"widget\" data-e-type=\"widget\" data-widget_type=\"image.default\">\n\t\t\t\t<div class=\"elementor-widget-container\">\n\t\t\t\t\t\t\t\t\t\t\t\t\t\t\t<img decoding=\"async\" width=\"800\" height=\"993\" src=\"https:\/\/wiktorklyk.com\/wp-content\/uploads\/2026\/02\/za-wydma-klyk-landscaping-35.jpg\" class=\"attachment-large size-large wp-image-27435\" alt=\"\" loading=\"eager\" \/>\t\t\t\t\t\t\t\t\t\t\t\t\t\t\t<\/div>\n\t\t\t\t<\/div>\n\t\t\t\t<div class=\"elementor-element elementor-element-2dea52e elementor-widget elementor-widget-image\" data-id=\"2dea52e\" data-element_type=\"widget\" data-e-type=\"widget\" data-widget_type=\"image.default\">\n\t\t\t\t<div class=\"elementor-widget-container\">\n\t\t\t\t\t\t\t\t\t\t\t\t\t\t\t<img decoding=\"async\" width=\"800\" height=\"1000\" src=\"https:\/\/wiktorklyk.com\/wp-content\/uploads\/2026\/02\/za-wydma-klyk-landscaping-33.jpg\" class=\"attachment-large size-large wp-image-27433\" alt=\"\" loading=\"eager\" \/>\t\t\t\t\t\t\t\t\t\t\t\t\t\t\t<\/div>\n\t\t\t\t<\/div>\n\t\t\t\t<div class=\"elementor-element elementor-element-ef4b5d3 elementor-widget elementor-widget-image\" data-id=\"ef4b5d3\" data-element_type=\"widget\" data-e-type=\"widget\" data-widget_type=\"image.default\">\n\t\t\t\t<div class=\"elementor-widget-container\">\n\t\t\t\t\t\t\t\t\t\t\t\t\t\t\t<img decoding=\"async\" width=\"800\" height=\"993\" src=\"https:\/\/wiktorklyk.com\/wp-content\/uploads\/2026\/02\/za-wydma-klyk-landscaping-30.jpg\" class=\"attachment-large size-large wp-image-27434\" alt=\"\" loading=\"eager\" \/>\t\t\t\t\t\t\t\t\t\t\t\t\t\t\t<\/div>\n\t\t\t\t<\/div>\n\t\t\t\t<div class=\"elementor-element elementor-element-e945f33 elementor-widget elementor-widget-image\" data-id=\"e945f33\" data-element_type=\"widget\" data-e-type=\"widget\" data-widget_type=\"image.default\">\n\t\t\t\t<div class=\"elementor-widget-container\">\n\t\t\t\t\t\t\t\t\t\t\t\t\t\t\t<img decoding=\"async\" width=\"800\" height=\"993\" src=\"https:\/\/wiktorklyk.com\/wp-content\/uploads\/2026\/02\/za-wydma-klyk-landscaping-37.jpg\" class=\"attachment-large size-large wp-image-27436\" alt=\"\" loading=\"eager\" \/>\t\t\t\t\t\t\t\t\t\t\t\t\t\t\t<\/div>\n\t\t\t\t<\/div>\n\t\t\t\t<div class=\"elementor-element elementor-element-ebb81f9 elementor-widget elementor-widget-image\" data-id=\"ebb81f9\" data-element_type=\"widget\" data-e-type=\"widget\" data-widget_type=\"image.default\">\n\t\t\t\t<div class=\"elementor-widget-container\">\n\t\t\t\t\t\t\t\t\t\t\t\t\t\t\t<img decoding=\"async\" width=\"800\" height=\"993\" src=\"https:\/\/wiktorklyk.com\/wp-content\/uploads\/2026\/02\/za-wydma-klyk-landscaping-39.jpg\" class=\"attachment-large size-large wp-image-27448\" alt=\"\" loading=\"eager\" \/>\t\t\t\t\t\t\t\t\t\t\t\t\t\t\t<\/div>\n\t\t\t\t<\/div>\n\t\t\t\t<div class=\"elementor-element elementor-element-d26df0d elementor-widget elementor-widget-image\" data-id=\"d26df0d\" data-element_type=\"widget\" data-e-type=\"widget\" data-widget_type=\"image.default\">\n\t\t\t\t<div class=\"elementor-widget-container\">\n\t\t\t\t\t\t\t\t\t\t\t\t\t\t\t<img decoding=\"async\" width=\"800\" height=\"993\" src=\"https:\/\/wiktorklyk.com\/wp-content\/uploads\/2026\/02\/za-wydma-klyk-landscaping-38.jpg\" class=\"attachment-large size-large wp-image-27447\" alt=\"\" loading=\"eager\" \/>\t\t\t\t\t\t\t\t\t\t\t\t\t\t\t<\/div>\n\t\t\t\t<\/div>\n\t\t\t\t<div class=\"elementor-element elementor-element-7122f1e elementor-widget elementor-widget-image\" data-id=\"7122f1e\" data-element_type=\"widget\" data-e-type=\"widget\" data-widget_type=\"image.default\">\n\t\t\t\t<div class=\"elementor-widget-container\">\n\t\t\t\t\t\t\t\t\t\t\t\t\t\t\t<img decoding=\"async\" width=\"800\" height=\"1000\" src=\"https:\/\/wiktorklyk.com\/wp-content\/uploads\/2026\/02\/za-wydma-klyk-landscaping-41.jpg\" class=\"attachment-large size-large wp-image-27450\" alt=\"\" loading=\"eager\" \/>\t\t\t\t\t\t\t\t\t\t\t\t\t\t\t<\/div>\n\t\t\t\t<\/div>\n\t\t\t\t<div class=\"elementor-element elementor-element-b5ca718 elementor-widget elementor-widget-image\" data-id=\"b5ca718\" data-element_type=\"widget\" data-e-type=\"widget\" data-widget_type=\"image.default\">\n\t\t\t\t<div class=\"elementor-widget-container\">\n\t\t\t\t\t\t\t\t\t\t\t\t\t\t\t<img decoding=\"async\" width=\"800\" height=\"1000\" src=\"https:\/\/wiktorklyk.com\/wp-content\/uploads\/2026\/02\/the-night-behind-the-dune-klyk-landscaping-18.jpg\" class=\"attachment-large size-large wp-image-27443\" alt=\"\" loading=\"eager\" \/>\t\t\t\t\t\t\t\t\t\t\t\t\t\t\t<\/div>\n\t\t\t\t<\/div>\n\t\t\t\t<div class=\"elementor-element elementor-element-121f8c0 elementor-widget elementor-widget-image\" data-id=\"121f8c0\" data-element_type=\"widget\" data-e-type=\"widget\" data-widget_type=\"image.default\">\n\t\t\t\t<div class=\"elementor-widget-container\">\n\t\t\t\t\t\t\t\t\t\t\t\t\t\t\t<img decoding=\"async\" width=\"800\" height=\"993\" src=\"https:\/\/wiktorklyk.com\/wp-content\/uploads\/2026\/02\/za-wydma-klyk-landscaping-32.jpg\" class=\"attachment-large size-large wp-image-27446\" alt=\"\" loading=\"eager\" \/>\t\t\t\t\t\t\t\t\t\t\t\t\t\t\t<\/div>\n\t\t\t\t<\/div>\n\t\t\t\t<div class=\"elementor-element elementor-element-e846e3a elementor-widget elementor-widget-image\" data-id=\"e846e3a\" data-element_type=\"widget\" data-e-type=\"widget\" data-widget_type=\"image.default\">\n\t\t\t\t<div class=\"elementor-widget-container\">\n\t\t\t\t\t\t\t\t\t\t\t\t\t\t\t<img decoding=\"async\" width=\"800\" height=\"993\" src=\"https:\/\/wiktorklyk.com\/wp-content\/uploads\/2026\/02\/za-wydma-klyk-landscaping-31.jpg\" class=\"attachment-large size-large wp-image-27457\" alt=\"\" loading=\"eager\" \/>\t\t\t\t\t\t\t\t\t\t\t\t\t\t\t<\/div>\n\t\t\t\t<\/div>\n\t\t\t\t<div class=\"elementor-element elementor-element-ebc53d1 elementor-widget elementor-widget-image\" data-id=\"ebc53d1\" data-element_type=\"widget\" data-e-type=\"widget\" data-widget_type=\"image.default\">\n\t\t\t\t<div class=\"elementor-widget-container\">\n\t\t\t\t\t\t\t\t\t\t\t\t\t\t\t<img decoding=\"async\" width=\"800\" height=\"1000\" src=\"https:\/\/wiktorklyk.com\/wp-content\/uploads\/2026\/02\/za-wydma-klyk-landscaping-48.jpg\" class=\"attachment-large size-large wp-image-27456\" alt=\"\" loading=\"eager\" \/>\t\t\t\t\t\t\t\t\t\t\t\t\t\t\t<\/div>\n\t\t\t\t<\/div>\n\t\t\t\t<div class=\"elementor-element elementor-element-a2b7ebf elementor-widget elementor-widget-image\" data-id=\"a2b7ebf\" data-element_type=\"widget\" data-e-type=\"widget\" data-widget_type=\"image.default\">\n\t\t\t\t<div class=\"elementor-widget-container\">\n\t\t\t\t\t\t\t\t\t\t\t\t\t\t\t<img decoding=\"async\" width=\"800\" height=\"993\" src=\"https:\/\/wiktorklyk.com\/wp-content\/uploads\/2026\/02\/the-night-behind-the-dune-klyk-landscaping-14.jpg\" class=\"attachment-large size-large wp-image-27441\" alt=\"\" loading=\"eager\" \/>\t\t\t\t\t\t\t\t\t\t\t\t\t\t\t<\/div>\n\t\t\t\t<\/div>\n\t\t\t\t<div class=\"elementor-element elementor-element-315ee41 elementor-widget elementor-widget-image\" data-id=\"315ee41\" data-element_type=\"widget\" data-e-type=\"widget\" data-widget_type=\"image.default\">\n\t\t\t\t<div class=\"elementor-widget-container\">\n\t\t\t\t\t\t\t\t\t\t\t\t\t\t\t<img decoding=\"async\" width=\"800\" height=\"993\" src=\"https:\/\/wiktorklyk.com\/wp-content\/uploads\/2026\/02\/the-night-behind-the-dune-klyk-landscaping-13.jpg\" class=\"attachment-large size-large wp-image-27440\" alt=\"\" loading=\"eager\" \/>\t\t\t\t\t\t\t\t\t\t\t\t\t\t\t<\/div>\n\t\t\t\t<\/div>\n\t\t\t\t<div class=\"elementor-element elementor-element-c7e29e7 elementor-widget elementor-widget-image\" data-id=\"c7e29e7\" data-element_type=\"widget\" data-e-type=\"widget\" data-widget_type=\"image.default\">\n\t\t\t\t<div class=\"elementor-widget-container\">\n\t\t\t\t\t\t\t\t\t\t\t\t\t\t\t<img decoding=\"async\" width=\"800\" height=\"993\" src=\"https:\/\/wiktorklyk.com\/wp-content\/uploads\/2026\/02\/the-night-behind-the-dune-klyk-landscaping-11.jpg\" class=\"attachment-large size-large wp-image-27438\" alt=\"\" loading=\"eager\" \/>\t\t\t\t\t\t\t\t\t\t\t\t\t\t\t<\/div>\n\t\t\t\t<\/div>\n\t\t\t\t<div class=\"elementor-element elementor-element-cb7fbf9 elementor-widget elementor-widget-image\" data-id=\"cb7fbf9\" data-element_type=\"widget\" data-e-type=\"widget\" data-widget_type=\"image.default\">\n\t\t\t\t<div class=\"elementor-widget-container\">\n\t\t\t\t\t\t\t\t\t\t\t\t\t\t\t<img decoding=\"async\" width=\"800\" height=\"446\" src=\"https:\/\/wiktorklyk.com\/wp-content\/uploads\/2026\/02\/the-night-behind-the-dune-klyk-landscaping-17.jpg\" class=\"attachment-large size-large wp-image-27442\" alt=\"\" loading=\"eager\" \/>\t\t\t\t\t\t\t\t\t\t\t\t\t\t\t<\/div>\n\t\t\t\t<\/div>\n\t\t\t\t<div class=\"elementor-element elementor-element-daaca61 elementor-widget elementor-widget-image\" data-id=\"daaca61\" data-element_type=\"widget\" data-e-type=\"widget\" data-widget_type=\"image.default\">\n\t\t\t\t<div class=\"elementor-widget-container\">\n\t\t\t\t\t\t\t\t\t\t\t\t\t\t\t<img decoding=\"async\" width=\"800\" height=\"993\" src=\"https:\/\/wiktorklyk.com\/wp-content\/uploads\/2026\/02\/the-night-behind-the-dune-klyk-landscaping-12.jpg\" class=\"attachment-large size-large wp-image-27439\" alt=\"\" loading=\"eager\" \/>\t\t\t\t\t\t\t\t\t\t\t\t\t\t\t<\/div>\n\t\t\t\t<\/div>\n\t\t\t\t<\/div>\n\t\t\t\t<\/div>\n\t\t\t\t<\/div>\n\t\t","protected":false},"excerpt":{"rendered":"<p>Za Wydm\u0105 1200m\u00b2 2026 Wroc\u0142aw Projekt ogrodu: K\u0142yk landscaping Strefa mrozoodporno\u015bci Usda 6B<\/p>\n","protected":false},"author":4,"featured_media":0,"parent":4110,"menu_order":0,"comment_status":"closed","ping_status":"closed","template":"","meta":{"footnotes":""},"class_list":["post-27425","page","type-page","status-publish","hentry"],"_links":{"self":[{"href":"https:\/\/wiktorklyk.com\/pl\/wp-json\/wp\/v2\/pages\/27425","targetHints":{"allow":["GET"]}}],"collection":[{"href":"https:\/\/wiktorklyk.com\/pl\/wp-json\/wp\/v2\/pages"}],"about":[{"href":"https:\/\/wiktorklyk.com\/pl\/wp-json\/wp\/v2\/types\/page"}],"author":[{"embeddable":true,"href":"https:\/\/wiktorklyk.com\/pl\/wp-json\/wp\/v2\/users\/4"}],"replies":[{"embeddable":true,"href":"https:\/\/wiktorklyk.com\/pl\/wp-json\/wp\/v2\/comments?post=27425"}],"version-history":[{"count":10,"href":"https:\/\/wiktorklyk.com\/pl\/wp-json\/wp\/v2\/pages\/27425\/revisions"}],"predecessor-version":[{"id":27469,"href":"https:\/\/wiktorklyk.com\/pl\/wp-json\/wp\/v2\/pages\/27425\/revisions\/27469"}],"up":[{"embeddable":true,"href":"https:\/\/wiktorklyk.com\/pl\/wp-json\/wp\/v2\/pages\/4110"}],"wp:attachment":[{"href":"https:\/\/wiktorklyk.com\/pl\/wp-json\/wp\/v2\/media?parent=27425"}],"curies":[{"name":"wp","href":"https:\/\/api.w.org\/{rel}","templated":true}]}}