{"id":27832,"date":"2026-03-29T14:14:14","date_gmt":"2026-03-29T12:14:14","guid":{"rendered":"https:\/\/wiktorklyk.com\/dziekujemy-2\/"},"modified":"2026-03-29T17:45:30","modified_gmt":"2026-03-29T15:45:30","slug":"zapytanie-projektowe","status":"publish","type":"page","link":"https:\/\/wiktorklyk.com\/pl\/zapytanie-projektowe\/","title":{"rendered":"Zapytanie"},"content":{"rendered":"\t\t<div data-elementor-type=\"wp-page\" data-elementor-id=\"27832\" class=\"elementor elementor-27832\" data-elementor-settings=\"{&quot;ha_cmc_init_switcher&quot;:&quot;no&quot;}\" data-elementor-post-type=\"page\">\n\t\t\t\t<div class=\"elementor-element elementor-element-d8ce883 e-con-full  u-px--page u-pb-6-6  fx-splittext-line u-pt-4-4 e-flex e-con e-parent\" data-id=\"d8ce883\" data-element_type=\"container\" data-e-type=\"container\" data-settings=\"{&quot;_ha_eqh_enable&quot;:false}\">\n\t\t<div class=\"elementor-element elementor-element-f78ab8b e-con-full e-flex e-con e-child\" data-id=\"f78ab8b\" data-element_type=\"container\" data-e-type=\"container\" data-settings=\"{&quot;_ha_eqh_enable&quot;:false}\">\n\t\t<div class=\"elementor-element elementor-element-88cbd08 e-con-full u-pr-0-8 e-flex e-con e-child\" data-id=\"88cbd08\" data-element_type=\"container\" data-e-type=\"container\" data-settings=\"{&quot;_ha_eqh_enable&quot;:false}\">\n\t\t\t\t<div class=\"elementor-element elementor-element-ce16ea9 u-pb-2-2 elementor-widget elementor-widget-heading\" data-id=\"ce16ea9\" data-element_type=\"widget\" data-e-type=\"widget\" data-widget_type=\"heading.default\">\n\t\t\t\t<div class=\"elementor-widget-container\">\n\t\t\t\t\t<h1 class=\"elementor-heading-title elementor-size-xxl\">Zapytanie projektowe<\/h1>\t\t\t\t<\/div>\n\t\t\t\t<\/div>\n\t\t\t\t<div class=\"elementor-element elementor-element-68e4bc2 elementor-widget elementor-widget-text-editor\" data-id=\"68e4bc2\" data-element_type=\"widget\" data-e-type=\"widget\" data-widget_type=\"text-editor.default\">\n\t\t\t\t<div class=\"elementor-widget-container\">\n\t\t\t\t\t\t\t\t\t<p>Dzi\u0119kujemy za zainteresowanie naszymi us\u0142ugami projektowania ogrod\u00f3w. Aby dostosowa\u0107 nasz\u0105 ofert\u0119 do Pa\u0144stwa oczekiwa\u0144, prosimy o wype\u0142nienie poni\u017cszej ankiety. Twoje odpowiedzi pomog\u0105 nam stworzy\u0107 przestrze\u0144, kt\u00f3ra b\u0119dzie perfekcyjnie pasowa\u0107 do Twoich potrzeb.<\/p>\t\t\t\t\t\t\t\t<\/div>\n\t\t\t\t<\/div>\n\t\t\t\t<div class=\"elementor-element elementor-element-01347ef elementor-widget elementor-widget-spacer\" data-id=\"01347ef\" data-element_type=\"widget\" data-e-type=\"widget\" data-widget_type=\"spacer.default\">\n\t\t\t\t<div class=\"elementor-widget-container\">\n\t\t\t\t\t\t\t<div class=\"elementor-spacer\">\n\t\t\t<div class=\"elementor-spacer-inner\"><\/div>\n\t\t<\/div>\n\t\t\t\t\t\t<\/div>\n\t\t\t\t<\/div>\n\t\t\t\t<div class=\"elementor-element elementor-element-2529d89 elementor-button-align-start elementor-widget elementor-widget-form\" data-id=\"2529d89\" data-element_type=\"widget\" data-e-type=\"widget\" data-settings=\"{&quot;step_next_label&quot;:&quot;Dalej&quot;,&quot;step_previous_label&quot;:&quot;Powr\\u00f3t&quot;,&quot;button_width&quot;:&quot;20&quot;,&quot;step_type&quot;:&quot;none&quot;,&quot;step_icon_shape&quot;:&quot;circle&quot;}\" data-widget_type=\"form.default\">\n\t\t\t\t<div class=\"elementor-widget-container\">\n\t\t\t\t\t\t\t<form class=\"elementor-form\" method=\"post\" name=\"Ankieta\" aria-label=\"Ankieta\">\n\t\t\t<input type=\"hidden\" name=\"post_id\" value=\"27832\"\/>\n\t\t\t<input type=\"hidden\" name=\"form_id\" value=\"2529d89\"\/>\n\t\t\t<input type=\"hidden\" name=\"referer_title\" value=\"\" \/>\n\n\t\t\t\n\t\t\t<div class=\"elementor-form-fields-wrapper elementor-labels-above\">\n\t\t\t\t\t\t\t\t<div class=\"elementor-field-type-text elementor-field-group elementor-column elementor-field-group-field_1922e38 elementor-col-100 elementor-field-required elementor-mark-required\">\n\t\t\t\t\t\t\t\t\t\t\t\t<label for=\"form-field-field_1922e38\" class=\"elementor-field-label\">\n\t\t\t\t\t\t\t\tImi\u0119 i nazwisko\t\t\t\t\t\t\t<\/label>\n\t\t\t\t\t\t\t\t\t\t\t\t\t\t<input size=\"1\" type=\"text\" name=\"form_fields[field_1922e38]\" id=\"form-field-field_1922e38\" class=\"elementor-field elementor-size-lg  elementor-field-textual\" required=\"required\">\n\t\t\t\t\t\t\t\t\t\t\t<\/div>\n\t\t\t\t\t\t\t\t<div class=\"elementor-field-type-email elementor-field-group elementor-column elementor-field-group-email elementor-col-100 elementor-field-required elementor-mark-required\">\n\t\t\t\t\t\t\t\t\t\t\t\t<label for=\"form-field-email\" class=\"elementor-field-label\">\n\t\t\t\t\t\t\t\tAdres e-mail\t\t\t\t\t\t\t<\/label>\n\t\t\t\t\t\t\t\t\t\t\t\t\t\t<input size=\"1\" type=\"email\" name=\"form_fields[email]\" id=\"form-field-email\" class=\"elementor-field elementor-size-lg  elementor-field-textual\" required=\"required\">\n\t\t\t\t\t\t\t\t\t\t\t<\/div>\n\t\t\t\t\t\t\t\t<div class=\"elementor-field-type-text elementor-field-group elementor-column elementor-field-group-phone elementor-col-100 elementor-field-required elementor-mark-required\">\n\t\t\t\t\t\t\t\t\t\t\t\t<label for=\"form-field-phone\" class=\"elementor-field-label\">\n\t\t\t\t\t\t\t\tNumer telefonu (opcjonalnie)\t\t\t\t\t\t\t<\/label>\n\t\t\t\t\t\t\t\t\t\t\t\t\t\t<input size=\"1\" type=\"text\" name=\"form_fields[phone]\" id=\"form-field-phone\" class=\"elementor-field elementor-size-lg  elementor-field-textual\" required=\"required\">\n\t\t\t\t\t\t\t\t\t\t\t<\/div>\n\t\t\t\t\t\t\t\t<div class=\"elementor-field-type-text elementor-field-group elementor-column elementor-field-group-field_9e84f45 elementor-col-100 elementor-field-required elementor-mark-required\">\n\t\t\t\t\t\t\t\t\t\t\t\t<label for=\"form-field-field_9e84f45\" class=\"elementor-field-label\">\n\t\t\t\t\t\t\t\tLokalizacja nieruchomo\u015bci (miasto, region)\t\t\t\t\t\t\t<\/label>\n\t\t\t\t\t\t\t\t\t\t\t\t\t\t<input size=\"1\" type=\"text\" name=\"form_fields[field_9e84f45]\" id=\"form-field-field_9e84f45\" class=\"elementor-field elementor-size-lg  elementor-field-textual\" required=\"required\">\n\t\t\t\t\t\t\t\t\t\t\t<\/div>\n\t\t\t\t\t\t\t\t<div class=\"elementor-field-type-radio elementor-field-group elementor-column elementor-field-group-field_744ce5f elementor-col-100\">\n\t\t\t\t\t\t\t\t\t\t\t\t<label for=\"form-field-field_744ce5f\" class=\"elementor-field-label\">\n\t\t\t\t\t\t\t\tJaki jest metrarz Twojego ogrodu?\t\t\t\t\t\t\t<\/label>\n\t\t\t\t\t\t<div class=\"elementor-field-subgroup  \"><span class=\"elementor-field-option\"><input type=\"radio\" value=\"do 1000m2\" id=\"form-field-field_744ce5f-0\" name=\"form_fields[field_744ce5f]\"> <label for=\"form-field-field_744ce5f-0\">do 1000m2<\/label><\/span><span class=\"elementor-field-option\"><input type=\"radio\" value=\"do 1000m2\" id=\"form-field-field_744ce5f-1\" name=\"form_fields[field_744ce5f]\"> <label for=\"form-field-field_744ce5f-1\">do 1000m2<\/label><\/span><span class=\"elementor-field-option\"><input type=\"radio\" value=\"do 3000m2\" id=\"form-field-field_744ce5f-2\" name=\"form_fields[field_744ce5f]\"> <label for=\"form-field-field_744ce5f-2\">do 3000m2<\/label><\/span><span class=\"elementor-field-option\"><input type=\"radio\" value=\"do 4000 m2\" id=\"form-field-field_744ce5f-3\" name=\"form_fields[field_744ce5f]\"> <label for=\"form-field-field_744ce5f-3\">do 4000 m2<\/label><\/span><span class=\"elementor-field-option\"><input type=\"radio\" value=\"wi\u0119cej ni\u017c 4000\" id=\"form-field-field_744ce5f-4\" name=\"form_fields[field_744ce5f]\"> <label for=\"form-field-field_744ce5f-4\">wi\u0119cej ni\u017c 4000<\/label><\/span><\/div>\t\t\t\t<\/div>\n\t\t\t\t\t\t\t\t<div class=\"elementor-field-type-radio elementor-field-group elementor-column elementor-field-group-field_a3142c9 elementor-col-100\">\n\t\t\t\t\t\t\t\t\t\t\t\t<label for=\"form-field-field_a3142c9\" class=\"elementor-field-label\">\n\t\t\t\t\t\t\t\tJaki jest Tw\u00f3j planowany bud\u017cet na projekt ogrodu?\t\t\t\t\t\t\t<\/label>\n\t\t\t\t\t\t<div class=\"elementor-field-subgroup  \"><span class=\"elementor-field-option\"><input type=\"radio\" value=\"200 000 \u2013 300 000 z\u0142  \" id=\"form-field-field_a3142c9-0\" name=\"form_fields[field_a3142c9]\"> <label for=\"form-field-field_a3142c9-0\">200 000 \u2013 300 000 z\u0142<\/label><\/span><span class=\"elementor-field-option\"><input type=\"radio\" value=\"300 000 \u2013700 000 z\u0142  \" id=\"form-field-field_a3142c9-1\" name=\"form_fields[field_a3142c9]\"> <label for=\"form-field-field_a3142c9-1\">300 000 \u2013700 000 z\u0142<\/label><\/span><span class=\"elementor-field-option\"><input type=\"radio\" value=\"700 000- 1000 000 z\u0142  \" id=\"form-field-field_a3142c9-2\" name=\"form_fields[field_a3142c9]\"> <label for=\"form-field-field_a3142c9-2\">700 000- 1000 000 z\u0142<\/label><\/span><span class=\"elementor-field-option\"><input type=\"radio\" value=\"1000 000- 2000 000 z\u0142  \" id=\"form-field-field_a3142c9-3\" name=\"form_fields[field_a3142c9]\"> <label for=\"form-field-field_a3142c9-3\">1000 000- 2000 000 z\u0142<\/label><\/span><span class=\"elementor-field-option\"><input type=\"radio\" value=\"powy\u017cej 200 000 z\u0142\" id=\"form-field-field_a3142c9-4\" name=\"form_fields[field_a3142c9]\"> <label for=\"form-field-field_a3142c9-4\">powy\u017cej 200 000 z\u0142<\/label><\/span><\/div>\t\t\t\t<\/div>\n\t\t\t\t\t\t\t\t<div class=\"elementor-field-type-checkbox elementor-field-group elementor-column elementor-field-group-field_7c62af6 elementor-col-100\">\n\t\t\t\t\t\t\t\t\t\t\t\t<label for=\"form-field-field_7c62af6\" class=\"elementor-field-label\">\n\t\t\t\t\t\t\t\tJakie elementy ogrodu s\u0105 dla Ciebie najistotniejsze? (Wybierz wszystkie, kt\u00f3re Ci\u0119 interesuj\u0105)\t\t\t\t\t\t\t<\/label>\n\t\t\t\t\t\t<div class=\"elementor-field-subgroup  elementor-subgroup-inline\"><span class=\"elementor-field-option\"><input type=\"checkbox\" value=\"Trawnik  \" id=\"form-field-field_7c62af6-0\" name=\"form_fields[field_7c62af6][]\"> <label for=\"form-field-field_7c62af6-0\">Trawnik<\/label><\/span><span class=\"elementor-field-option\"><input type=\"checkbox\" value=\"Basen  \" id=\"form-field-field_7c62af6-1\" name=\"form_fields[field_7c62af6][]\"> <label for=\"form-field-field_7c62af6-1\">Basen<\/label><\/span><span class=\"elementor-field-option\"><input type=\"checkbox\" value=\"Jacuzzi  \" id=\"form-field-field_7c62af6-2\" name=\"form_fields[field_7c62af6][]\"> <label for=\"form-field-field_7c62af6-2\">Jacuzzi<\/label><\/span><span class=\"elementor-field-option\"><input type=\"checkbox\" value=\"Sauna  \" id=\"form-field-field_7c62af6-3\" name=\"form_fields[field_7c62af6][]\"> <label for=\"form-field-field_7c62af6-3\">Sauna<\/label><\/span><span class=\"elementor-field-option\"><input type=\"checkbox\" value=\"Kaskady wodne  \" id=\"form-field-field_7c62af6-4\" name=\"form_fields[field_7c62af6][]\"> <label for=\"form-field-field_7c62af6-4\">Kaskady wodne<\/label><\/span><span class=\"elementor-field-option\"><input type=\"checkbox\" value=\"Krzewy  \" id=\"form-field-field_7c62af6-5\" name=\"form_fields[field_7c62af6][]\"> <label for=\"form-field-field_7c62af6-5\">Krzewy<\/label><\/span><span class=\"elementor-field-option\"><input type=\"checkbox\" value=\"Trawy  \" id=\"form-field-field_7c62af6-6\" name=\"form_fields[field_7c62af6][]\"> <label for=\"form-field-field_7c62af6-6\">Trawy<\/label><\/span><span class=\"elementor-field-option\"><input type=\"checkbox\" value=\"Ro\u015bliny kwitn\u0105ce  \" id=\"form-field-field_7c62af6-7\" name=\"form_fields[field_7c62af6][]\"> <label for=\"form-field-field_7c62af6-7\">Ro\u015bliny kwitn\u0105ce<\/label><\/span><span class=\"elementor-field-option\"><input type=\"checkbox\" value=\"Ro\u015bliny le\u015bne ( paprocie, wrzosy etc.)  \" id=\"form-field-field_7c62af6-8\" name=\"form_fields[field_7c62af6][]\"> <label for=\"form-field-field_7c62af6-8\">Ro\u015bliny le\u015bne ( paprocie, wrzosy etc.)<\/label><\/span><span class=\"elementor-field-option\"><input type=\"checkbox\" value=\"\u015acie\u017cki  \" id=\"form-field-field_7c62af6-9\" name=\"form_fields[field_7c62af6][]\"> <label for=\"form-field-field_7c62af6-9\">\u015acie\u017cki<\/label><\/span><span class=\"elementor-field-option\"><input type=\"checkbox\" value=\"O\u015bwietlenie ogrodowe  \" id=\"form-field-field_7c62af6-10\" name=\"form_fields[field_7c62af6][]\"> <label for=\"form-field-field_7c62af6-10\">O\u015bwietlenie ogrodowe<\/label><\/span><span class=\"elementor-field-option\"><input type=\"checkbox\" value=\"Meble ogrodowe  \" id=\"form-field-field_7c62af6-11\" name=\"form_fields[field_7c62af6][]\"> <label for=\"form-field-field_7c62af6-11\">Meble ogrodowe<\/label><\/span><span class=\"elementor-field-option\"><input type=\"checkbox\" value=\"Elementy sztuki (rze\u017aby, instalacje artystyczne)  \" id=\"form-field-field_7c62af6-12\" name=\"form_fields[field_7c62af6][]\"> <label for=\"form-field-field_7c62af6-12\">Elementy sztuki (rze\u017aby, instalacje artystyczne)<\/label><\/span><span class=\"elementor-field-option\"><input type=\"checkbox\" value=\"Dodatkowe tarasy  \" id=\"form-field-field_7c62af6-13\" name=\"form_fields[field_7c62af6][]\"> <label for=\"form-field-field_7c62af6-13\">Dodatkowe tarasy<\/label><\/span><span class=\"elementor-field-option\"><input type=\"checkbox\" value=\"Pergole systemowe  \" id=\"form-field-field_7c62af6-14\" name=\"form_fields[field_7c62af6][]\"> <label for=\"form-field-field_7c62af6-14\">Pergole systemowe<\/label><\/span><span class=\"elementor-field-option\"><input type=\"checkbox\" value=\"Miejsca do uprawiania ro\u015blin (np. ogr\u00f3dek warzywny)  \" id=\"form-field-field_7c62af6-15\" name=\"form_fields[field_7c62af6][]\"> <label for=\"form-field-field_7c62af6-15\">Miejsca do uprawiania ro\u015blin (np. ogr\u00f3dek warzywny)<\/label><\/span><span class=\"elementor-field-option\"><input type=\"checkbox\" value=\"palenisko z \u017cywym ogniem  \" id=\"form-field-field_7c62af6-16\" name=\"form_fields[field_7c62af6][]\"> <label for=\"form-field-field_7c62af6-16\">palenisko z \u017cywym ogniem<\/label><\/span><span class=\"elementor-field-option\"><input type=\"checkbox\" value=\"palenisko gazowe  \" id=\"form-field-field_7c62af6-17\" name=\"form_fields[field_7c62af6][]\"> <label for=\"form-field-field_7c62af6-17\">palenisko gazowe<\/label><\/span><span class=\"elementor-field-option\"><input type=\"checkbox\" value=\"dodatkowa wiata na rzeczy ogrodowe  \" id=\"form-field-field_7c62af6-18\" name=\"form_fields[field_7c62af6][]\"> <label for=\"form-field-field_7c62af6-18\">dodatkowa wiata na rzeczy ogrodowe<\/label><\/span><span class=\"elementor-field-option\"><input type=\"checkbox\" value=\"Plac zabaw\" id=\"form-field-field_7c62af6-19\" name=\"form_fields[field_7c62af6][]\"> <label for=\"form-field-field_7c62af6-19\">Plac zabaw<\/label><\/span><\/div>\t\t\t\t<\/div>\n\t\t\t\t\t\t\t\t<div class=\"elementor-field-type-text elementor-field-group elementor-column elementor-field-group-field_ab63556 elementor-col-100\">\n\t\t\t\t\t\t\t\t\t\t\t\t<label for=\"form-field-field_ab63556\" class=\"elementor-field-label\">\n\t\t\t\t\t\t\t\tInne\t\t\t\t\t\t\t<\/label>\n\t\t\t\t\t\t\t\t\t\t\t\t\t\t<input size=\"1\" type=\"text\" name=\"form_fields[field_ab63556]\" id=\"form-field-field_ab63556\" class=\"elementor-field elementor-size-lg  elementor-field-textual\">\n\t\t\t\t\t\t\t\t\t\t\t<\/div>\n\t\t\t\t\t\t\t\t<div class=\"elementor-field-type-radio elementor-field-group elementor-column elementor-field-group-field_bc44f47 elementor-col-100\">\n\t\t\t\t\t\t\t\t\t\t\t\t<label for=\"form-field-field_bc44f47\" class=\"elementor-field-label\">\n\t\t\t\t\t\t\t\tJaki jest preferowany termin realizacji projektu?\t\t\t\t\t\t\t<\/label>\n\t\t\t\t\t\t<div class=\"elementor-field-subgroup  \"><span class=\"elementor-field-option\"><input type=\"radio\" value=\"W ci\u0105gu najbli\u017cszych 3 miesi\u0119cy  \" id=\"form-field-field_bc44f47-0\" name=\"form_fields[field_bc44f47]\"> <label for=\"form-field-field_bc44f47-0\">W ci\u0105gu najbli\u017cszych 3 miesi\u0119cy<\/label><\/span><span class=\"elementor-field-option\"><input type=\"radio\" value=\"W ci\u0105gu 6 miesi\u0119cy  \" id=\"form-field-field_bc44f47-1\" name=\"form_fields[field_bc44f47]\"> <label for=\"form-field-field_bc44f47-1\">W ci\u0105gu 6 miesi\u0119cy<\/label><\/span><span class=\"elementor-field-option\"><input type=\"radio\" value=\"W ci\u0105gu 12 miesi\u0119cy\" id=\"form-field-field_bc44f47-2\" name=\"form_fields[field_bc44f47]\"> <label for=\"form-field-field_bc44f47-2\">W ci\u0105gu 12 miesi\u0119cy<\/label><\/span><\/div>\t\t\t\t<\/div>\n\t\t\t\t\t\t\t\t<div class=\"elementor-field-type-text elementor-field-group elementor-column elementor-field-group-field_5744f1b elementor-col-100\">\n\t\t\t\t\t\t\t\t\t\t\t\t<label for=\"form-field-field_5744f1b\" class=\"elementor-field-label\">\n\t\t\t\t\t\t\t\tProsz\u0119 poda\u0107 dat\u0119\t\t\t\t\t\t\t<\/label>\n\t\t\t\t\t\t\t\t\t\t\t\t\t\t<input size=\"1\" type=\"text\" name=\"form_fields[field_5744f1b]\" id=\"form-field-field_5744f1b\" class=\"elementor-field elementor-size-lg  elementor-field-textual\">\n\t\t\t\t\t\t\t\t\t\t\t<\/div>\n\t\t\t\t\t\t\t\t<div class=\"elementor-field-type-text elementor-field-group elementor-column elementor-field-group-field_4afc25e elementor-col-100\">\n\t\t\t\t\t\t\t\t\t\t\t\t<label for=\"form-field-field_4afc25e\" class=\"elementor-field-label\">\n\t\t\t\t\t\t\t\tJakie dodatkowe informacje chcia\u0142by\u015b\/\u0142aby\u015b nam przekaza\u0107?\t\t\t\t\t\t\t<\/label>\n\t\t\t\t\t\t\t\t\t\t\t\t\t\t<input size=\"1\" type=\"text\" name=\"form_fields[field_4afc25e]\" id=\"form-field-field_4afc25e\" class=\"elementor-field elementor-size-lg  elementor-field-textual\">\n\t\t\t\t\t\t\t\t\t\t\t<\/div>\n\t\t\t\t\t\t\t\t<div class=\"elementor-field-type-upload elementor-field-group elementor-column elementor-field-group-field_5fa867e elementor-col-100\">\n\t\t\t\t\t\t\t\t\t\t\t\t<label for=\"form-field-field_5fa867e\" class=\"elementor-field-label\">\n\t\t\t\t\t\t\t\tDo\u0142\u0105cz zdj\u0119cia inspiracji lub swojej przestrzeni (opcjonalnie)\t\t\t\t\t\t\t<\/label>\n\t\t\t\t\t\t\t\t<input type=\"file\" name=\"form_fields[field_5fa867e][]\" id=\"form-field-field_5fa867e\" class=\"elementor-field elementor-size-lg  elementor-upload-field\" multiple=\"multiple\">\n\n\t\t\t\t\t\t<\/div>\n\t\t\t\t\t\t\t\t<div class=\"elementor-field-type-html elementor-field-group elementor-column elementor-field-group-field_1593185 elementor-col-100\">\n\t\t\t\t\t<small>Administratorem Twoich danych jest.... Przetwarzamy Twoje dane w celu udzielenia odpowiedzi na zapytanie. Masz prawo do dost\u0119pu do danych, ich sprostowania oraz usuni\u0119cia. Wi\u0119cej informacji znajdziesz w naszej  <a href=\"\/?p=6747\" target=\"_blank\">Polityce Prywatno\u015bci<\/a>.<\/small>\t\t\t\t<\/div>\n\t\t\t\t\t\t\t\t<div class=\"elementor-field-group elementor-column elementor-field-type-submit elementor-col-20 e-form__buttons\">\n\t\t\t\t\t<button class=\"elementor-button elementor-size-sm\" type=\"submit\">\n\t\t\t\t\t\t<span class=\"elementor-button-content-wrapper\">\n\t\t\t\t\t\t\t\t\t\t\t\t\t\t\t\t\t\t\t\t\t\t<span class=\"elementor-button-text\">Wy\u015blij<\/span>\n\t\t\t\t\t\t\t\t\t\t\t\t\t<\/span>\n\t\t\t\t\t<\/button>\n\t\t\t\t<\/div>\n\t\t\t<\/div>\n\t\t<\/form>\n\t\t\t\t\t\t<\/div>\n\t\t\t\t<\/div>\n\t\t\t\t<\/div>\n\t\t\t\t<\/div>\n\t\t\t\t<\/div>\n\t\t\t\t<\/div>\n\t\t","protected":false},"excerpt":{"rendered":"<p>Zapytanie projektowe Dzi\u0119kujemy za zainteresowanie naszymi us\u0142ugami projektowania ogrod\u00f3w. Aby dostosowa\u0107 nasz\u0105 ofert\u0119 do Pa\u0144stwa oczekiwa\u0144, prosimy o wype\u0142nienie poni\u017cszej ankiety. Twoje odpowiedzi pomog\u0105 nam stworzy\u0107 przestrze\u0144, kt\u00f3ra b\u0119dzie perfekcyjnie pasowa\u0107 do Twoich potrzeb.<\/p>\n","protected":false},"author":1,"featured_media":0,"parent":0,"menu_order":5,"comment_status":"closed","ping_status":"closed","template":"","meta":{"footnotes":""},"class_list":["post-27832","page","type-page","status-publish","hentry"],"_links":{"self":[{"href":"https:\/\/wiktorklyk.com\/pl\/wp-json\/wp\/v2\/pages\/27832","targetHints":{"allow":["GET"]}}],"collection":[{"href":"https:\/\/wiktorklyk.com\/pl\/wp-json\/wp\/v2\/pages"}],"about":[{"href":"https:\/\/wiktorklyk.com\/pl\/wp-json\/wp\/v2\/types\/page"}],"author":[{"embeddable":true,"href":"https:\/\/wiktorklyk.com\/pl\/wp-json\/wp\/v2\/users\/1"}],"replies":[{"embeddable":true,"href":"https:\/\/wiktorklyk.com\/pl\/wp-json\/wp\/v2\/comments?post=27832"}],"version-history":[{"count":10,"href":"https:\/\/wiktorklyk.com\/pl\/wp-json\/wp\/v2\/pages\/27832\/revisions"}],"predecessor-version":[{"id":27862,"href":"https:\/\/wiktorklyk.com\/pl\/wp-json\/wp\/v2\/pages\/27832\/revisions\/27862"}],"wp:attachment":[{"href":"https:\/\/wiktorklyk.com\/pl\/wp-json\/wp\/v2\/media?parent=27832"}],"curies":[{"name":"wp","href":"https:\/\/api.w.org\/{rel}","templated":true}]}}