{"id":28429,"date":"2026-05-14T11:10:28","date_gmt":"2026-05-14T09:10:28","guid":{"rendered":"https:\/\/wiktorklyk.com\/?page_id=28411"},"modified":"2026-05-14T11:10:28","modified_gmt":"2026-05-14T09:10:28","slug":"park-edukacyjny-2","status":"publish","type":"page","link":"https:\/\/wiktorklyk.com\/pl\/projekty\/park-edukacyjny-2\/","title":{"rendered":"Park edukacyjny"},"content":{"rendered":"<h1>Park naturalistyczny<\/h1>\n<p>10000m\u00b2<\/p>\n<p>2013<\/p>\n<p>Pozna\u0144<\/p>\n<p>Projekt ogrodu:<\/p>\n<p>K\u0142yk landscaping<\/p>\n<p>Kontraktor:<\/p>\n<p>Strefa mrozoodporno\u015bci Usda<\/p>\n<p>7a<\/p>\n<p>\t\t\t\t\t\t\t\t\t\t\t\t\t\t\t<img fetchpriority=\"high\" decoding=\"async\" width=\"800\" height=\"993\" src=\"https:\/\/wiktorklyk.com\/wp-content\/uploads\/2026\/04\/wild-park.jpg\" alt=\"park naturalistyczny\" loading=\"eager\" \/><br \/>\n\t\t\t\t\t\t\t\t\t\t\t\t\t\t\t<img decoding=\"async\" width=\"800\" height=\"1000\" src=\"https:\/\/wiktorklyk.com\/wp-content\/uploads\/2026\/04\/2-1.jpg\" alt=\"Park edukacji ekologicznej\" loading=\"eager\" \/><br \/>\n\t\t\t\t\t\t\t\t\t\t\t\t\t\t\t<img decoding=\"async\" width=\"800\" height=\"1000\" src=\"https:\/\/wiktorklyk.com\/wp-content\/uploads\/2026\/04\/1-2.jpg\" alt=\"Park edukacji ekologicznej\" loading=\"eager\" \/><br \/>\n\t\t\t\t\t\t\t\t\t\t\t\t\t\t\t<img decoding=\"async\" width=\"800\" height=\"1000\" src=\"https:\/\/wiktorklyk.com\/wp-content\/uploads\/2026\/04\/3-1.jpg\" alt=\"Odtwarzamy naturalne krajobrazu\" loading=\"eager\" \/><br \/>\n\t\t\t\t\t\t\t\t\t\t\t\t\t\t\t<img decoding=\"async\" width=\"800\" height=\"800\" src=\"https:\/\/wiktorklyk.com\/wp-content\/uploads\/2026\/04\/pawilon-edukacji.jpg\" alt=\"\" loading=\"eager\" \/><br \/>\n\t\t\t\t\t\t\t\t\t\t\t\t\t\t\t<img decoding=\"async\" width=\"800\" height=\"1000\" src=\"https:\/\/wiktorklyk.com\/wp-content\/uploads\/2026\/04\/5.jpg\" alt=\"\" loading=\"eager\" \/><br \/>\n\t\t\t\t\t\t\t\t\t\t\t\t\t\t\t<img decoding=\"async\" width=\"800\" height=\"1000\" src=\"https:\/\/wiktorklyk.com\/wp-content\/uploads\/2026\/04\/4.jpg\" alt=\"\" loading=\"eager\" \/><br \/>\n\t\t\t\t\t\t\t\t\t\t\t\t\t\t\t<img decoding=\"async\" width=\"800\" height=\"1000\" src=\"https:\/\/wiktorklyk.com\/wp-content\/uploads\/2026\/04\/7.jpg\" alt=\"Dziki park, jak przywr\u00f3ci\u0107 natur\u0119 do przestrzeni miejskiej,\" loading=\"eager\" \/><br \/>\n\t\t\t\t\t\t\t\t\t\t\t\t\t\t\t<img decoding=\"async\" width=\"800\" height=\"1000\" src=\"https:\/\/wiktorklyk.com\/wp-content\/uploads\/2026\/04\/8.jpg\" alt=\"Szkice krajobrazu\" loading=\"eager\" \/><\/p>\n","protected":false},"excerpt":{"rendered":"<p>Park naturalistyczny 10000m\u00b2 2013 Pozna\u0144 Projekt ogrodu: K\u0142yk landscaping Kontraktor: Strefa mrozoodporno\u015bci Usda 7a<\/p>\n","protected":false},"author":4,"featured_media":0,"parent":4110,"menu_order":0,"comment_status":"closed","ping_status":"closed","template":"","meta":{"footnotes":""},"class_list":["post-28429","page","type-page","status-publish","hentry"],"_links":{"self":[{"href":"https:\/\/wiktorklyk.com\/pl\/wp-json\/wp\/v2\/pages\/28429","targetHints":{"allow":["GET"]}}],"collection":[{"href":"https:\/\/wiktorklyk.com\/pl\/wp-json\/wp\/v2\/pages"}],"about":[{"href":"https:\/\/wiktorklyk.com\/pl\/wp-json\/wp\/v2\/types\/page"}],"author":[{"embeddable":true,"href":"https:\/\/wiktorklyk.com\/pl\/wp-json\/wp\/v2\/users\/4"}],"replies":[{"embeddable":true,"href":"https:\/\/wiktorklyk.com\/pl\/wp-json\/wp\/v2\/comments?post=28429"}],"version-history":[{"count":0,"href":"https:\/\/wiktorklyk.com\/pl\/wp-json\/wp\/v2\/pages\/28429\/revisions"}],"up":[{"embeddable":true,"href":"https:\/\/wiktorklyk.com\/pl\/wp-json\/wp\/v2\/pages\/4110"}],"wp:attachment":[{"href":"https:\/\/wiktorklyk.com\/pl\/wp-json\/wp\/v2\/media?parent=28429"}],"curies":[{"name":"wp","href":"https:\/\/api.w.org\/{rel}","templated":true}]}}