{"id":4110,"date":"2023-01-18T22:30:52","date_gmt":"2023-01-18T21:30:03","guid":{"rendered":"https:\/\/wiktorklyk.com\/?page_id=4110"},"modified":"2026-04-23T21:00:52","modified_gmt":"2026-04-23T19:00:52","slug":"projekty","status":"publish","type":"page","link":"https:\/\/wiktorklyk.com\/pl\/","title":{"rendered":"Home"},"content":{"rendered":"\t\t<div data-elementor-type=\"wp-page\" data-elementor-id=\"4110\" class=\"elementor elementor-4110\" data-elementor-settings=\"{&quot;ha_cmc_init_switcher&quot;:&quot;no&quot;}\" data-elementor-post-type=\"page\">\n\t\t\t\t<div class=\"elementor-element elementor-element-0569645 e-con-full e-flex e-con e-parent\" data-id=\"0569645\" data-element_type=\"container\" data-e-type=\"container\" data-settings=\"{&quot;_ha_eqh_enable&quot;:false}\">\n\t\t<div class=\"elementor-element elementor-element-e9ea326 e-con-full u-inverted u-px--page e-flex e-con e-child\" data-id=\"e9ea326\" data-element_type=\"container\" data-e-type=\"container\" data-settings=\"{&quot;background_background&quot;:&quot;video&quot;,&quot;background_video_link&quot;:&quot;https:\\\/\\\/wiktorklyk.com\\\/wp-content\\\/uploads\\\/2026\\\/03\\\/processed_na-strone-www-16-9.mp4&quot;,&quot;background_play_on_mobile&quot;:&quot;yes&quot;,&quot;_ha_eqh_enable&quot;:false}\">\n\t\t<div class=\"elementor-background-video-container\">\n\t\t\t\t\t\t\t<video class=\"elementor-background-video-hosted\" role=\"presentation\" autoplay muted playsinline loop><\/video>\n\t\t\t\t\t<\/div><div class=\"elementor-element elementor-element-756ae95 e-con-full e-flex e-con e-child\" data-id=\"756ae95\" data-element_type=\"container\" data-e-type=\"container\" data-settings=\"{&quot;_ha_eqh_enable&quot;:false}\">\n\t\t\t\t<div class=\"elementor-element elementor-element-3915254 u-pb-4-4 elementor-widget elementor-widget-image\" data-id=\"3915254\" data-element_type=\"widget\" data-e-type=\"widget\" data-settings=\"{&quot;_animation_widescreen&quot;:&quot;fadeIn&quot;,&quot;_animation&quot;:&quot;none&quot;}\" data-widget_type=\"image.default\">\n\t\t\t\t<div class=\"elementor-widget-container\">\n\t\t\t\t\t\t\t\t\t\t\t\t\t\t\t<img fetchpriority=\"high\" decoding=\"async\" width=\"1630\" height=\"394\" src=\"https:\/\/wiktorklyk.com\/wp-content\/uploads\/2026\/04\/klyk-logo-white.svg\" class=\"attachment-full size-full wp-image-27917\" alt=\"\" loading=\"eager\" \/>\t\t\t\t\t\t\t\t\t\t\t\t\t\t\t<\/div>\n\t\t\t\t<\/div>\n\t\t\t\t<div class=\"elementor-element elementor-element-fb56dfa fx-splittext-line elementor-widget elementor-widget-shortcode\" data-id=\"fb56dfa\" data-element_type=\"widget\" data-e-type=\"widget\" data-widget_type=\"shortcode.default\">\n\t\t\t\t<div class=\"elementor-widget-container\">\n\t\t\t\t\t\t\t<div class=\"elementor-shortcode\">\n<div role=\"navigation\" aria-label=\"Prze\u0142\u0105cznik j\u0119zyka\" class=\"wpml-ls-statics-shortcode_actions wpml-ls wpml-ls-legacy-list-horizontal\">\n\t<ul><li class=\"wpml-ls-slot-shortcode_actions wpml-ls-item wpml-ls-item-pl wpml-ls-current-language wpml-ls-first-item wpml-ls-item-legacy-list-horizontal\">\n\t\t\t\t<a href=\"https:\/\/wiktorklyk.com\/pl\/\" hreflang=\"pl\" lang=\"pl\" class=\"wpml-ls-link\" aria-current=\"page\" aria-label=\"Prze\u0142\u0105cz na Polski\" title=\"Prze\u0142\u0105cz na Polski\">\n\t\t\t\t\t<span class=\"wpml-ls-native\">Polski<\/span><\/a>\n\t\t\t<\/li><li class=\"wpml-ls-slot-shortcode_actions wpml-ls-item wpml-ls-item-en wpml-ls-last-item wpml-ls-item-legacy-list-horizontal\">\n\t\t\t\t<a href=\"https:\/\/wiktorklyk.com\/en\/\" hreflang=\"en\" lang=\"en\" class=\"wpml-ls-link\" aria-label=\"Prze\u0142\u0105cz na English\" title=\"Prze\u0142\u0105cz na English\">\n\t\t\t\t\t<span class=\"wpml-ls-native\">English<\/span><\/a>\n\t\t\t<\/li><\/ul>\n<\/div>\n<\/div>\n\t\t\t\t\t\t<\/div>\n\t\t\t\t<\/div>\n\t\t<div class=\"elementor-element elementor-element-a1f141e e-con-full u-pb-4-4 e-flex e-con e-child\" data-id=\"a1f141e\" data-element_type=\"container\" data-e-type=\"container\" data-settings=\"{&quot;_ha_eqh_enable&quot;:false}\">\n\t\t\t\t<div class=\"elementor-element elementor-element-277850c  u-pt-0--heading   fx-splittext-line elementor-widget elementor-widget-heading\" data-id=\"277850c\" data-element_type=\"widget\" data-e-type=\"widget\" data-widget_type=\"heading.default\">\n\t\t\t\t<div class=\"elementor-widget-container\">\n\t\t\t\t\t<p class=\"elementor-heading-title elementor-size-medium\"><a href=\"#duzeogrody\">Ogrody<\/a><\/p>\t\t\t\t<\/div>\n\t\t\t\t<\/div>\n\t\t\t\t<div class=\"elementor-element elementor-element-45e3e80  u-pt-0--heading   fx-splittext-line elementor-widget elementor-widget-heading\" data-id=\"45e3e80\" data-element_type=\"widget\" data-e-type=\"widget\" data-widget_type=\"heading.default\">\n\t\t\t\t<div class=\"elementor-widget-container\">\n\t\t\t\t\t<p class=\"elementor-heading-title elementor-size-medium\"><a href=\"https:\/\/wiktorklyk.com\/pl\/biuro\/\">Biuro<\/a><\/p>\t\t\t\t<\/div>\n\t\t\t\t<\/div>\n\t\t\t\t<div class=\"elementor-element elementor-element-71639f9  u-pt-0--heading   fx-splittext-line elementor-widget elementor-widget-heading\" data-id=\"71639f9\" data-element_type=\"widget\" data-e-type=\"widget\" data-widget_type=\"heading.default\">\n\t\t\t\t<div class=\"elementor-widget-container\">\n\t\t\t\t\t<p class=\"elementor-heading-title elementor-size-medium\"><a href=\"#elementor-action%3Aaction%3Dpopup%3Aopen%26settings%3DeyJpZCI6NDg1MSwidG9nZ2xlIjpmYWxzZX0%3D\">Kontakt<\/a><\/p>\t\t\t\t<\/div>\n\t\t\t\t<\/div>\n\t\t\t\t<div class=\"elementor-element elementor-element-ea9db03  u-pt-0--heading   fx-splittext-line elementor-widget elementor-widget-heading\" data-id=\"ea9db03\" data-element_type=\"widget\" data-e-type=\"widget\" data-widget_type=\"heading.default\">\n\t\t\t\t<div class=\"elementor-widget-container\">\n\t\t\t\t\t<p class=\"elementor-heading-title elementor-size-medium\"><a href=\"https:\/\/wiktorklyk.com\/pl\/blog\/\">Blog<\/a><\/p>\t\t\t\t<\/div>\n\t\t\t\t<\/div>\n\t\t\t\t<div class=\"elementor-element elementor-element-e71cd10  u-pt-0--heading   fx-splittext-line elementor-widget elementor-widget-heading\" data-id=\"e71cd10\" data-element_type=\"widget\" data-e-type=\"widget\" data-widget_type=\"heading.default\">\n\t\t\t\t<div class=\"elementor-widget-container\">\n\t\t\t\t\t<p class=\"elementor-heading-title elementor-size-medium\"><a href=\"https:\/\/wiktorklyk.com\/pl\/formularz\/\">Formularz<\/a><\/p>\t\t\t\t<\/div>\n\t\t\t\t<\/div>\n\t\t\t\t<\/div>\n\t\t\t\t<\/div>\n\t\t<div class=\"elementor-element elementor-element-05e6d1f e-con-full e-flex e-con e-child\" data-id=\"05e6d1f\" data-element_type=\"container\" data-e-type=\"container\" data-settings=\"{&quot;_ha_eqh_enable&quot;:false}\">\n\t\t\t\t<div class=\"elementor-element elementor-element-577a2ec u-pt-0-1 u-pb-3-3  fx-splittext-line elementor-widget elementor-widget-heading\" data-id=\"577a2ec\" data-element_type=\"widget\" data-e-type=\"widget\" data-widget_type=\"heading.default\">\n\t\t\t\t<div class=\"elementor-widget-container\">\n\t\t\t\t\t<h1 class=\"elementor-heading-title elementor-size-xxl\">Projektujemy ogrody premium dla wsp\u00f3\u0142czesnej architektury<\/h1>\t\t\t\t<\/div>\n\t\t\t\t<\/div>\n\t\t\t\t<div class=\"elementor-element elementor-element-9196851 elementor-widget elementor-widget-button\" data-id=\"9196851\" data-element_type=\"widget\" data-e-type=\"widget\" data-widget_type=\"button.default\">\n\t\t\t\t<div class=\"elementor-widget-container\">\n\t\t\t\t\t\t\t\t\t<div class=\"elementor-button-wrapper\">\n\t\t\t\t\t<a class=\"elementor-button elementor-button-link elementor-size-sm\" href=\"https:\/\/wiktorklyk.com\/pl\/formularz\/\">\n\t\t\t\t\t\t<span class=\"elementor-button-content-wrapper\">\n\t\t\t\t\t\t\t\t\t<span class=\"elementor-button-text\">Zaprojektujemy Tw\u00f3j ogr\u00f3d<\/span>\n\t\t\t\t\t<\/span>\n\t\t\t\t\t<\/a>\n\t\t\t\t<\/div>\n\t\t\t\t\t\t\t\t<\/div>\n\t\t\t\t<\/div>\n\t\t\t\t<\/div>\n\t\t\t\t<\/div>\n\t\t\t\t<\/div>\n\t\t<div class=\"elementor-element elementor-element-989479a e-con-full  u-px--page e-flex e-con e-parent\" data-id=\"989479a\" data-element_type=\"container\" data-e-type=\"container\" data-settings=\"{&quot;_ha_eqh_enable&quot;:false}\">\n\t\t\t\t<div class=\"elementor-element elementor-element-e2da10e fx-menu-sticky u-pt-2-2 u-pb-3-3 elementor-widget elementor-widget-heading\" data-id=\"e2da10e\" data-element_type=\"widget\" data-e-type=\"widget\" data-widget_type=\"heading.default\">\n\t\t\t\t<div class=\"elementor-widget-container\">\n\t\t\t\t\t<p class=\"elementor-heading-title elementor-size-small\"><a href=\"#elementor-action%3Aaction%3Dpopup%3Aopen%26settings%3DeyJpZCI6MjQ4LCJ0b2dnbGUiOmZhbHNlfQ%3D%3D\">MENU<\/a><\/p>\t\t\t\t<\/div>\n\t\t\t\t<\/div>\n\t\t\t\t<\/div>\n\t\t<div class=\"elementor-element elementor-element-f16384e e-con-full  u-px--page u-pt-4-5 u-pb-3-4 c-project-section e-flex e-con e-parent\" data-id=\"f16384e\" data-element_type=\"container\" data-e-type=\"container\" data-settings=\"{&quot;_ha_eqh_enable&quot;:false}\">\n\t\t<div class=\"elementor-element elementor-element-361d1a4 e-con-full e-flex e-con e-child\" data-id=\"361d1a4\" data-element_type=\"container\" data-e-type=\"container\" data-settings=\"{&quot;_ha_eqh_enable&quot;:false}\">\n\t\t\t\t<div class=\"elementor-element elementor-element-f2085f3 elementor-widget elementor-widget-image\" data-id=\"f2085f3\" data-element_type=\"widget\" data-e-type=\"widget\" data-widget_type=\"image.default\">\n\t\t\t\t<div class=\"elementor-widget-container\">\n\t\t\t\t\t\t\t\t\t\t\t\t\t\t\t\t<a href=\"https:\/\/wiktorklyk.com\/pl\/projekty\/jezioro-como\/\">\n\t\t\t\t\t\t\t<img decoding=\"async\" width=\"1638\" height=\"2048\" src=\"https:\/\/wiktorklyk.com\/wp-content\/uploads\/2026\/03\/bez-nazwy-1-z-1-40.jpg\" class=\"attachment-full size-full wp-image-27813\" alt=\"\" loading=\"eager\" \/>\t\t\t\t\t\t\t\t<\/a>\n\t\t\t\t\t\t\t\t\t\t\t\t\t\t\t<\/div>\n\t\t\t\t<\/div>\n\t\t\t\t<div class=\"elementor-element elementor-element-708bb71 description u-pt-2-1 u-pb-3-3 u-pt-0--heading   elementor-widget elementor-widget-heading\" data-id=\"708bb71\" data-element_type=\"widget\" data-e-type=\"widget\" data-widget_type=\"heading.default\">\n\t\t\t\t<div class=\"elementor-widget-container\">\n\t\t\t\t\t<p class=\"elementor-heading-title elementor-size-medium\">Jezioro Como<\/p>\t\t\t\t<\/div>\n\t\t\t\t<\/div>\n\t\t\t\t<\/div>\n\t\t<div class=\"elementor-element elementor-element-ce7a1e4 e-con-full u-pt-0-9    e-flex e-con e-child\" data-id=\"ce7a1e4\" data-element_type=\"container\" data-e-type=\"container\" data-settings=\"{&quot;_ha_eqh_enable&quot;:false}\">\n\t\t\t\t<div class=\"elementor-element elementor-element-80ea50c u-pb-2-3 u-pt-0--heading fx-splittext-line elementor-widget elementor-widget-heading\" data-id=\"80ea50c\" data-element_type=\"widget\" data-e-type=\"widget\" data-widget_type=\"heading.default\">\n\t\t\t\t<div class=\"elementor-widget-container\">\n\t\t\t\t\t<h2 class=\"elementor-heading-title elementor-size-large\">Nasza misja<\/h2>\t\t\t\t<\/div>\n\t\t\t\t<\/div>\n\t\t<div class=\"elementor-element elementor-element-223eee8 e-con-full fx-splittext-line e-flex e-con e-child\" data-id=\"223eee8\" data-element_type=\"container\" data-e-type=\"container\" data-settings=\"{&quot;_ha_eqh_enable&quot;:false}\">\n\t\t\t\t<div class=\"elementor-element elementor-element-e21c1b7 u-pb-3-6 u-pt-0--heading elementor-widget elementor-widget-heading\" data-id=\"e21c1b7\" data-element_type=\"widget\" data-e-type=\"widget\" data-widget_type=\"heading.default\">\n\t\t\t\t<div class=\"elementor-widget-container\">\n\t\t\t\t\t<p class=\"elementor-heading-title elementor-size-default\">Odpowiadaj\u0105c na Twoje potrzeby, tworzymy ogrody, kt\u00f3re s\u0105 dopasowane do sposobu \u017cycia.\nOsobiste oazy spokoju i komfortu, kt\u00f3re zbli\u017caj\u0105 Ciebie i Twoich bliskich do natury.<\/p>\t\t\t\t<\/div>\n\t\t\t\t<\/div>\n\t\t\t\t<\/div>\n\t\t\t\t<div class=\"elementor-element elementor-element-4f1c5e5 elementor-widget elementor-widget-image\" data-id=\"4f1c5e5\" data-element_type=\"widget\" data-e-type=\"widget\" data-widget_type=\"image.default\">\n\t\t\t\t<div class=\"elementor-widget-container\">\n\t\t\t\t\t\t\t\t\t\t\t\t\t\t\t\t<a href=\"https:\/\/wiktorklyk.com\/pl\/projekty\/gorskie-spa\/\">\n\t\t\t\t\t\t\t<img decoding=\"async\" width=\"1650\" height=\"2048\" src=\"https:\/\/wiktorklyk.com\/wp-content\/uploads\/2026\/03\/gorskie-spa.jpg\" class=\"attachment-full size-full wp-image-27818\" alt=\"\" loading=\"eager\" \/>\t\t\t\t\t\t\t\t<\/a>\n\t\t\t\t\t\t\t\t\t\t\t\t\t\t\t<\/div>\n\t\t\t\t<\/div>\n\t\t\t\t<div class=\"elementor-element elementor-element-40dae74 description u-pt-2-1 u-pb-3-3 u-pt-0--heading   elementor-widget elementor-widget-heading\" data-id=\"40dae74\" data-element_type=\"widget\" data-e-type=\"widget\" data-widget_type=\"heading.default\">\n\t\t\t\t<div class=\"elementor-widget-container\">\n\t\t\t\t\t<p class=\"elementor-heading-title elementor-size-medium\">G\u00f3rskie spa<\/p>\t\t\t\t<\/div>\n\t\t\t\t<\/div>\n\t\t\t\t<\/div>\n\t\t\t\t<\/div>\n\t\t<div class=\"elementor-element elementor-element-f381c5e e-con-full  u-px--page  u-pb-3-4 c-project-section e-flex e-con e-parent\" data-id=\"f381c5e\" data-element_type=\"container\" data-e-type=\"container\" data-settings=\"{&quot;_ha_eqh_enable&quot;:false}\">\n\t\t<div class=\"elementor-element elementor-element-422fc6d e-con-full u-pt-0-7 e-flex e-con e-child\" data-id=\"422fc6d\" data-element_type=\"container\" data-e-type=\"container\" data-settings=\"{&quot;_ha_eqh_enable&quot;:false}\">\n\t\t<div class=\"elementor-element elementor-element-86f0d9f e-con-full  fx-splittext-line e-flex e-con e-child\" data-id=\"86f0d9f\" data-element_type=\"container\" data-e-type=\"container\" data-settings=\"{&quot;_ha_eqh_enable&quot;:false}\">\n\t\t\t\t<div class=\"elementor-element elementor-element-06a62eb u-pt-0-8 u-pb-2-3 u-pt-0--heading    elementor-widget elementor-widget-heading\" data-id=\"06a62eb\" data-element_type=\"widget\" data-e-type=\"widget\" data-widget_type=\"heading.default\">\n\t\t\t\t<div class=\"elementor-widget-container\">\n\t\t\t\t\t<h2 class=\"elementor-heading-title elementor-size-large\">Zrozumie\u0107 Twoje potrzeby<\/h2>\t\t\t\t<\/div>\n\t\t\t\t<\/div>\n\t\t\t\t<div class=\"elementor-element elementor-element-fd86dc9 u-pb-3-6 u-pt-0--heading   fx-splittext-line elementor-widget elementor-widget-heading\" data-id=\"fd86dc9\" data-element_type=\"widget\" data-e-type=\"widget\" data-widget_type=\"heading.default\">\n\t\t\t\t<div class=\"elementor-widget-container\">\n\t\t\t\t\t<p class=\"elementor-heading-title elementor-size-default\">Zaczynamy od Ciebie. Poznajemy Tw\u00f3j styl \u017cycia i marzenia. Tworzymy wyj\u0105tkowe miejsce, b\u0119d\u0105ce przed\u0142u\u017ceniem Twojego domu.\n<\/p>\t\t\t\t<\/div>\n\t\t\t\t<\/div>\n\t\t\t\t<\/div>\n\t\t\t\t<div class=\"elementor-element elementor-element-547f44e elementor-widget elementor-widget-image\" data-id=\"547f44e\" data-element_type=\"widget\" data-e-type=\"widget\" data-widget_type=\"image.default\">\n\t\t\t\t<div class=\"elementor-widget-container\">\n\t\t\t\t\t\t\t\t\t\t\t\t\t\t\t\t<a href=\"https:\/\/wiktorklyk.com\/pl\/projekty\/rodzinny-ogrod\/\">\n\t\t\t\t\t\t\t<img decoding=\"async\" width=\"1638\" height=\"2048\" src=\"https:\/\/wiktorklyk.com\/wp-content\/uploads\/2026\/03\/bez-nazwy-1-z-1-39.jpg\" class=\"attachment-full size-full wp-image-27811\" alt=\"\" loading=\"eager\" \/>\t\t\t\t\t\t\t\t<\/a>\n\t\t\t\t\t\t\t\t\t\t\t\t\t\t\t<\/div>\n\t\t\t\t<\/div>\n\t\t<div class=\"elementor-element elementor-element-7951807 e-con-full e-flex e-con e-child\" data-id=\"7951807\" data-element_type=\"container\" data-e-type=\"container\" data-settings=\"{&quot;_ha_eqh_enable&quot;:false}\">\n\t\t\t\t<div class=\"elementor-element elementor-element-88d580f description u-pt-2-1 u-pb-3-3 u-pt-0--heading   elementor-widget elementor-widget-heading\" data-id=\"88d580f\" data-element_type=\"widget\" data-e-type=\"widget\" data-widget_type=\"heading.default\">\n\t\t\t\t<div class=\"elementor-widget-container\">\n\t\t\t\t\t<p class=\"elementor-heading-title elementor-size-medium\">Le\u015bny Dom<\/p>\t\t\t\t<\/div>\n\t\t\t\t<\/div>\n\t\t\t\t<\/div>\n\t\t\t\t<\/div>\n\t\t<div class=\"elementor-element elementor-element-78a977f e-con-full u-pt-0-9 e-flex e-con e-child\" data-id=\"78a977f\" data-element_type=\"container\" data-e-type=\"container\" data-settings=\"{&quot;_ha_eqh_enable&quot;:false}\">\n\t\t\t\t<div class=\"elementor-element elementor-element-4111a6e elementor-widget elementor-widget-image\" data-id=\"4111a6e\" data-element_type=\"widget\" data-e-type=\"widget\" data-widget_type=\"image.default\">\n\t\t\t\t<div class=\"elementor-widget-container\">\n\t\t\t\t\t\t\t\t\t\t\t\t\t\t\t\t<a href=\"https:\/\/wiktorklyk.com\/pl\/projekty\/lesna-wyspa\/\">\n\t\t\t\t\t\t\t<img decoding=\"async\" width=\"1638\" height=\"2048\" src=\"https:\/\/wiktorklyk.com\/wp-content\/uploads\/2026\/03\/bez-nazwy-1-z-1-41.jpg\" class=\"attachment-full size-full wp-image-27828\" alt=\"\" loading=\"eager\" \/>\t\t\t\t\t\t\t\t<\/a>\n\t\t\t\t\t\t\t\t\t\t\t\t\t\t\t<\/div>\n\t\t\t\t<\/div>\n\t\t\t\t<div data-ha-element-link=\"{&quot;url&quot;:&quot;#elementor-action%3Aaction%3Dpopup%3Aopen%26settings%3DeyJpZCI6IjIzNzM2IiwidG9nZ2xlIjpmYWxzZX0%3D&quot;,&quot;is_external&quot;:&quot;&quot;,&quot;nofollow&quot;:&quot;&quot;}\" style=\"cursor: pointer\" class=\"elementor-element elementor-element-edc0a5c description u-pt-2-1 u-pb-3-3 u-pt-0--heading   elementor-widget elementor-widget-heading\" data-id=\"edc0a5c\" data-element_type=\"widget\" data-e-type=\"widget\" data-widget_type=\"heading.default\">\n\t\t\t\t<div class=\"elementor-widget-container\">\n\t\t\t\t\t<p class=\"elementor-heading-title elementor-size-medium\">le\u015bna wyspa<\/p>\t\t\t\t<\/div>\n\t\t\t\t<\/div>\n\t\t\t\t<\/div>\n\t\t\t\t<\/div>\n\t\t<div class=\"elementor-element elementor-element-413716c e-con-full  u-px--page  u-pb-3-8 c-project-section e-flex e-con e-parent\" data-id=\"413716c\" data-element_type=\"container\" data-e-type=\"container\" data-settings=\"{&quot;_ha_eqh_enable&quot;:false}\">\n\t\t<div class=\"elementor-element elementor-element-b168ae6 e-con-full e-flex e-con e-child\" data-id=\"b168ae6\" data-element_type=\"container\" data-e-type=\"container\" data-settings=\"{&quot;_ha_eqh_enable&quot;:false}\">\n\t\t\t\t<div class=\"elementor-element elementor-element-4390cb6 u-pt-0-9 elementor-widget elementor-widget-image\" data-id=\"4390cb6\" data-element_type=\"widget\" data-e-type=\"widget\" data-widget_type=\"image.default\">\n\t\t\t\t<div class=\"elementor-widget-container\">\n\t\t\t\t\t\t\t\t\t\t\t\t\t\t\t\t<a href=\"https:\/\/wiktorklyk.com\/pl\/projekty\/cascais\/\">\n\t\t\t\t\t\t\t<img decoding=\"async\" width=\"1638\" height=\"2048\" src=\"https:\/\/wiktorklyk.com\/wp-content\/uploads\/2026\/03\/cascais-garden.jpg\" class=\"attachment-full size-full wp-image-27806\" alt=\"\" loading=\"eager\" \/>\t\t\t\t\t\t\t\t<\/a>\n\t\t\t\t\t\t\t\t\t\t\t\t\t\t\t<\/div>\n\t\t\t\t<\/div>\n\t\t\t\t<div class=\"elementor-element elementor-element-dd567e8 description u-pt-2-1 u-pb-3-3 u-pt-0--heading   elementor-widget elementor-widget-heading\" data-id=\"dd567e8\" data-element_type=\"widget\" data-e-type=\"widget\" data-widget_type=\"heading.default\">\n\t\t\t\t<div class=\"elementor-widget-container\">\n\t\t\t\t\t<p class=\"elementor-heading-title elementor-size-medium\">Cascais<\/p>\t\t\t\t<\/div>\n\t\t\t\t<\/div>\n\t\t\t\t<\/div>\n\t\t<div class=\"elementor-element elementor-element-0c880d8 e-con-full u-pt-0-9 e-flex e-con e-child\" data-id=\"0c880d8\" data-element_type=\"container\" data-e-type=\"container\" data-settings=\"{&quot;_ha_eqh_enable&quot;:false}\">\n\t\t\t\t<div class=\"elementor-element elementor-element-b4b8e46 u-pt-0-8 u-pb-2-3 u-pt-0--heading fx-splittext-line   elementor-widget elementor-widget-heading\" data-id=\"b4b8e46\" data-element_type=\"widget\" data-e-type=\"widget\" data-widget_type=\"heading.default\">\n\t\t\t\t<div class=\"elementor-widget-container\">\n\t\t\t\t\t<h2 class=\"elementor-heading-title elementor-size-large\">Tw\u00f3j luksus<\/h2>\t\t\t\t<\/div>\n\t\t\t\t<\/div>\n\t\t<div class=\"elementor-element elementor-element-22bf173 e-con-full e-flex e-con e-child\" data-id=\"22bf173\" data-element_type=\"container\" data-e-type=\"container\" data-settings=\"{&quot;_ha_eqh_enable&quot;:false}\">\n\t\t\t\t<div class=\"elementor-element elementor-element-d2a0848 u-pb-3-6 u-pt-0--heading   fx-splittext-line elementor-widget elementor-widget-heading\" data-id=\"d2a0848\" data-element_type=\"widget\" data-e-type=\"widget\" data-widget_type=\"heading.default\">\n\t\t\t\t<div class=\"elementor-widget-container\">\n\t\t\t\t\t<p class=\"elementor-heading-title elementor-size-default\">Luksus definiujemy jako idealne po\u0142\u0105czenie designu i natury. \u0141\u0105czymy architektur\u0119 z otoczeniem, stosuj\u0105c najlepsze materia\u0142y i dbaj\u0105c o ka\u017cdy detal.<\/p>\t\t\t\t<\/div>\n\t\t\t\t<\/div>\n\t\t\t\t<\/div>\n\t\t\t\t<div class=\"elementor-element elementor-element-86ff04e elementor-widget elementor-widget-image\" data-id=\"86ff04e\" data-element_type=\"widget\" data-e-type=\"widget\" data-widget_type=\"image.default\">\n\t\t\t\t<div class=\"elementor-widget-container\">\n\t\t\t\t\t\t\t\t\t\t\t\t\t\t\t\t<a href=\"https:\/\/wiktorklyk.com\/pl\/projekty\/ogrod-szescianow\/\">\n\t\t\t\t\t\t\t<img decoding=\"async\" width=\"1707\" height=\"2048\" src=\"https:\/\/wiktorklyk.com\/wp-content\/uploads\/2026\/03\/nowoczesny-ogrod.jpg\" class=\"attachment-full size-full wp-image-27805\" alt=\"\" loading=\"eager\" \/>\t\t\t\t\t\t\t\t<\/a>\n\t\t\t\t\t\t\t\t\t\t\t\t\t\t\t<\/div>\n\t\t\t\t<\/div>\n\t\t\t\t<div class=\"elementor-element elementor-element-ad4983f description u-pt-2-1 u-pb-3-3 u-pt-0--heading   elementor-widget elementor-widget-heading\" data-id=\"ad4983f\" data-element_type=\"widget\" data-e-type=\"widget\" data-widget_type=\"heading.default\">\n\t\t\t\t<div class=\"elementor-widget-container\">\n\t\t\t\t\t<p class=\"elementor-heading-title elementor-size-medium\">Ogr\u00f3d sze\u015bcian\u00f3w<\/p>\t\t\t\t<\/div>\n\t\t\t\t<\/div>\n\t\t\t\t<\/div>\n\t\t\t\t<\/div>\n\t\t\t\t<\/div>\n\t\t","protected":false},"excerpt":{"rendered":"<p>Ogrody Biuro Kontakt Blog Formularz Projektujemy ogrody premium dla wsp\u00f3\u0142czesnej architektury Zaprojektujemy Tw\u00f3j ogr\u00f3d MENU Jezioro Como Nasza misja Odpowiadaj\u0105c na Twoje potrzeby, tworzymy ogrody, kt\u00f3re s\u0105 dopasowane do sposobu \u017cycia. Osobiste oazy spokoju i komfortu, kt\u00f3re zbli\u017caj\u0105 Ciebie i Twoich bliskich do natury. G\u00f3rskie spa Zrozumie\u0107 Twoje potrzeby Zaczynamy od Ciebie. Poznajemy Tw\u00f3j styl [&hellip;]<\/p>\n","protected":false},"author":1,"featured_media":0,"parent":0,"menu_order":0,"comment_status":"closed","ping_status":"closed","template":"","meta":{"footnotes":""},"class_list":["post-4110","page","type-page","status-publish","hentry"],"_links":{"self":[{"href":"https:\/\/wiktorklyk.com\/pl\/wp-json\/wp\/v2\/pages\/4110","targetHints":{"allow":["GET"]}}],"collection":[{"href":"https:\/\/wiktorklyk.com\/pl\/wp-json\/wp\/v2\/pages"}],"about":[{"href":"https:\/\/wiktorklyk.com\/pl\/wp-json\/wp\/v2\/types\/page"}],"author":[{"embeddable":true,"href":"https:\/\/wiktorklyk.com\/pl\/wp-json\/wp\/v2\/users\/1"}],"replies":[{"embeddable":true,"href":"https:\/\/wiktorklyk.com\/pl\/wp-json\/wp\/v2\/comments?post=4110"}],"version-history":[{"count":10,"href":"https:\/\/wiktorklyk.com\/pl\/wp-json\/wp\/v2\/pages\/4110\/revisions"}],"predecessor-version":[{"id":28235,"href":"https:\/\/wiktorklyk.com\/pl\/wp-json\/wp\/v2\/pages\/4110\/revisions\/28235"}],"wp:attachment":[{"href":"https:\/\/wiktorklyk.com\/pl\/wp-json\/wp\/v2\/media?parent=4110"}],"curies":[{"name":"wp","href":"https:\/\/api.w.org\/{rel}","templated":true}]}}