{"id":4896,"date":"2023-02-15T18:29:29","date_gmt":"2023-02-15T17:29:11","guid":{"rendered":"https:\/\/wiktorklyk.com\/polityka-prywatnosci-2\/"},"modified":"2025-06-21T20:31:56","modified_gmt":"2025-06-21T18:31:56","slug":"webdesign","status":"publish","type":"page","link":"https:\/\/wiktorklyk.com\/pl\/webdesign\/","title":{"rendered":"Webdesign"},"content":{"rendered":"\t\t<div data-elementor-type=\"wp-page\" data-elementor-id=\"4896\" class=\"elementor elementor-4896\" data-elementor-settings=\"{&quot;ha_cmc_init_switcher&quot;:&quot;no&quot;}\" data-elementor-post-type=\"page\">\n\t\t\t\t<div class=\"elementor-element elementor-element-789eb90 u-px--page u-pt--page u-pb-5-5 u-min-height--100vh  e-con-full e-flex e-con e-parent\" data-id=\"789eb90\" data-element_type=\"container\" data-e-type=\"container\" data-settings=\"{&quot;_ha_eqh_enable&quot;:false}\">\n\t\t\t\t<div class=\"elementor-element elementor-element-ce16ea9  u-pt-5-5 elementor-widget elementor-widget-heading\" data-id=\"ce16ea9\" data-element_type=\"widget\" data-e-type=\"widget\" data-widget_type=\"heading.default\">\n\t\t\t\t<div class=\"elementor-widget-container\">\n\t\t\t\t\t<h1 class=\"elementor-heading-title elementor-size-xxl\">Brandfeld<\/h1>\t\t\t\t<\/div>\n\t\t\t\t<\/div>\n\t\t<div class=\"elementor-element elementor-element-c1682da e-con-full e-flex e-con e-child\" data-id=\"c1682da\" data-element_type=\"container\" data-e-type=\"container\" data-settings=\"{&quot;_ha_eqh_enable&quot;:false}\">\n\t\t\t\t<div class=\"elementor-element elementor-element-d0fcf72 elementor-widget elementor-widget-text-editor\" data-id=\"d0fcf72\" data-element_type=\"widget\" data-e-type=\"widget\" data-widget_type=\"text-editor.default\">\n\t\t\t\t<div class=\"elementor-widget-container\">\n\t\t\t\t\t\t\t\t\t<p>Ta strona internetowa zosta\u0142a stworzona z wielk\u0105 dba\u0142o\u015bci\u0105 o szczeg\u00f3\u0142y i wieloma technicznymi udoskonaleniami przez Brandfeld. Brandfeld programuje i utrzymuje nowoczesne i technicznie zaawansowane strony korporacyjne, portfolia, blogi, one-pagery i inne rozwi\u0105zania internetowe. Na pytania dotycz\u0105ce oferty odpowiada sam operator strony. Adres internetowy to <a href=\"http:\/\/brandfeld.com\" target=\"_blank\" rel=\"noopener noreferrer nofollow\">brandfeld.com<\/a>, a tutaj jest nasz <a href=\"http:\/\/instagram.com\/brandfeld.studio\" target=\"_blank\" rel=\"noopener noreferrer nofollow\">Instagram<\/a>.<\/p>\t\t\t\t\t\t\t\t<\/div>\n\t\t\t\t<\/div>\n\t\t\t\t<\/div>\n\t\t\t\t<\/div>\n\t\t\t\t<\/div>\n\t\t","protected":false},"excerpt":{"rendered":"<p>Brandfeld Ta strona internetowa zosta\u0142a stworzona z wielk\u0105 dba\u0142o\u015bci\u0105 o szczeg\u00f3\u0142y i wieloma technicznymi udoskonaleniami przez Brandfeld. Brandfeld programuje i utrzymuje nowoczesne i technicznie zaawansowane strony korporacyjne, portfolia, blogi, one-pagery i inne rozwi\u0105zania internetowe. Na pytania dotycz\u0105ce oferty odpowiada sam operator strony. Adres internetowy to brandfeld.com, a tutaj jest nasz Instagram.<\/p>\n","protected":false},"author":3,"featured_media":0,"parent":0,"menu_order":5,"comment_status":"closed","ping_status":"open","template":"","meta":{"footnotes":""},"class_list":["post-4896","page","type-page","status-publish","hentry"],"_links":{"self":[{"href":"https:\/\/wiktorklyk.com\/pl\/wp-json\/wp\/v2\/pages\/4896","targetHints":{"allow":["GET"]}}],"collection":[{"href":"https:\/\/wiktorklyk.com\/pl\/wp-json\/wp\/v2\/pages"}],"about":[{"href":"https:\/\/wiktorklyk.com\/pl\/wp-json\/wp\/v2\/types\/page"}],"author":[{"embeddable":true,"href":"https:\/\/wiktorklyk.com\/pl\/wp-json\/wp\/v2\/users\/3"}],"replies":[{"embeddable":true,"href":"https:\/\/wiktorklyk.com\/pl\/wp-json\/wp\/v2\/comments?post=4896"}],"version-history":[{"count":16,"href":"https:\/\/wiktorklyk.com\/pl\/wp-json\/wp\/v2\/pages\/4896\/revisions"}],"predecessor-version":[{"id":25354,"href":"https:\/\/wiktorklyk.com\/pl\/wp-json\/wp\/v2\/pages\/4896\/revisions\/25354"}],"wp:attachment":[{"href":"https:\/\/wiktorklyk.com\/pl\/wp-json\/wp\/v2\/media?parent=4896"}],"curies":[{"name":"wp","href":"https:\/\/api.w.org\/{rel}","templated":true}]}}